{"id":66427,"date":"2015-10-14T11:28:25","date_gmt":"2015-10-14T09:28:25","guid":{"rendered":"https:\/\/www.wschaefer.de\/informationspflicht\/"},"modified":"2024-01-19T08:42:40","modified_gmt":"2024-01-19T07:42:40","slug":"obowiazek-udzielenia-informacji","status":"publish","type":"page","link":"https:\/\/www.wschaefer.de\/pl\/obowiazek-udzielenia-informacji\/","title":{"rendered":"Obowi\u0105zek udzielenia informacji"},"content":{"rendered":"<h3>Obowi\u0105zek informowania wg art.\u00a013 RODO<\/h3>\n<p><strong>Podmiot odpowiedzialny za przetwarzanie danych wg art.\u00a013 ust.\u00a0(1) lit.\u00a0a)<\/strong><\/p>\n<p><strong>Nazwa firmy wg \u00a7\u00a017 ust.\u00a01 HGB wraz z\u00a0danymi kontaktowymi osoby odpowiedzialnej (GF)<\/strong><\/p>\n<p>Podmiot odpowiedzialny za przetwarzanie danych wg art. 13 ust. (1) lit. a)<\/p>\n<p>Nazwa firmy wg \u00a7 17 ust. 1 HGB wraz z danymi kontaktowymi osoby odpowiedzialnej (GF)<\/p>\n<p>Wilhelm Sch\u00e4fer GmbH<br \/>\nLise-Meitner-Stra\u00dfe 2<br \/>\nD-64646 Heppenheim<\/p>\n<p>Telefon: +49 (0) 6 252 93 81-0<br \/>\nFaks: +49 (0) 6 252 93 81-19<br \/>\nE-mail : <a href=\"mailto:info@wschaefer.de\">info@wschaefer.de<\/a><\/p>\n<p>Dyrektor zarz\u0105dzaj\u0105cy: Franz Beckmann<br \/>\nRejestr handlowy: S\u0105d Rejonowy Darmstadt HRB 101848<br \/>\nNr VAT-UE: DE293031934<\/p>\n<p><strong>Dane kontaktowe inspektora ochrony danych wg art. 13 ust. (1) lit. b) RODO<\/strong><\/p>\n<p>Helbig Datenschutz GmbH<br \/>\nMichaela Helbig<br \/>\nBergstra\u00dfe 11<br \/>\nD-91207 Lauf an der Pegnitz<\/p>\n<p style=\"text-align: left;\">Telefon: +49 (0) 9 12 37 02 75-10<br \/>\nE-mail: <a href=\"mailto:michaela.helbig@helbig-datenschutz.de\">michaela.helbig@helbig-datenschutz.de<\/a><\/p>\n<p><strong>Cele i podstawy prawne przetwarzania danych zgodnie z art. 13 ust. (1) lit. c) RODO<\/strong><\/p>\n<p>Dane osobowe s\u0105 przetwarzane w celu realizacji um\u00f3w lub podj\u0119cia dzia\u0142a\u0144 przed zawarciem umowy. Obejmuje to dane podstawowe klienta wraz z osobami kontaktowymi, a tak\u017ce histori\u0119 kontaktu, oferty, zam\u00f3wienia, faktury, dane projektowe i inne zobowi\u0105zania prawne osoby odpowiedzialnej.<\/p>\n<p>Podstaw\u0105 prawn\u0105 jest art. 6 RODO. Dalsze istotne podstawy prawne wynikaj\u0105 z Kodeksu handlowego, prawa podatkowego, ustawy o sp\u00f3\u0142kach o ograniczonej odpowiedzialno\u015bci (GmbH-Gesetz) i innych wymog\u00f3w ustawowych, kt\u00f3rym podlega Wilhelm Sch\u00e4fer GmbH. Nale\u017c\u0105 do nich tak\u017ce regulacje umowne. Przetwarzanie newsletter\u00f3w odbywa si\u0119 na podstawie zgody wyra\u017conej przez zainteresowan\u0105 osob\u0119.<\/p>\n<p><strong>Przetwarzanie ma na celu ochron\u0119 uzasadnionych interes\u00f3w osoby odpowiedzialnej lub osoby trzeciej zgodnie z art. 13 ust. (1) lit. d RODO.<\/strong><\/p>\n<p>O ile jest to wymagane, przetwarzamy dane u\u017cytkownika niezale\u017cnie odsamego wype\u0142niania postanowie\u0144 umowy w celu ochrony uzasadnionych interes\u00f3w naszych lub os\u00f3b trzecich.<\/p>\n<p>Obejmuj\u0105 one:<\/p>\n<ul>\n<li>Zarz\u0105dzanie sprzeda\u017c\u0105 i controlling sprzeda\u017cy<\/li>\n<li>Dochodzenie roszcze\u0144 prawnych i obrona w sporach prawnych<\/li>\n<li>Zapewnienie bezpiecze\u0144stwa IT i operacji IT<\/li>\n<li>Dzia\u0142ania zwi\u0105zane z prowadzeniem sp\u00f3\u0142ki i dalszym rozwojem<\/li>\n<\/ul>\n<p><strong>Kategorie odbiorc\u00f3w danych osobowych (przekazywanie danych) wed\u0142ug art. 13 ust. (1) lit. e RODO<\/strong><\/p>\n<p>Na terenie Niemiec, Unii Europejskiej i Europejskiego Obszaru Gospodarczego:<\/p>\n<p>audytorzy, komornicy i inni wierzyciele, a tak\u017ce inne agencje rz\u0105dowe w celu wype\u0142nienia obowi\u0105zk\u00f3w ustawowych i uzyskania wymaganych certyfikat\u00f3w, firmy logistyczne, klienci i dostawcy oraz inne agencje i partnerzy biznesowi.<\/p>\n<p><strong>Kraj trzeci, wobec kt\u00f3rego podj\u0119to decyzj\u0119 stwierdzaj\u0105c\u0105 odpowiedni poziom ochrony wg art. 13 ust. (1) lit. f RODO<\/strong><\/p>\n<p>W ramach mi\u0119dzynarodowych relacji biznesowych przekazywanie danych odbywa si\u0119 zgodnie z art. 6 ust. 1 lit. f RODO w celu realizacji um\u00f3w lub przeprowadzenia dzia\u0142a\u0144 przedumownych. W tym celu nie jest wymagana decyzja stwierdzaj\u0105ca odpowiedni poziom ochrony.<\/p>\n<p><strong>Okres przechowywania wg art. 13 ust. (2) lit. a<\/strong><\/p>\n<p>Odpowiednie cele wynikaj\u0105 z wymog\u00f3w ustawowych i z obowi\u0105zuj\u0105cych przepis\u00f3w bran\u017cowych. Dane osobowe s\u0105 usuwane po zrealizowaniu celu ich przetwarzania.<\/p>\n<p><strong>Prawa os\u00f3b zainteresowanych wg art. 13 ust. (2) lit. b<\/strong><\/p>\n<p>Z przys\u0142uguj\u0105cych praw mo\u017cna w dowolnym momencie skorzysta\u0107, u\u017cywaj\u0105c powy\u017cszych danych kontaktowych. Je\u017celi przetwarzane s\u0105 dane osobowe u\u017cytkownika, to jest on osob\u0105 zainteresowan\u0105 w rozumieniu RODO. Przys\u0142uguj\u0105 mu poni\u017csze prawa wobec podmiotu odpowiedzialnego.<\/p>\n<p><strong>Informacje o prawach os\u00f3b zainteresowanych<\/strong><\/p>\n<p>Osoba zainteresowana ma prawo za\u017c\u0105da\u0107 potwierdzenia od podmiotu odpowiedzialnego, czy przetwarzane s\u0105 dane osobowe jej dotycz\u0105ce; je\u015bli tak, to osoba zainteresowana ma prawo do uzyskania informacji o tych danych osobowych oraz informacji wyszczeg\u00f3lnionych w art. 15 RODO.<\/p>\n<p>Osoba zainteresowana ma prawo za\u017c\u0105da\u0107 od podmiotu odpowiedzialnego niezw\u0142ocznego poprawienia wszelkich niepoprawnych danych osobowych, kt\u00f3re jej dotycz\u0105 oraz w razie potrzeby uzupe\u0142nienia niekompletnych danych osobowych (art. 16 RODO).<\/p>\n<p>Osoba zainteresowana ma prawo za\u017c\u0105da\u0107, aby podmiot odpowiedzialny niezw\u0142ocznie usun\u0105\u0142 odpowiednie dane osobowe, pod warunkiem, \u017ce zastosowanie ma jeden z powod\u00f3w wymienionych w art. 17 RODO, np. je\u017celi dane nie s\u0105 ju\u017c wymagane do zamierzonych cel\u00f3w (prawo do usuni\u0119cia).<\/p>\n<p>Osoba zainteresowana ma prawo za\u017c\u0105da\u0107 od podmiotu odpowiedzialnego ograniczenia przetwarzania, je\u017celi spe\u0142niony jest jeden z warunk\u00f3w wymienionych w art. 18 RODO, np. je\u017celi osoba zainteresowana wyrazi\u0142a sprzeciw wobec przetwarzania na czas sprawdzenia przez podmiot odpowiedzialny.<\/p>\n<p>Osoba zainteresowana ma prawo w dowolnym momencie sprzeciwi\u0107 si\u0119 przetwarzaniu danych osobowych, kt\u00f3re jej dotycz\u0105, z przyczyn wynikaj\u0105cych z jej szczeg\u00f3lnej sytuacji. Podmiot odpowiedzialny nie b\u0119dzie ju\u017c przetwarza\u0107 danych osobowych, chyba \u017ce b\u0119dzie w stanie wykaza\u0107 istotne uzasadnione podstawy przetwarzania, kt\u00f3re przewy\u017cszaj\u0105 interesy, prawa i wolno\u015bci osoby zainteresowanej, lub przetwarzanie s\u0142u\u017cy dochodzeniu lub obronie roszcze\u0144 prawnych (art. 21 RODO).<\/p>\n<p><strong>Prawa os\u00f3b zainteresowanych wg art. 13 ust. (2) lit. c RODO<\/strong><\/p>\n<p>Je\u017celi wyra\u017cono zgod\u0119 na przetwarzanie danych osobowych w okre\u015blonych celach (np. przetwarzanie obraz\u00f3w), to zgodno\u015b\u0107 z prawem tego przetwarzania wynika z udzielonej zgody.<\/p>\n<p>Udzielon\u0105 zgod\u0119 mo\u017cna wycofa\u0107 w dowolnym momencie. Dotyczy to r\u00f3wnie\u017c wycofania zgody udzielonej nam przed wej\u015bciem w \u017cycie RODO, tj. przed 25 maja 2018 r.<\/p>\n<p>Nale\u017cy przy tym mie\u0107 na uwadze, \u017ce wycofanie ma skutek w przysz\u0142o\u015bci. Nie dotyczy ono przetwarzania danych, kt\u00f3re mia\u0142o miejsce przed tym wycofaniem.<\/p>\n<p><strong>Prawo do wniesienia skargi do organu nadzorczego wg art. 13 ust. (2) lit. d RODO<\/strong><\/p>\n<p>Bez uszczerbku dla wszelkich innych \u015brodk\u00f3w administracyjno-prawnych lub s\u0105dowych ka\u017cda osoba zainteresowana ma prawo wnie\u015b\u0107 skarg\u0119 do organu nadzorczego, je\u017celi osoba zainteresowana stwierdzi, \u017ce przetwarzanie jej danych osobowych narusza postanowienia RODO (art. 77 RODO). Osoba zainteresowana mo\u017ce skorzysta\u0107 z tego prawa, sk\u0142adaj\u0105c skarg\u0119 do organu nadzorczego w pa\u0144stwie cz\u0142onkowskim, w kt\u00f3rym znajduje si\u0119 jej miejsce zamieszkania, miejsce pracy lub miejsce domniemanego naruszenia.<\/p>\n<p>W Hesja organem nadzorczym jest:<\/p>\n<p>Pa\u0144stwowy komisarz ds. ochrony danych i wolno\u015bci informacji (Der Landesbeauftragte f\u00fcr den Datenschutz und die Informationsfreiheit)<\/p>\n<p>Prof. Dr. Alexander Ro\u00dfnagel<br \/>\nGustav-Stresemann-Ring 1<br \/>\n65189 Wiesbaden<\/p>\n<p>Tel.: 0611-1408-0<br \/>\nFaks: 0611-1408-611<\/p>\n<p>E-mail: <a href=\"mailto:poststelle@datenschutz.hessen.de\">poststelle@datenschutz.hessen.de<\/a><\/p>\n<p><strong>Udost\u0119pnianie danych osobowych wg art. 13 ust. (2) lit. e RODO<\/strong><\/p>\n<p>W ramach naszych relacji biznesowych mo\u017cliwe jest udost\u0119pnianie jedynie tych danych osobowych, kt\u00f3re s\u0105 niezb\u0119dne do realizacji relacji biznesowej (umowy) lub dzia\u0142a\u0144 przedumownych albo do kt\u00f3rych gromadzenia jeste\u015bmy zobowi\u0105zani przepisami ustawowymi. Bez tych danych nie jeste\u015bmy z regu\u0142y nawi\u0105za\u0107 relacji biznesowych.<br \/>\nZmiana o\u015bwiadczenia o ochronie danych osobowych<\/p>\n<p><strong>Zmiana przeznaczenia<\/strong><\/p>\n<p>Zastrzegamy sobie prawo do modyfikacji niniejszego o\u015bwiadczenia o ochronie danych osobowych z uwzgl\u0119dnieniem przepis\u00f3w o ochronie danych. Aktualna wersja jest zawsze dost\u0119pna na stronie internetowej pod adresem: <a href=\"https:\/\/www.wschaefer.de\/pl\/oswiadczenie-o-ochronie-danych\/\">https:\/\/www.wschaefer.de\/pl\/oswiadczenie-o-ochronie-danych\/<\/a><\/p>\n<p>Opr\u00f3cz tego u\u017cytkownik mo\u017ce za\u017c\u0105da\u0107 ten dokument przy u\u017cyciu wy\u017cej wymienionych danych kontaktowych. Je\u017celi zamierzamy przetwarza\u0107 dane osobowe u\u017cytkownika w celach innych, ni\u017c te, w jakich zosta\u0142y zebrane, poinformujemy go o tym z uwzgl\u0119dnieniem obowi\u0105zuj\u0105cych przepis\u00f3w ustawowych.<\/p>\n<p>Stan: 16 maja 2019 r.<\/p>\n","protected":false},"excerpt":{"rendered":"<p>Obowi\u0105zek informowania wg art.\u00a013 RODO Podmiot odpowiedzialny za przetwarzanie danych wg art.\u00a013 ust.\u00a0(1) lit.\u00a0a) Nazwa firmy wg \u00a7\u00a017 ust.\u00a01 HGB wraz z\u00a0danymi kontaktowymi osoby odpowiedzialnej (GF) Podmiot odpowiedzialny za przetwarzanie danych wg art. 13 ust. (1) lit. a) Nazwa firmy wg \u00a7 17 ust. 1 HGB wraz z danymi kontaktowymi osoby odpowiedzialnej (GF) Wilhelm Sch\u00e4fer [&hellip;]<\/p>\n","protected":false},"author":663,"featured_media":0,"parent":0,"menu_order":0,"comment_status":"closed","ping_status":"closed","template":"","meta":{"footnotes":""},"class_list":["post-66427","page","type-page","status-publish","hentry"],"yoast_head":"<!-- This site is optimized with the Yoast SEO plugin v27.2 - https:\/\/yoast.com\/product\/yoast-seo-wordpress\/ -->\n<title>Obowi\u0105zek udzielenia informacji - Wilhelm Sch\u00e4fer GmbH<\/title>\n<meta name=\"robots\" content=\"index, follow, max-snippet:-1, max-image-preview:large, max-video-preview:-1\" \/>\n<link rel=\"canonical\" href=\"https:\/\/www.wschaefer.de\/pl\/obowiazek-udzielenia-informacji\/\" \/>\n<meta property=\"og:locale\" content=\"pl_PL\" \/>\n<meta property=\"og:type\" content=\"article\" \/>\n<meta property=\"og:title\" content=\"Obowi\u0105zek udzielenia informacji - Wilhelm Sch\u00e4fer GmbH\" \/>\n<meta property=\"og:description\" content=\"Obowi\u0105zek informowania wg art.\u00a013 RODO Podmiot odpowiedzialny za przetwarzanie danych wg art.\u00a013 ust.\u00a0(1) lit.\u00a0a) Nazwa firmy wg \u00a7\u00a017 ust.\u00a01 HGB wraz z\u00a0danymi kontaktowymi osoby odpowiedzialnej (GF) Podmiot odpowiedzialny za przetwarzanie danych wg art. 13 ust. (1) lit. a) Nazwa firmy wg \u00a7 17 ust. 1 HGB wraz z danymi kontaktowymi osoby odpowiedzialnej (GF) Wilhelm Sch\u00e4fer [&hellip;]\" \/>\n<meta property=\"og:url\" content=\"https:\/\/www.wschaefer.de\/pl\/obowiazek-udzielenia-informacji\/\" \/>\n<meta property=\"og:site_name\" content=\"Wilhelm Sch\u00e4fer GmbH\" \/>\n<meta property=\"article:publisher\" content=\"https:\/\/www.facebook.com\/TakeuchiDeutschland\/\" \/>\n<meta property=\"article:modified_time\" content=\"2024-01-19T07:42:40+00:00\" \/>\n<meta name=\"twitter:card\" content=\"summary_large_image\" \/>\n<meta name=\"twitter:label1\" content=\"Szacowany czas czytania\" \/>\n\t<meta name=\"twitter:data1\" content=\"6 minut\" \/>\n<script type=\"application\/ld+json\" class=\"yoast-schema-graph\">{\"@context\":\"https:\/\/schema.org\",\"@graph\":[{\"@type\":\"WebPage\",\"@id\":\"https:\/\/www.wschaefer.de\/pl\/obowiazek-udzielenia-informacji\/\",\"url\":\"https:\/\/www.wschaefer.de\/pl\/obowiazek-udzielenia-informacji\/\",\"name\":\"Obowi\u0105zek udzielenia informacji - Wilhelm Sch\u00e4fer GmbH\",\"isPartOf\":{\"@id\":\"https:\/\/www.wschaefer.de\/#website\"},\"datePublished\":\"2015-10-14T09:28:25+00:00\",\"dateModified\":\"2024-01-19T07:42:40+00:00\",\"breadcrumb\":{\"@id\":\"https:\/\/www.wschaefer.de\/pl\/obowiazek-udzielenia-informacji\/#breadcrumb\"},\"inLanguage\":\"pl-PL\",\"potentialAction\":[{\"@type\":\"ReadAction\",\"target\":[\"https:\/\/www.wschaefer.de\/pl\/obowiazek-udzielenia-informacji\/\"]}]},{\"@type\":\"BreadcrumbList\",\"@id\":\"https:\/\/www.wschaefer.de\/pl\/obowiazek-udzielenia-informacji\/#breadcrumb\",\"itemListElement\":[{\"@type\":\"ListItem\",\"position\":1,\"name\":\"Startseite\",\"item\":\"https:\/\/www.wschaefer.de\/pl\/\"},{\"@type\":\"ListItem\",\"position\":2,\"name\":\"Obowi\u0105zek udzielenia informacji\"}]},{\"@type\":\"WebSite\",\"@id\":\"https:\/\/www.wschaefer.de\/#website\",\"url\":\"https:\/\/www.wschaefer.de\/\",\"name\":\"Wilhelm Sch\u00e4fer GmbH\",\"description\":\"Baumaschinen von Takeuchi\",\"publisher\":{\"@id\":\"https:\/\/www.wschaefer.de\/#organization\"},\"potentialAction\":[{\"@type\":\"SearchAction\",\"target\":{\"@type\":\"EntryPoint\",\"urlTemplate\":\"https:\/\/www.wschaefer.de\/?s={search_term_string}\"},\"query-input\":{\"@type\":\"PropertyValueSpecification\",\"valueRequired\":true,\"valueName\":\"search_term_string\"}}],\"inLanguage\":\"pl-PL\"},{\"@type\":\"Organization\",\"@id\":\"https:\/\/www.wschaefer.de\/#organization\",\"name\":\"Wilhelm Sch\u00e4fer GmbH\",\"url\":\"https:\/\/www.wschaefer.de\/\",\"logo\":{\"@type\":\"ImageObject\",\"inLanguage\":\"pl-PL\",\"@id\":\"https:\/\/www.wschaefer.de\/#\/schema\/logo\/image\/\",\"url\":\"\",\"contentUrl\":\"\",\"caption\":\"Wilhelm Sch\u00e4fer GmbH\"},\"image\":{\"@id\":\"https:\/\/www.wschaefer.de\/#\/schema\/logo\/image\/\"},\"sameAs\":[\"https:\/\/www.facebook.com\/TakeuchiDeutschland\/\",\"https:\/\/www.youtube.com\/channel\/UCr2PIPiTyhAABg7xoTX3V2w\"]}]}<\/script>\n<!-- \/ Yoast SEO plugin. -->","yoast_head_json":{"title":"Obowi\u0105zek udzielenia informacji - Wilhelm Sch\u00e4fer GmbH","robots":{"index":"index","follow":"follow","max-snippet":"max-snippet:-1","max-image-preview":"max-image-preview:large","max-video-preview":"max-video-preview:-1"},"canonical":"https:\/\/www.wschaefer.de\/pl\/obowiazek-udzielenia-informacji\/","og_locale":"pl_PL","og_type":"article","og_title":"Obowi\u0105zek udzielenia informacji - Wilhelm Sch\u00e4fer GmbH","og_description":"Obowi\u0105zek informowania wg art.\u00a013 RODO Podmiot odpowiedzialny za przetwarzanie danych wg art.\u00a013 ust.\u00a0(1) lit.\u00a0a) Nazwa firmy wg \u00a7\u00a017 ust.\u00a01 HGB wraz z\u00a0danymi kontaktowymi osoby odpowiedzialnej (GF) Podmiot odpowiedzialny za przetwarzanie danych wg art. 13 ust. (1) lit. a) Nazwa firmy wg \u00a7 17 ust. 1 HGB wraz z danymi kontaktowymi osoby odpowiedzialnej (GF) Wilhelm Sch\u00e4fer [&hellip;]","og_url":"https:\/\/www.wschaefer.de\/pl\/obowiazek-udzielenia-informacji\/","og_site_name":"Wilhelm Sch\u00e4fer GmbH","article_publisher":"https:\/\/www.facebook.com\/TakeuchiDeutschland\/","article_modified_time":"2024-01-19T07:42:40+00:00","twitter_card":"summary_large_image","twitter_misc":{"Szacowany czas czytania":"6 minut"},"schema":{"@context":"https:\/\/schema.org","@graph":[{"@type":"WebPage","@id":"https:\/\/www.wschaefer.de\/pl\/obowiazek-udzielenia-informacji\/","url":"https:\/\/www.wschaefer.de\/pl\/obowiazek-udzielenia-informacji\/","name":"Obowi\u0105zek udzielenia informacji - Wilhelm Sch\u00e4fer GmbH","isPartOf":{"@id":"https:\/\/www.wschaefer.de\/#website"},"datePublished":"2015-10-14T09:28:25+00:00","dateModified":"2024-01-19T07:42:40+00:00","breadcrumb":{"@id":"https:\/\/www.wschaefer.de\/pl\/obowiazek-udzielenia-informacji\/#breadcrumb"},"inLanguage":"pl-PL","potentialAction":[{"@type":"ReadAction","target":["https:\/\/www.wschaefer.de\/pl\/obowiazek-udzielenia-informacji\/"]}]},{"@type":"BreadcrumbList","@id":"https:\/\/www.wschaefer.de\/pl\/obowiazek-udzielenia-informacji\/#breadcrumb","itemListElement":[{"@type":"ListItem","position":1,"name":"Startseite","item":"https:\/\/www.wschaefer.de\/pl\/"},{"@type":"ListItem","position":2,"name":"Obowi\u0105zek udzielenia informacji"}]},{"@type":"WebSite","@id":"https:\/\/www.wschaefer.de\/#website","url":"https:\/\/www.wschaefer.de\/","name":"Wilhelm Sch\u00e4fer GmbH","description":"Baumaschinen von Takeuchi","publisher":{"@id":"https:\/\/www.wschaefer.de\/#organization"},"potentialAction":[{"@type":"SearchAction","target":{"@type":"EntryPoint","urlTemplate":"https:\/\/www.wschaefer.de\/?s={search_term_string}"},"query-input":{"@type":"PropertyValueSpecification","valueRequired":true,"valueName":"search_term_string"}}],"inLanguage":"pl-PL"},{"@type":"Organization","@id":"https:\/\/www.wschaefer.de\/#organization","name":"Wilhelm Sch\u00e4fer GmbH","url":"https:\/\/www.wschaefer.de\/","logo":{"@type":"ImageObject","inLanguage":"pl-PL","@id":"https:\/\/www.wschaefer.de\/#\/schema\/logo\/image\/","url":"","contentUrl":"","caption":"Wilhelm Sch\u00e4fer GmbH"},"image":{"@id":"https:\/\/www.wschaefer.de\/#\/schema\/logo\/image\/"},"sameAs":["https:\/\/www.facebook.com\/TakeuchiDeutschland\/","https:\/\/www.youtube.com\/channel\/UCr2PIPiTyhAABg7xoTX3V2w"]}]}},"_links":{"self":[{"href":"https:\/\/www.wschaefer.de\/pl\/wp-json\/wp\/v2\/pages\/66427","targetHints":{"allow":["GET"]}}],"collection":[{"href":"https:\/\/www.wschaefer.de\/pl\/wp-json\/wp\/v2\/pages"}],"about":[{"href":"https:\/\/www.wschaefer.de\/pl\/wp-json\/wp\/v2\/types\/page"}],"author":[{"embeddable":true,"href":"https:\/\/www.wschaefer.de\/pl\/wp-json\/wp\/v2\/users\/663"}],"replies":[{"embeddable":true,"href":"https:\/\/www.wschaefer.de\/pl\/wp-json\/wp\/v2\/comments?post=66427"}],"version-history":[{"count":7,"href":"https:\/\/www.wschaefer.de\/pl\/wp-json\/wp\/v2\/pages\/66427\/revisions"}],"predecessor-version":[{"id":111632,"href":"https:\/\/www.wschaefer.de\/pl\/wp-json\/wp\/v2\/pages\/66427\/revisions\/111632"}],"wp:attachment":[{"href":"https:\/\/www.wschaefer.de\/pl\/wp-json\/wp\/v2\/media?parent=66427"}],"curies":[{"name":"wp","href":"https:\/\/api.w.org\/{rel}","templated":true}]}}