{"id":44778,"date":"2020-09-22T17:00:24","date_gmt":"2020-09-22T15:00:24","guid":{"rendered":"https:\/\/www.wschaefer.de\/?page_id=44778"},"modified":"2021-05-31T13:36:48","modified_gmt":"2021-05-31T11:36:48","slug":"usluga-czesci","status":"publish","type":"page","link":"https:\/\/www.wschaefer.de\/pl\/serwis\/usluga-czesci\/","title":{"rendered":"Us\u0142uga cz\u0119\u015bci"},"content":{"rendered":"\n<style type=\"text\/css\" data-created_by=\"avia_inline_auto\" id=\"style-css-av-av_one_full-15d750bd1b332b34c6e70b077ebbccdf\">\n.flex_column.av-av_one_full-15d750bd1b332b34c6e70b077ebbccdf{\n-webkit-border-radius:0px 0px 0px 0px;\n-moz-border-radius:0px 0px 0px 0px;\nborder-radius:0px 0px 0px 0px;\npadding:0px 0px 0px 0px;\n}\n<\/style>\n<div class='flex_column av-av_one_full-15d750bd1b332b34c6e70b077ebbccdf av_one_full  avia-builder-el-0  avia-builder-el-no-sibling  first flex_column_div av-zero-column-padding '     ><p>\n<style type=\"text\/css\" data-created_by=\"avia_inline_auto\" id=\"style-css-av-av_heading-f8cc6314e7ce55598f22c47dd8c99b5a\">\n#top .av-special-heading.av-av_heading-f8cc6314e7ce55598f22c47dd8c99b5a{\npadding-bottom:30px;\n}\nbody .av-special-heading.av-av_heading-f8cc6314e7ce55598f22c47dd8c99b5a .av-special-heading-tag .heading-char{\nfont-size:25px;\n}\n.av-special-heading.av-av_heading-f8cc6314e7ce55598f22c47dd8c99b5a .av-subheading{\nfont-size:15px;\n}\n<\/style>\n<div  class='av-special-heading av-av_heading-f8cc6314e7ce55598f22c47dd8c99b5a av-special-heading-h2 blockquote modern-quote  avia-builder-el-1  el_before_av_image_hotspot  avia-builder-el-no-sibling '><h2 class='av-special-heading-tag'  itemprop=\"headline\"  >NASZA US\u0141UGA CZ\u0118\u015aCI ZAMIENNYCH:<br \/>\nSKRACA PRZESTOJE DO MINIMUM<\/h2><div class=\"special-heading-border\"><div class=\"special-heading-inner-border\"><\/div><\/div><\/div><br \/>\n<div  class='av-hotspot-image-container av-av_image_hotspot-0a2717686c398c97f5c7bb069a08de8a  avia-builder-el-2  el_after_av_heading  el_before_av_one_full  av-hotspot-numbered av-mobile-fallback-active  av-non-fullwidth-hotspot-image'  itemprop=\"image\" itemscope=\"itemscope\" itemtype=\"https:\/\/schema.org\/ImageObject\" ><div class='av-hotspot-container'><div class='av-hotspot-container-inner-cell'><div class='av-hotspot-container-inner-wrap'><img decoding=\"async\" class='wp-image-43885 avia-img-lazy-loading-not-43885 avia_image' src=\"https:\/\/www.wschaefer.de\/wp-content\/uploads\/2020\/08\/wschaefer-Ersatzteil-Service.jpg\" alt='' title='wschaefer-Ersatzteil-Service'  height=\"1848\" width=\"2768\"  itemprop=\"thumbnailUrl\" srcset=\"https:\/\/www.wschaefer.de\/wp-content\/uploads\/2020\/08\/wschaefer-Ersatzteil-Service.jpg 2768w, https:\/\/www.wschaefer.de\/wp-content\/uploads\/2020\/08\/wschaefer-Ersatzteil-Service-300x200.jpg 300w, https:\/\/www.wschaefer.de\/wp-content\/uploads\/2020\/08\/wschaefer-Ersatzteil-Service-768x513.jpg 768w, https:\/\/www.wschaefer.de\/wp-content\/uploads\/2020\/08\/wschaefer-Ersatzteil-Service-1030x688.jpg 1030w, https:\/\/www.wschaefer.de\/wp-content\/uploads\/2020\/08\/wschaefer-Ersatzteil-Service-1500x1001.jpg 1500w, https:\/\/www.wschaefer.de\/wp-content\/uploads\/2020\/08\/wschaefer-Ersatzteil-Service-705x471.jpg 705w, https:\/\/www.wschaefer.de\/wp-content\/uploads\/2020\/08\/wschaefer-Ersatzteil-Service-450x300.jpg 450w\" sizes=\"(max-width: 2768px) 100vw, 2768px\" \/><\/div><\/div><\/div><\/div><\/p><\/div>\n<style type=\"text\/css\" data-created_by=\"avia_inline_auto\" id=\"style-css-av-av_one_full-8e66ced7606df6d16ffc18066ff7aa3e\">\n#top .flex_column.av-av_one_full-8e66ced7606df6d16ffc18066ff7aa3e{\nmargin-top:20px;\nmargin-bottom:0px;\n}\n.flex_column.av-av_one_full-8e66ced7606df6d16ffc18066ff7aa3e{\n-webkit-border-radius:0px 0px 0px 0px;\n-moz-border-radius:0px 0px 0px 0px;\nborder-radius:0px 0px 0px 0px;\npadding:0px 0px 0px 0px;\n}\n.responsive #top #wrap_all .flex_column.av-av_one_full-8e66ced7606df6d16ffc18066ff7aa3e{\nmargin-top:20px;\nmargin-bottom:0px;\n}\n<\/style>\n<div class='flex_column av-av_one_full-8e66ced7606df6d16ffc18066ff7aa3e av_one_full  avia-builder-el-3  el_after_av_image_hotspot  el_before_av_section  avia-builder-el-no-sibling  first flex_column_div av-zero-column-padding '     ><section  class='av_textblock_section av-av_textblock-2bd894dbf2e4bf2c4acf98ce4fbf94aa'  itemscope=\"itemscope\" itemtype=\"https:\/\/schema.org\/CreativeWork\" ><div class='avia_textblock'  itemprop=\"text\" ><p><strong>Czas to pieni\u0105dz!<\/strong>\u00a0Doskonale wiemy, jak napi\u0119te mog\u0105 by\u0107 harmonogramy i jak obecnie niekorzystne sta\u0142y si\u0119 przestoje. Maj\u0105c to na uwadze, postawili\u015bmy sobie za priorytet<br \/>\nzapewnienie szybkiej dostawy oryginalnych cz\u0119\u015bci zamiennych i zu\u017cywaj\u0105cych si\u0119, ograniczaj\u0105c przestoje i przerwy w pracy do minimum.<\/p>\n<p><strong>Wszystko, czego potrzebujesz w ci\u0105gu 24 godzin:<\/strong> W naszych wzorowych, ukierunkowanych na przysz\u0142o\u015b\u0107 operacjach logistycznych przechowujemy na stanie ponad 20 000 cz\u0119\u015bci i wysy\u0142amy je w ca\u0142ej Europie w ci\u0105gu 24 godzin.<\/p>\n<p>\u201eNigdy nie brak na stanie\u201d to has\u0142o naszych us\u0142ug, z wyrafinowan\u0105 struktur\u0105 operacyjn\u0105, kt\u00f3ra gwarantuje dostarczanie wszystkiego na czas.<\/p>\n<\/div><\/section><\/div><\/div><\/div><\/div><!-- close content main div --><\/div><\/div><div id='av_section_1'  class='avia-section av-av_section-f3892e610ee9633c68397830e8f2c661 main_color avia-section-default avia-no-border-styling  avia-builder-el-5  el_after_av_one_full  avia-builder-el-last  avia-bg-style-scroll container_wrap sidebar_right'  ><div class='container av-section-cont-open' ><div class='template-page content  av-content-small alpha units'><div class='post-entry post-entry-type-page post-entry-44778'><div class='entry-content-wrapper clearfix'>\n\n<style type=\"text\/css\" data-created_by=\"avia_inline_auto\" id=\"style-css-av-av_one_third-77f760dea2ff742afe80a6df7e11939e\">\n.flex_column.av-av_one_third-77f760dea2ff742afe80a6df7e11939e{\n-webkit-border-radius:0px 0px 0px 0px;\n-moz-border-radius:0px 0px 0px 0px;\nborder-radius:0px 0px 0px 0px;\npadding:0px 0px 0px 0px;\n}\n<\/style>\n<div class='flex_column av-av_one_third-77f760dea2ff742afe80a6df7e11939e av_one_third  avia-builder-el-6  el_before_av_one_third  avia-builder-el-first  ctaslider first flex_column_div av-zero-column-padding '     ><section  class='av_textblock_section av-av_textblock-2bd894dbf2e4bf2c4acf98ce4fbf94aa'  itemscope=\"itemscope\" itemtype=\"https:\/\/schema.org\/CreativeWork\" ><div class='avia_textblock'  itemprop=\"text\" ><h2>MERCHANDISING<\/h2>\n<\/div><\/section><br \/>\n\n<style type=\"text\/css\" data-created_by=\"avia_inline_auto\" id=\"style-css-av-av_image-1dbe9ebdb525a4cfa9cc6e6b0d4947a8\">\n.avia-image-container.av-av_image-1dbe9ebdb525a4cfa9cc6e6b0d4947a8 img.avia_image{\nbox-shadow:none;\n}\n.avia-image-container.av-av_image-1dbe9ebdb525a4cfa9cc6e6b0d4947a8 .av-image-caption-overlay-center{\ncolor:#ffffff;\n}\n<\/style>\n<div  class='avia-image-container av-av_image-1dbe9ebdb525a4cfa9cc6e6b0d4947a8 av-styling-no-styling avia-align-center  avia-builder-el-8  el_after_av_textblock  avia-builder-el-last '   itemprop=\"image\" itemscope=\"itemscope\" itemtype=\"https:\/\/schema.org\/ImageObject\" ><div class=\"avia-image-container-inner\"><div class=\"avia-image-overlay-wrap\"><a href=\"https:\/\/shop.wschaefer.de\/\" class='avia_image' target=\"_blank\" rel=\"noopener noreferrer\"><img decoding=\"async\" class='wp-image-99858 avia-img-lazy-loading-not-99858 avia_image ' src=\"https:\/\/www.wschaefer.de\/wp-content\/uploads\/2020\/07\/takeuchi-fanshop.jpg\" alt='' title='takeuchi-fanshop'  height=\"359\" width=\"500\"  itemprop=\"thumbnailUrl\" srcset=\"https:\/\/www.wschaefer.de\/wp-content\/uploads\/2020\/07\/takeuchi-fanshop.jpg 500w, https:\/\/www.wschaefer.de\/wp-content\/uploads\/2020\/07\/takeuchi-fanshop-300x215.jpg 300w, https:\/\/www.wschaefer.de\/wp-content\/uploads\/2020\/07\/takeuchi-fanshop-450x323.jpg 450w\" sizes=\"(max-width: 500px) 100vw, 500px\" \/><\/a><\/div><\/div><\/div><\/p><\/div>\n<style type=\"text\/css\" data-created_by=\"avia_inline_auto\" id=\"style-css-av-av_one_third-196d849ca2f32c9aadc80140e612a367\">\n.flex_column.av-av_one_third-196d849ca2f32c9aadc80140e612a367{\n-webkit-border-radius:0px 0px 0px 0px;\n-moz-border-radius:0px 0px 0px 0px;\nborder-radius:0px 0px 0px 0px;\npadding:0px 0px 0px 0px;\n}\n<\/style>\n<div class='flex_column av-av_one_third-196d849ca2f32c9aadc80140e612a367 av_one_third  avia-builder-el-9  el_after_av_one_third  el_before_av_one_third  ctaslider flex_column_div av-zero-column-padding '     ><section  class='av_textblock_section av-av_textblock-2bd894dbf2e4bf2c4acf98ce4fbf94aa'  itemscope=\"itemscope\" itemtype=\"https:\/\/schema.org\/CreativeWork\" ><div class='avia_textblock'  itemprop=\"text\" ><h2>PRODUKTY<\/h2>\n<\/div><\/section><br \/>\n\n<style type=\"text\/css\" data-created_by=\"avia_inline_auto\" id=\"style-css-av-av_image-043fb932aef8e0a3751805976a9580eb\">\n.avia-image-container.av-av_image-043fb932aef8e0a3751805976a9580eb img.avia_image{\nbox-shadow:none;\n}\n.avia-image-container.av-av_image-043fb932aef8e0a3751805976a9580eb .av-image-caption-overlay-center{\ncolor:#ffffff;\n}\n<\/style>\n<div  class='avia-image-container av-av_image-043fb932aef8e0a3751805976a9580eb av-styling-no-styling avia-align-center  avia-builder-el-11  el_after_av_textblock  avia-builder-el-last '   itemprop=\"image\" itemscope=\"itemscope\" itemtype=\"https:\/\/schema.org\/ImageObject\" ><div class=\"avia-image-container-inner\"><div class=\"avia-image-overlay-wrap\"><a href=\"https:\/\/www.takeuchi.de\/pl\" class='avia_image' target=\"_blank\" rel=\"noopener noreferrer\"><img decoding=\"async\" class='wp-image-43898 avia-img-lazy-loading-not-43898 avia_image ' src=\"https:\/\/www.wschaefer.de\/wp-content\/uploads\/2020\/08\/wschaefer-baumaschinen.jpg\" alt='Wsch\u00e4fer \u2013 Baumaschinen' title='Wsch\u00e4fer \u2013 Baumaschinen'  height=\"359\" width=\"500\"  itemprop=\"thumbnailUrl\" srcset=\"https:\/\/www.wschaefer.de\/wp-content\/uploads\/2020\/08\/wschaefer-baumaschinen.jpg 500w, https:\/\/www.wschaefer.de\/wp-content\/uploads\/2020\/08\/wschaefer-baumaschinen-300x215.jpg 300w, https:\/\/www.wschaefer.de\/wp-content\/uploads\/2020\/08\/wschaefer-baumaschinen-450x323.jpg 450w\" sizes=\"(max-width: 500px) 100vw, 500px\" \/><\/a><\/div><\/div><\/div><\/p><\/div>\n<style type=\"text\/css\" data-created_by=\"avia_inline_auto\" id=\"style-css-av-av_one_third-196d849ca2f32c9aadc80140e612a367\">\n.flex_column.av-av_one_third-196d849ca2f32c9aadc80140e612a367{\n-webkit-border-radius:0px 0px 0px 0px;\n-moz-border-radius:0px 0px 0px 0px;\nborder-radius:0px 0px 0px 0px;\npadding:0px 0px 0px 0px;\n}\n<\/style>\n<div class='flex_column av-av_one_third-196d849ca2f32c9aadc80140e612a367 av_one_third  avia-builder-el-12  el_after_av_one_third  avia-builder-el-last  ctaslider flex_column_div av-zero-column-padding '     ><section  class='av_textblock_section av-av_textblock-2bd894dbf2e4bf2c4acf98ce4fbf94aa'  itemscope=\"itemscope\" itemtype=\"https:\/\/schema.org\/CreativeWork\" ><div class='avia_textblock'  itemprop=\"text\" ><h2>Blog<\/h2>\n<\/div><\/section><br \/>\n\n<style type=\"text\/css\" data-created_by=\"avia_inline_auto\" id=\"style-css-av-av_image-748fec32ff1c87cfd899d4aa397f9a0f\">\n.avia-image-container.av-av_image-748fec32ff1c87cfd899d4aa397f9a0f img.avia_image{\nbox-shadow:none;\n}\n.avia-image-container.av-av_image-748fec32ff1c87cfd899d4aa397f9a0f .av-image-caption-overlay-center{\ncolor:#ffffff;\n}\n<\/style>\n<div  class='avia-image-container av-av_image-748fec32ff1c87cfd899d4aa397f9a0f av-styling-no-styling avia-align-center  avia-builder-el-14  el_after_av_textblock  avia-builder-el-last '   itemprop=\"image\" itemscope=\"itemscope\" itemtype=\"https:\/\/schema.org\/ImageObject\" ><div class=\"avia-image-container-inner\"><div class=\"avia-image-overlay-wrap\"><a href=\"https:\/\/www.takeuchi-blog.de\/\" class='avia_image' target=\"_blank\" rel=\"noopener noreferrer\"><img decoding=\"async\" class='wp-image-43899 avia-img-lazy-loading-not-43899 avia_image ' src=\"https:\/\/www.wschaefer.de\/wp-content\/uploads\/2020\/08\/wschaefer-blog.jpg\" alt='Wsch\u00e4fer \u2013 Blog' title='Wsch\u00e4fer \u2013 Blog'  height=\"298\" width=\"400\"  itemprop=\"thumbnailUrl\" srcset=\"https:\/\/www.wschaefer.de\/wp-content\/uploads\/2020\/08\/wschaefer-blog.jpg 400w, https:\/\/www.wschaefer.de\/wp-content\/uploads\/2020\/08\/wschaefer-blog-300x224.jpg 300w\" sizes=\"(max-width: 400px) 100vw, 400px\" \/><\/a><\/div><\/div><\/div><\/p><\/div>\n<\/div><\/div><\/div><!-- close content main div --><\/div><\/div><div id='after_section_1'  class='main_color av_default_container_wrap container_wrap sidebar_right'  ><div class='container av-section-cont-open' ><div class='template-page content  av-content-small alpha units'><div class='post-entry post-entry-type-page post-entry-44778'><div class='entry-content-wrapper clearfix'><\/p>\n","protected":false},"excerpt":{"rendered":"","protected":false},"author":663,"featured_media":0,"parent":3927,"menu_order":0,"comment_status":"closed","ping_status":"closed","template":"","meta":{"footnotes":""},"class_list":["post-44778","page","type-page","status-publish","hentry"],"yoast_head":"<!-- This site is optimized with the Yoast SEO plugin v27.2 - https:\/\/yoast.com\/product\/yoast-seo-wordpress\/ -->\n<title>Us\u0142uga cz\u0119\u015bci - Wilhelm Sch\u00e4fer GmbH<\/title>\n<meta name=\"robots\" content=\"index, follow, max-snippet:-1, max-image-preview:large, max-video-preview:-1\" \/>\n<link rel=\"canonical\" href=\"https:\/\/www.wschaefer.de\/pl\/serwis\/usluga-czesci\/\" \/>\n<meta property=\"og:locale\" content=\"pl_PL\" \/>\n<meta property=\"og:type\" content=\"article\" \/>\n<meta property=\"og:title\" content=\"Us\u0142uga cz\u0119\u015bci - Wilhelm Sch\u00e4fer GmbH\" \/>\n<meta property=\"og:url\" content=\"https:\/\/www.wschaefer.de\/pl\/serwis\/usluga-czesci\/\" \/>\n<meta property=\"og:site_name\" content=\"Wilhelm Sch\u00e4fer GmbH\" \/>\n<meta property=\"article:publisher\" content=\"https:\/\/www.facebook.com\/TakeuchiDeutschland\/\" \/>\n<meta property=\"article:modified_time\" content=\"2021-05-31T11:36:48+00:00\" \/>\n<meta name=\"twitter:card\" content=\"summary_large_image\" \/>\n<meta name=\"twitter:label1\" content=\"Szacowany czas czytania\" \/>\n\t<meta name=\"twitter:data1\" content=\"4 minuty\" \/>\n<script type=\"application\/ld+json\" class=\"yoast-schema-graph\">{\"@context\":\"https:\/\/schema.org\",\"@graph\":[{\"@type\":\"WebPage\",\"@id\":\"https:\/\/www.wschaefer.de\/pl\/serwis\/usluga-czesci\/\",\"url\":\"https:\/\/www.wschaefer.de\/pl\/serwis\/usluga-czesci\/\",\"name\":\"Us\u0142uga cz\u0119\u015bci - Wilhelm Sch\u00e4fer GmbH\",\"isPartOf\":{\"@id\":\"https:\/\/www.wschaefer.de\/#website\"},\"datePublished\":\"2020-09-22T15:00:24+00:00\",\"dateModified\":\"2021-05-31T11:36:48+00:00\",\"breadcrumb\":{\"@id\":\"https:\/\/www.wschaefer.de\/pl\/serwis\/usluga-czesci\/#breadcrumb\"},\"inLanguage\":\"pl-PL\",\"potentialAction\":[{\"@type\":\"ReadAction\",\"target\":[\"https:\/\/www.wschaefer.de\/pl\/serwis\/usluga-czesci\/\"]}]},{\"@type\":\"BreadcrumbList\",\"@id\":\"https:\/\/www.wschaefer.de\/pl\/serwis\/usluga-czesci\/#breadcrumb\",\"itemListElement\":[{\"@type\":\"ListItem\",\"position\":1,\"name\":\"Startseite\",\"item\":\"https:\/\/www.wschaefer.de\/pl\/\"},{\"@type\":\"ListItem\",\"position\":2,\"name\":\"Serwis\",\"item\":\"https:\/\/www.wschaefer.de\/pl\/serwis\/\"},{\"@type\":\"ListItem\",\"position\":3,\"name\":\"Us\u0142uga cz\u0119\u015bci\"}]},{\"@type\":\"WebSite\",\"@id\":\"https:\/\/www.wschaefer.de\/#website\",\"url\":\"https:\/\/www.wschaefer.de\/\",\"name\":\"Wilhelm Sch\u00e4fer GmbH\",\"description\":\"Baumaschinen von Takeuchi\",\"publisher\":{\"@id\":\"https:\/\/www.wschaefer.de\/#organization\"},\"potentialAction\":[{\"@type\":\"SearchAction\",\"target\":{\"@type\":\"EntryPoint\",\"urlTemplate\":\"https:\/\/www.wschaefer.de\/?s={search_term_string}\"},\"query-input\":{\"@type\":\"PropertyValueSpecification\",\"valueRequired\":true,\"valueName\":\"search_term_string\"}}],\"inLanguage\":\"pl-PL\"},{\"@type\":\"Organization\",\"@id\":\"https:\/\/www.wschaefer.de\/#organization\",\"name\":\"Wilhelm Sch\u00e4fer GmbH\",\"url\":\"https:\/\/www.wschaefer.de\/\",\"logo\":{\"@type\":\"ImageObject\",\"inLanguage\":\"pl-PL\",\"@id\":\"https:\/\/www.wschaefer.de\/#\/schema\/logo\/image\/\",\"url\":\"\",\"contentUrl\":\"\",\"caption\":\"Wilhelm Sch\u00e4fer GmbH\"},\"image\":{\"@id\":\"https:\/\/www.wschaefer.de\/#\/schema\/logo\/image\/\"},\"sameAs\":[\"https:\/\/www.facebook.com\/TakeuchiDeutschland\/\",\"https:\/\/www.youtube.com\/channel\/UCr2PIPiTyhAABg7xoTX3V2w\"]}]}<\/script>\n<!-- \/ Yoast SEO plugin. -->","yoast_head_json":{"title":"Us\u0142uga cz\u0119\u015bci - Wilhelm Sch\u00e4fer GmbH","robots":{"index":"index","follow":"follow","max-snippet":"max-snippet:-1","max-image-preview":"max-image-preview:large","max-video-preview":"max-video-preview:-1"},"canonical":"https:\/\/www.wschaefer.de\/pl\/serwis\/usluga-czesci\/","og_locale":"pl_PL","og_type":"article","og_title":"Us\u0142uga cz\u0119\u015bci - Wilhelm Sch\u00e4fer GmbH","og_url":"https:\/\/www.wschaefer.de\/pl\/serwis\/usluga-czesci\/","og_site_name":"Wilhelm Sch\u00e4fer GmbH","article_publisher":"https:\/\/www.facebook.com\/TakeuchiDeutschland\/","article_modified_time":"2021-05-31T11:36:48+00:00","twitter_card":"summary_large_image","twitter_misc":{"Szacowany czas czytania":"4 minuty"},"schema":{"@context":"https:\/\/schema.org","@graph":[{"@type":"WebPage","@id":"https:\/\/www.wschaefer.de\/pl\/serwis\/usluga-czesci\/","url":"https:\/\/www.wschaefer.de\/pl\/serwis\/usluga-czesci\/","name":"Us\u0142uga cz\u0119\u015bci - Wilhelm Sch\u00e4fer GmbH","isPartOf":{"@id":"https:\/\/www.wschaefer.de\/#website"},"datePublished":"2020-09-22T15:00:24+00:00","dateModified":"2021-05-31T11:36:48+00:00","breadcrumb":{"@id":"https:\/\/www.wschaefer.de\/pl\/serwis\/usluga-czesci\/#breadcrumb"},"inLanguage":"pl-PL","potentialAction":[{"@type":"ReadAction","target":["https:\/\/www.wschaefer.de\/pl\/serwis\/usluga-czesci\/"]}]},{"@type":"BreadcrumbList","@id":"https:\/\/www.wschaefer.de\/pl\/serwis\/usluga-czesci\/#breadcrumb","itemListElement":[{"@type":"ListItem","position":1,"name":"Startseite","item":"https:\/\/www.wschaefer.de\/pl\/"},{"@type":"ListItem","position":2,"name":"Serwis","item":"https:\/\/www.wschaefer.de\/pl\/serwis\/"},{"@type":"ListItem","position":3,"name":"Us\u0142uga cz\u0119\u015bci"}]},{"@type":"WebSite","@id":"https:\/\/www.wschaefer.de\/#website","url":"https:\/\/www.wschaefer.de\/","name":"Wilhelm Sch\u00e4fer GmbH","description":"Baumaschinen von Takeuchi","publisher":{"@id":"https:\/\/www.wschaefer.de\/#organization"},"potentialAction":[{"@type":"SearchAction","target":{"@type":"EntryPoint","urlTemplate":"https:\/\/www.wschaefer.de\/?s={search_term_string}"},"query-input":{"@type":"PropertyValueSpecification","valueRequired":true,"valueName":"search_term_string"}}],"inLanguage":"pl-PL"},{"@type":"Organization","@id":"https:\/\/www.wschaefer.de\/#organization","name":"Wilhelm Sch\u00e4fer GmbH","url":"https:\/\/www.wschaefer.de\/","logo":{"@type":"ImageObject","inLanguage":"pl-PL","@id":"https:\/\/www.wschaefer.de\/#\/schema\/logo\/image\/","url":"","contentUrl":"","caption":"Wilhelm Sch\u00e4fer GmbH"},"image":{"@id":"https:\/\/www.wschaefer.de\/#\/schema\/logo\/image\/"},"sameAs":["https:\/\/www.facebook.com\/TakeuchiDeutschland\/","https:\/\/www.youtube.com\/channel\/UCr2PIPiTyhAABg7xoTX3V2w"]}]}},"_links":{"self":[{"href":"https:\/\/www.wschaefer.de\/pl\/wp-json\/wp\/v2\/pages\/44778","targetHints":{"allow":["GET"]}}],"collection":[{"href":"https:\/\/www.wschaefer.de\/pl\/wp-json\/wp\/v2\/pages"}],"about":[{"href":"https:\/\/www.wschaefer.de\/pl\/wp-json\/wp\/v2\/types\/page"}],"author":[{"embeddable":true,"href":"https:\/\/www.wschaefer.de\/pl\/wp-json\/wp\/v2\/users\/663"}],"replies":[{"embeddable":true,"href":"https:\/\/www.wschaefer.de\/pl\/wp-json\/wp\/v2\/comments?post=44778"}],"version-history":[{"count":0,"href":"https:\/\/www.wschaefer.de\/pl\/wp-json\/wp\/v2\/pages\/44778\/revisions"}],"up":[{"embeddable":true,"href":"https:\/\/www.wschaefer.de\/pl\/wp-json\/wp\/v2\/pages\/3927"}],"wp:attachment":[{"href":"https:\/\/www.wschaefer.de\/pl\/wp-json\/wp\/v2\/media?parent=44778"}],"curies":[{"name":"wp","href":"https:\/\/api.w.org\/{rel}","templated":true}]}}