{"id":44746,"date":"2020-09-22T17:00:15","date_gmt":"2020-09-22T15:00:15","guid":{"rendered":"https:\/\/www.wschaefer.de\/?page_id=44746"},"modified":"2021-05-31T13:36:56","modified_gmt":"2021-05-31T11:36:56","slug":"szkolenia","status":"publish","type":"page","link":"https:\/\/www.wschaefer.de\/pl\/serwis\/szkolenia\/","title":{"rendered":"Szkolenia"},"content":{"rendered":"\n<style type=\"text\/css\" data-created_by=\"avia_inline_auto\" id=\"style-css-av-av_one_full-15d750bd1b332b34c6e70b077ebbccdf\">\n.flex_column.av-av_one_full-15d750bd1b332b34c6e70b077ebbccdf{\n-webkit-border-radius:0px 0px 0px 0px;\n-moz-border-radius:0px 0px 0px 0px;\nborder-radius:0px 0px 0px 0px;\npadding:0px 0px 0px 0px;\n}\n<\/style>\n<div class='flex_column av-av_one_full-15d750bd1b332b34c6e70b077ebbccdf av_one_full  avia-builder-el-0  el_before_av_one_full  avia-builder-el-first  first flex_column_div av-zero-column-padding '     ><p>\n<style type=\"text\/css\" data-created_by=\"avia_inline_auto\" id=\"style-css-av-av_heading-0172db4bbc375bb08aaec52cc51a00ac\">\n#top .av-special-heading.av-av_heading-0172db4bbc375bb08aaec52cc51a00ac{\npadding-bottom:30px;\n}\nbody .av-special-heading.av-av_heading-0172db4bbc375bb08aaec52cc51a00ac .av-special-heading-tag .heading-char{\nfont-size:25px;\n}\n.av-special-heading.av-av_heading-0172db4bbc375bb08aaec52cc51a00ac .av-subheading{\nfont-size:15px;\n}\n<\/style>\n<div  class='av-special-heading av-av_heading-0172db4bbc375bb08aaec52cc51a00ac av-special-heading-h2 blockquote modern-quote  avia-builder-el-1  el_before_av_image  avia-builder-el-first '><h2 class='av-special-heading-tag'  itemprop=\"headline\"  >NASZ PROGRAM SZKOLE\u0143:<br \/>\nUS\u0141UGI DORADCZE S\u0104 CZ\u0118\u015aCI\u0104 PRODUKT\u00d3W<\/h2><div class=\"special-heading-border\"><div class=\"special-heading-inner-border\"><\/div><\/div><\/div><br \/>\n\n<style type=\"text\/css\" data-created_by=\"avia_inline_auto\" id=\"style-css-av-av_image-bd572270ca62623b742f3bf9b4606525\">\n.avia-image-container.av-av_image-bd572270ca62623b742f3bf9b4606525 img.avia_image{\nbox-shadow:none;\n}\n.avia-image-container.av-av_image-bd572270ca62623b742f3bf9b4606525 .av-image-caption-overlay-center{\ncolor:#ffffff;\n}\n<\/style>\n<div  class='avia-image-container av-av_image-bd572270ca62623b742f3bf9b4606525 av-styling-no-styling avia-align-center  avia-builder-el-2  el_after_av_heading  avia-builder-el-last '   itemprop=\"image\" itemscope=\"itemscope\" itemtype=\"https:\/\/schema.org\/ImageObject\" ><div class=\"avia-image-container-inner\"><div class=\"avia-image-overlay-wrap\"><img decoding=\"async\" class='wp-image-44049 avia-img-lazy-loading-not-44049 avia_image ' src=\"https:\/\/www.wschaefer.de\/wp-content\/uploads\/2020\/08\/Wschaefer-Schulungsraum.jpg\" alt='Wilhelm Sch\u00e4fer GmbH \u2013\u00a0Schulungsraum' title='Wilhelm Sch\u00e4fer GmbH \u2013\u00a0Schulungsraum'  height=\"3614\" width=\"5919\"  itemprop=\"thumbnailUrl\" srcset=\"https:\/\/www.wschaefer.de\/wp-content\/uploads\/2020\/08\/Wschaefer-Schulungsraum.jpg 5919w, https:\/\/www.wschaefer.de\/wp-content\/uploads\/2020\/08\/Wschaefer-Schulungsraum-300x183.jpg 300w, https:\/\/www.wschaefer.de\/wp-content\/uploads\/2020\/08\/Wschaefer-Schulungsraum-768x469.jpg 768w, https:\/\/www.wschaefer.de\/wp-content\/uploads\/2020\/08\/Wschaefer-Schulungsraum-1030x629.jpg 1030w, https:\/\/www.wschaefer.de\/wp-content\/uploads\/2020\/08\/Wschaefer-Schulungsraum-1500x916.jpg 1500w, https:\/\/www.wschaefer.de\/wp-content\/uploads\/2020\/08\/Wschaefer-Schulungsraum-705x430.jpg 705w, https:\/\/www.wschaefer.de\/wp-content\/uploads\/2020\/08\/Wschaefer-Schulungsraum-450x275.jpg 450w\" sizes=\"(max-width: 5919px) 100vw, 5919px\" \/><\/div><\/div><\/div><\/p><\/div>\n<style type=\"text\/css\" data-created_by=\"avia_inline_auto\" id=\"style-css-av-av_one_full-8e66ced7606df6d16ffc18066ff7aa3e\">\n#top .flex_column.av-av_one_full-8e66ced7606df6d16ffc18066ff7aa3e{\nmargin-top:20px;\nmargin-bottom:0px;\n}\n.flex_column.av-av_one_full-8e66ced7606df6d16ffc18066ff7aa3e{\n-webkit-border-radius:0px 0px 0px 0px;\n-moz-border-radius:0px 0px 0px 0px;\nborder-radius:0px 0px 0px 0px;\npadding:0px 0px 0px 0px;\n}\n.responsive #top #wrap_all .flex_column.av-av_one_full-8e66ced7606df6d16ffc18066ff7aa3e{\nmargin-top:20px;\nmargin-bottom:0px;\n}\n<\/style>\n<div class='flex_column av-av_one_full-8e66ced7606df6d16ffc18066ff7aa3e av_one_full  avia-builder-el-3  el_after_av_one_full  el_before_av_section  avia-builder-el-last  first flex_column_div av-zero-column-padding column-top-margin'     ><section  class='av_textblock_section av-av_textblock-2bd894dbf2e4bf2c4acf98ce4fbf94aa'  itemscope=\"itemscope\" itemtype=\"https:\/\/schema.org\/CreativeWork\" ><div class='avia_textblock'  itemprop=\"text\" ><p><strong>Znajomo\u015b\u0107 rzeczy wa\u017cnych:<\/strong> Przedsi\u0119biorcy z bran\u017cy budowlanej stoj\u0105 w obliczu stale rosn\u0105cych wymaga\u0144. Maszyny budowlane musz\u0105 stawa\u0107 si\u0119 coraz bardziej wszechstronne i zapewnia\u0107 maksymaln\u0105 produktywno\u015b\u0107 oraz rentowno\u015b\u0107. Aby to osi\u0105gn\u0105\u0107, podczas ustalania zakup\u00f3w maszyn budowlanych konieczne jest dalekowzroczne rozwa\u017cenie wszystkich istotnych aspekt\u00f3w. Inne kluczowe czynniki wp\u0142ywaj\u0105ce na \u017cywotno\u015b\u0107 maszyny to obszar jej zastosowania, serwisowania i konserwacji.<\/p>\n<p>Najwy\u017cszej jako\u015bci maszyny budowlane Takeuchi wyr\u00f3\u017cniaj\u0105 si\u0119 wytrzyma\u0142o\u015bci\u0105, stabilno\u015bci\u0105 i wszechstronno\u015bci\u0105. Przy odpowiednim dostosowaniu i serwisie, zakup maszyny budowlanej Takeuchi oka\u017ce si\u0119 doskona\u0142\u0105, zr\u00f3wnowa\u017con\u0105 i nie wymagaj\u0105c\u0105 du\u017cych nak\u0142ad\u00f3w decyzj\u0105.<\/p>\n<p><strong>Wysokiej jako\u015bci i kompleksowe szkolenie: <\/strong>Aby zapewni\u0107 swoim klientom mo\u017cliwie najlepsze profesjonalne doradztwo, oferujemy naszym partnerom dystrybucyjnym regularne szkolenia z zakresu produkt\u00f3w, dystrybucji i serwisu.<\/p>\n<\/div><\/section><\/div><\/p>\n<\/div><\/div><\/div><!-- close content main div --><\/div><\/div><div id='av_section_1'  class='avia-section av-av_section-f3892e610ee9633c68397830e8f2c661 main_color avia-section-default avia-no-border-styling  avia-builder-el-5  el_after_av_one_full  avia-builder-el-last  avia-bg-style-scroll container_wrap sidebar_right'  ><div class='container av-section-cont-open' ><div class='template-page content  av-content-small alpha units'><div class='post-entry post-entry-type-page post-entry-44746'><div class='entry-content-wrapper clearfix'>\n\n<style type=\"text\/css\" data-created_by=\"avia_inline_auto\" id=\"style-css-av-av_one_third-77f760dea2ff742afe80a6df7e11939e\">\n.flex_column.av-av_one_third-77f760dea2ff742afe80a6df7e11939e{\n-webkit-border-radius:0px 0px 0px 0px;\n-moz-border-radius:0px 0px 0px 0px;\nborder-radius:0px 0px 0px 0px;\npadding:0px 0px 0px 0px;\n}\n<\/style>\n<div class='flex_column av-av_one_third-77f760dea2ff742afe80a6df7e11939e av_one_third  avia-builder-el-6  el_before_av_one_third  avia-builder-el-first  ctaslider first flex_column_div av-zero-column-padding '     ><section  class='av_textblock_section av-av_textblock-2bd894dbf2e4bf2c4acf98ce4fbf94aa'  itemscope=\"itemscope\" itemtype=\"https:\/\/schema.org\/CreativeWork\" ><div class='avia_textblock'  itemprop=\"text\" ><h2>MERCHANDISING<\/h2>\n<\/div><\/section><br \/>\n\n<style type=\"text\/css\" data-created_by=\"avia_inline_auto\" id=\"style-css-av-av_image-1dbe9ebdb525a4cfa9cc6e6b0d4947a8\">\n.avia-image-container.av-av_image-1dbe9ebdb525a4cfa9cc6e6b0d4947a8 img.avia_image{\nbox-shadow:none;\n}\n.avia-image-container.av-av_image-1dbe9ebdb525a4cfa9cc6e6b0d4947a8 .av-image-caption-overlay-center{\ncolor:#ffffff;\n}\n<\/style>\n<div  class='avia-image-container av-av_image-1dbe9ebdb525a4cfa9cc6e6b0d4947a8 av-styling-no-styling avia-align-center  avia-builder-el-8  el_after_av_textblock  avia-builder-el-last '   itemprop=\"image\" itemscope=\"itemscope\" itemtype=\"https:\/\/schema.org\/ImageObject\" ><div class=\"avia-image-container-inner\"><div class=\"avia-image-overlay-wrap\"><a href=\"https:\/\/shop.wschaefer.de\/\" class='avia_image' target=\"_blank\" rel=\"noopener noreferrer\"><img decoding=\"async\" class='wp-image-99858 avia-img-lazy-loading-not-99858 avia_image ' src=\"https:\/\/www.wschaefer.de\/wp-content\/uploads\/2020\/07\/takeuchi-fanshop.jpg\" alt='' title='takeuchi-fanshop'  height=\"359\" width=\"500\"  itemprop=\"thumbnailUrl\" srcset=\"https:\/\/www.wschaefer.de\/wp-content\/uploads\/2020\/07\/takeuchi-fanshop.jpg 500w, https:\/\/www.wschaefer.de\/wp-content\/uploads\/2020\/07\/takeuchi-fanshop-300x215.jpg 300w, https:\/\/www.wschaefer.de\/wp-content\/uploads\/2020\/07\/takeuchi-fanshop-450x323.jpg 450w\" sizes=\"(max-width: 500px) 100vw, 500px\" \/><\/a><\/div><\/div><\/div><\/p><\/div>\n<style type=\"text\/css\" data-created_by=\"avia_inline_auto\" id=\"style-css-av-av_one_third-196d849ca2f32c9aadc80140e612a367\">\n.flex_column.av-av_one_third-196d849ca2f32c9aadc80140e612a367{\n-webkit-border-radius:0px 0px 0px 0px;\n-moz-border-radius:0px 0px 0px 0px;\nborder-radius:0px 0px 0px 0px;\npadding:0px 0px 0px 0px;\n}\n<\/style>\n<div class='flex_column av-av_one_third-196d849ca2f32c9aadc80140e612a367 av_one_third  avia-builder-el-9  el_after_av_one_third  el_before_av_one_third  ctaslider flex_column_div av-zero-column-padding '     ><section  class='av_textblock_section av-av_textblock-2bd894dbf2e4bf2c4acf98ce4fbf94aa'  itemscope=\"itemscope\" itemtype=\"https:\/\/schema.org\/CreativeWork\" ><div class='avia_textblock'  itemprop=\"text\" ><h2>PRODUKTY<\/h2>\n<\/div><\/section><br \/>\n\n<style type=\"text\/css\" data-created_by=\"avia_inline_auto\" id=\"style-css-av-av_image-043fb932aef8e0a3751805976a9580eb\">\n.avia-image-container.av-av_image-043fb932aef8e0a3751805976a9580eb img.avia_image{\nbox-shadow:none;\n}\n.avia-image-container.av-av_image-043fb932aef8e0a3751805976a9580eb .av-image-caption-overlay-center{\ncolor:#ffffff;\n}\n<\/style>\n<div  class='avia-image-container av-av_image-043fb932aef8e0a3751805976a9580eb av-styling-no-styling avia-align-center  avia-builder-el-11  el_after_av_textblock  avia-builder-el-last '   itemprop=\"image\" itemscope=\"itemscope\" itemtype=\"https:\/\/schema.org\/ImageObject\" ><div class=\"avia-image-container-inner\"><div class=\"avia-image-overlay-wrap\"><a href=\"https:\/\/www.takeuchi.de\/pl\" class='avia_image' target=\"_blank\" rel=\"noopener noreferrer\"><img decoding=\"async\" class='wp-image-43898 avia-img-lazy-loading-not-43898 avia_image ' src=\"https:\/\/www.wschaefer.de\/wp-content\/uploads\/2020\/08\/wschaefer-baumaschinen.jpg\" alt='Wsch\u00e4fer \u2013 Baumaschinen' title='Wsch\u00e4fer \u2013 Baumaschinen'  height=\"359\" width=\"500\"  itemprop=\"thumbnailUrl\" srcset=\"https:\/\/www.wschaefer.de\/wp-content\/uploads\/2020\/08\/wschaefer-baumaschinen.jpg 500w, https:\/\/www.wschaefer.de\/wp-content\/uploads\/2020\/08\/wschaefer-baumaschinen-300x215.jpg 300w, https:\/\/www.wschaefer.de\/wp-content\/uploads\/2020\/08\/wschaefer-baumaschinen-450x323.jpg 450w\" sizes=\"(max-width: 500px) 100vw, 500px\" \/><\/a><\/div><\/div><\/div><\/p><\/div>\n<style type=\"text\/css\" data-created_by=\"avia_inline_auto\" id=\"style-css-av-av_one_third-196d849ca2f32c9aadc80140e612a367\">\n.flex_column.av-av_one_third-196d849ca2f32c9aadc80140e612a367{\n-webkit-border-radius:0px 0px 0px 0px;\n-moz-border-radius:0px 0px 0px 0px;\nborder-radius:0px 0px 0px 0px;\npadding:0px 0px 0px 0px;\n}\n<\/style>\n<div class='flex_column av-av_one_third-196d849ca2f32c9aadc80140e612a367 av_one_third  avia-builder-el-12  el_after_av_one_third  avia-builder-el-last  ctaslider flex_column_div av-zero-column-padding '     ><section  class='av_textblock_section av-av_textblock-2bd894dbf2e4bf2c4acf98ce4fbf94aa'  itemscope=\"itemscope\" itemtype=\"https:\/\/schema.org\/CreativeWork\" ><div class='avia_textblock'  itemprop=\"text\" ><h2>Blog<\/h2>\n<\/div><\/section><br \/>\n\n<style type=\"text\/css\" data-created_by=\"avia_inline_auto\" id=\"style-css-av-av_image-748fec32ff1c87cfd899d4aa397f9a0f\">\n.avia-image-container.av-av_image-748fec32ff1c87cfd899d4aa397f9a0f img.avia_image{\nbox-shadow:none;\n}\n.avia-image-container.av-av_image-748fec32ff1c87cfd899d4aa397f9a0f .av-image-caption-overlay-center{\ncolor:#ffffff;\n}\n<\/style>\n<div  class='avia-image-container av-av_image-748fec32ff1c87cfd899d4aa397f9a0f av-styling-no-styling avia-align-center  avia-builder-el-14  el_after_av_textblock  avia-builder-el-last '   itemprop=\"image\" itemscope=\"itemscope\" itemtype=\"https:\/\/schema.org\/ImageObject\" ><div class=\"avia-image-container-inner\"><div class=\"avia-image-overlay-wrap\"><a href=\"https:\/\/www.takeuchi-blog.de\/\" class='avia_image' target=\"_blank\" rel=\"noopener noreferrer\"><img decoding=\"async\" class='wp-image-43899 avia-img-lazy-loading-not-43899 avia_image ' src=\"https:\/\/www.wschaefer.de\/wp-content\/uploads\/2020\/08\/wschaefer-blog.jpg\" alt='Wsch\u00e4fer \u2013 Blog' title='Wsch\u00e4fer \u2013 Blog'  height=\"298\" width=\"400\"  itemprop=\"thumbnailUrl\" srcset=\"https:\/\/www.wschaefer.de\/wp-content\/uploads\/2020\/08\/wschaefer-blog.jpg 400w, https:\/\/www.wschaefer.de\/wp-content\/uploads\/2020\/08\/wschaefer-blog-300x224.jpg 300w\" sizes=\"(max-width: 400px) 100vw, 400px\" \/><\/a><\/div><\/div><\/div><\/p><\/div>\n<\/div><\/div><\/div><!-- close content main div --><\/div><\/div><div id='after_section_1'  class='main_color av_default_container_wrap container_wrap sidebar_right'  ><div class='container av-section-cont-open' ><div class='template-page content  av-content-small alpha units'><div class='post-entry post-entry-type-page post-entry-44746'><div class='entry-content-wrapper clearfix'>\n","protected":false},"excerpt":{"rendered":"","protected":false},"author":663,"featured_media":0,"parent":3927,"menu_order":0,"comment_status":"closed","ping_status":"closed","template":"","meta":{"footnotes":""},"class_list":["post-44746","page","type-page","status-publish","hentry"],"yoast_head":"<!-- This site is optimized with the Yoast SEO plugin v27.2 - https:\/\/yoast.com\/product\/yoast-seo-wordpress\/ -->\n<title>Szkolenia - Wilhelm Sch\u00e4fer GmbH<\/title>\n<meta name=\"robots\" content=\"index, follow, max-snippet:-1, max-image-preview:large, max-video-preview:-1\" \/>\n<link rel=\"canonical\" href=\"https:\/\/www.wschaefer.de\/pl\/serwis\/szkolenia\/\" \/>\n<meta property=\"og:locale\" content=\"pl_PL\" \/>\n<meta property=\"og:type\" content=\"article\" \/>\n<meta property=\"og:title\" content=\"Szkolenia - Wilhelm Sch\u00e4fer GmbH\" \/>\n<meta property=\"og:url\" content=\"https:\/\/www.wschaefer.de\/pl\/serwis\/szkolenia\/\" \/>\n<meta property=\"og:site_name\" content=\"Wilhelm Sch\u00e4fer GmbH\" \/>\n<meta property=\"article:publisher\" content=\"https:\/\/www.facebook.com\/TakeuchiDeutschland\/\" \/>\n<meta property=\"article:modified_time\" content=\"2021-05-31T11:36:56+00:00\" \/>\n<meta name=\"twitter:card\" content=\"summary_large_image\" \/>\n<meta name=\"twitter:label1\" content=\"Szacowany czas czytania\" \/>\n\t<meta name=\"twitter:data1\" content=\"5 minut\" \/>\n<script type=\"application\/ld+json\" class=\"yoast-schema-graph\">{\"@context\":\"https:\/\/schema.org\",\"@graph\":[{\"@type\":\"WebPage\",\"@id\":\"https:\/\/www.wschaefer.de\/pl\/serwis\/szkolenia\/\",\"url\":\"https:\/\/www.wschaefer.de\/pl\/serwis\/szkolenia\/\",\"name\":\"Szkolenia - Wilhelm Sch\u00e4fer GmbH\",\"isPartOf\":{\"@id\":\"https:\/\/www.wschaefer.de\/#website\"},\"datePublished\":\"2020-09-22T15:00:15+00:00\",\"dateModified\":\"2021-05-31T11:36:56+00:00\",\"breadcrumb\":{\"@id\":\"https:\/\/www.wschaefer.de\/pl\/serwis\/szkolenia\/#breadcrumb\"},\"inLanguage\":\"pl-PL\",\"potentialAction\":[{\"@type\":\"ReadAction\",\"target\":[\"https:\/\/www.wschaefer.de\/pl\/serwis\/szkolenia\/\"]}]},{\"@type\":\"BreadcrumbList\",\"@id\":\"https:\/\/www.wschaefer.de\/pl\/serwis\/szkolenia\/#breadcrumb\",\"itemListElement\":[{\"@type\":\"ListItem\",\"position\":1,\"name\":\"Startseite\",\"item\":\"https:\/\/www.wschaefer.de\/pl\/\"},{\"@type\":\"ListItem\",\"position\":2,\"name\":\"Serwis\",\"item\":\"https:\/\/www.wschaefer.de\/pl\/serwis\/\"},{\"@type\":\"ListItem\",\"position\":3,\"name\":\"Szkolenia\"}]},{\"@type\":\"WebSite\",\"@id\":\"https:\/\/www.wschaefer.de\/#website\",\"url\":\"https:\/\/www.wschaefer.de\/\",\"name\":\"Wilhelm Sch\u00e4fer GmbH\",\"description\":\"Baumaschinen von Takeuchi\",\"publisher\":{\"@id\":\"https:\/\/www.wschaefer.de\/#organization\"},\"potentialAction\":[{\"@type\":\"SearchAction\",\"target\":{\"@type\":\"EntryPoint\",\"urlTemplate\":\"https:\/\/www.wschaefer.de\/?s={search_term_string}\"},\"query-input\":{\"@type\":\"PropertyValueSpecification\",\"valueRequired\":true,\"valueName\":\"search_term_string\"}}],\"inLanguage\":\"pl-PL\"},{\"@type\":\"Organization\",\"@id\":\"https:\/\/www.wschaefer.de\/#organization\",\"name\":\"Wilhelm Sch\u00e4fer GmbH\",\"url\":\"https:\/\/www.wschaefer.de\/\",\"logo\":{\"@type\":\"ImageObject\",\"inLanguage\":\"pl-PL\",\"@id\":\"https:\/\/www.wschaefer.de\/#\/schema\/logo\/image\/\",\"url\":\"\",\"contentUrl\":\"\",\"caption\":\"Wilhelm Sch\u00e4fer GmbH\"},\"image\":{\"@id\":\"https:\/\/www.wschaefer.de\/#\/schema\/logo\/image\/\"},\"sameAs\":[\"https:\/\/www.facebook.com\/TakeuchiDeutschland\/\",\"https:\/\/www.youtube.com\/channel\/UCr2PIPiTyhAABg7xoTX3V2w\"]}]}<\/script>\n<!-- \/ Yoast SEO plugin. -->","yoast_head_json":{"title":"Szkolenia - Wilhelm Sch\u00e4fer GmbH","robots":{"index":"index","follow":"follow","max-snippet":"max-snippet:-1","max-image-preview":"max-image-preview:large","max-video-preview":"max-video-preview:-1"},"canonical":"https:\/\/www.wschaefer.de\/pl\/serwis\/szkolenia\/","og_locale":"pl_PL","og_type":"article","og_title":"Szkolenia - Wilhelm Sch\u00e4fer GmbH","og_url":"https:\/\/www.wschaefer.de\/pl\/serwis\/szkolenia\/","og_site_name":"Wilhelm Sch\u00e4fer GmbH","article_publisher":"https:\/\/www.facebook.com\/TakeuchiDeutschland\/","article_modified_time":"2021-05-31T11:36:56+00:00","twitter_card":"summary_large_image","twitter_misc":{"Szacowany czas czytania":"5 minut"},"schema":{"@context":"https:\/\/schema.org","@graph":[{"@type":"WebPage","@id":"https:\/\/www.wschaefer.de\/pl\/serwis\/szkolenia\/","url":"https:\/\/www.wschaefer.de\/pl\/serwis\/szkolenia\/","name":"Szkolenia - Wilhelm Sch\u00e4fer GmbH","isPartOf":{"@id":"https:\/\/www.wschaefer.de\/#website"},"datePublished":"2020-09-22T15:00:15+00:00","dateModified":"2021-05-31T11:36:56+00:00","breadcrumb":{"@id":"https:\/\/www.wschaefer.de\/pl\/serwis\/szkolenia\/#breadcrumb"},"inLanguage":"pl-PL","potentialAction":[{"@type":"ReadAction","target":["https:\/\/www.wschaefer.de\/pl\/serwis\/szkolenia\/"]}]},{"@type":"BreadcrumbList","@id":"https:\/\/www.wschaefer.de\/pl\/serwis\/szkolenia\/#breadcrumb","itemListElement":[{"@type":"ListItem","position":1,"name":"Startseite","item":"https:\/\/www.wschaefer.de\/pl\/"},{"@type":"ListItem","position":2,"name":"Serwis","item":"https:\/\/www.wschaefer.de\/pl\/serwis\/"},{"@type":"ListItem","position":3,"name":"Szkolenia"}]},{"@type":"WebSite","@id":"https:\/\/www.wschaefer.de\/#website","url":"https:\/\/www.wschaefer.de\/","name":"Wilhelm Sch\u00e4fer GmbH","description":"Baumaschinen von Takeuchi","publisher":{"@id":"https:\/\/www.wschaefer.de\/#organization"},"potentialAction":[{"@type":"SearchAction","target":{"@type":"EntryPoint","urlTemplate":"https:\/\/www.wschaefer.de\/?s={search_term_string}"},"query-input":{"@type":"PropertyValueSpecification","valueRequired":true,"valueName":"search_term_string"}}],"inLanguage":"pl-PL"},{"@type":"Organization","@id":"https:\/\/www.wschaefer.de\/#organization","name":"Wilhelm Sch\u00e4fer GmbH","url":"https:\/\/www.wschaefer.de\/","logo":{"@type":"ImageObject","inLanguage":"pl-PL","@id":"https:\/\/www.wschaefer.de\/#\/schema\/logo\/image\/","url":"","contentUrl":"","caption":"Wilhelm Sch\u00e4fer GmbH"},"image":{"@id":"https:\/\/www.wschaefer.de\/#\/schema\/logo\/image\/"},"sameAs":["https:\/\/www.facebook.com\/TakeuchiDeutschland\/","https:\/\/www.youtube.com\/channel\/UCr2PIPiTyhAABg7xoTX3V2w"]}]}},"_links":{"self":[{"href":"https:\/\/www.wschaefer.de\/pl\/wp-json\/wp\/v2\/pages\/44746","targetHints":{"allow":["GET"]}}],"collection":[{"href":"https:\/\/www.wschaefer.de\/pl\/wp-json\/wp\/v2\/pages"}],"about":[{"href":"https:\/\/www.wschaefer.de\/pl\/wp-json\/wp\/v2\/types\/page"}],"author":[{"embeddable":true,"href":"https:\/\/www.wschaefer.de\/pl\/wp-json\/wp\/v2\/users\/663"}],"replies":[{"embeddable":true,"href":"https:\/\/www.wschaefer.de\/pl\/wp-json\/wp\/v2\/comments?post=44746"}],"version-history":[{"count":0,"href":"https:\/\/www.wschaefer.de\/pl\/wp-json\/wp\/v2\/pages\/44746\/revisions"}],"up":[{"embeddable":true,"href":"https:\/\/www.wschaefer.de\/pl\/wp-json\/wp\/v2\/pages\/3927"}],"wp:attachment":[{"href":"https:\/\/www.wschaefer.de\/pl\/wp-json\/wp\/v2\/media?parent=44746"}],"curies":[{"name":"wp","href":"https:\/\/api.w.org\/{rel}","templated":true}]}}