{"id":44732,"date":"2020-09-21T14:07:33","date_gmt":"2020-09-21T12:07:33","guid":{"rendered":"https:\/\/www.wschaefer.de\/?page_id=44732"},"modified":"2021-06-01T11:39:52","modified_gmt":"2021-06-01T09:39:52","slug":"dealerzy-takeuchi","status":"publish","type":"page","link":"https:\/\/www.wschaefer.de\/pl\/dealerzy-takeuchi\/","title":{"rendered":"Dealerzy Takeuchi"},"content":{"rendered":"\n<style type=\"text\/css\" data-created_by=\"avia_inline_auto\" id=\"style-css-av-av_one_full-15d750bd1b332b34c6e70b077ebbccdf\">\n.flex_column.av-av_one_full-15d750bd1b332b34c6e70b077ebbccdf{\n-webkit-border-radius:0px 0px 0px 0px;\n-moz-border-radius:0px 0px 0px 0px;\nborder-radius:0px 0px 0px 0px;\npadding:0px 0px 0px 0px;\n}\n<\/style>\n<div class='flex_column av-av_one_full-15d750bd1b332b34c6e70b077ebbccdf av_one_full  avia-builder-el-0  el_before_av_section  avia-builder-el-no-sibling  first flex_column_div av-zero-column-padding '     ><section  class='av_textblock_section av-av_textblock-2bd894dbf2e4bf2c4acf98ce4fbf94aa'  itemscope=\"itemscope\" itemtype=\"https:\/\/schema.org\/CreativeWork\" ><div class='avia_textblock'  itemprop=\"text\" ><h2>DEALERZY TAKEUCHI<\/h2>\n<p>Szukasz dealera Takeuchi?<\/p>\n<p>Uzupe\u0142nij poni\u017csze informacje, aby\u015bmy mogli poda\u0107 nazw\u0119 dealera Takeuchi w Twoim regionie, kt\u00f3ry posiada maszyny budowlane odpowiednie do Twoich potrzeb.<\/p>\n<\/div><\/section><\/div>\n<\/div><\/div><\/div><!-- close content main div --><\/div><\/div>\n<style type=\"text\/css\" data-created_by=\"avia_inline_auto\" id=\"style-css-av-av_section-1c760d46a87884473f7b75fb338aaab7\">\n.avia-section.av-av_section-1c760d46a87884473f7b75fb338aaab7{\nbackground-color:#e8e8e8;\nbackground-image:unset;\n}\n<\/style>\n<div id='av_section_1'  class='avia-section av-av_section-1c760d46a87884473f7b75fb338aaab7 main_color avia-section-default avia-no-shadow  avia-builder-el-2  el_after_av_one_full  el_before_av_section  avia-bg-style-scroll container_wrap sidebar_right'  ><div class='container av-section-cont-open' ><div class='template-page content  av-content-small alpha units'><div class='post-entry post-entry-type-page post-entry-44732'><div class='entry-content-wrapper clearfix'>\n<section  class='av_textblock_section av-av_textblock-2bd894dbf2e4bf2c4acf98ce4fbf94aa'  itemscope=\"itemscope\" itemtype=\"https:\/\/schema.org\/CreativeWork\" ><div class='avia_textblock'  itemprop=\"text\" >\n<div class=\"wpcf7 no-js\" id=\"wpcf7-f44740-o1\" lang=\"de-DE\" dir=\"ltr\" data-wpcf7-id=\"44740\">\n<div class=\"screen-reader-response\"><p role=\"status\" aria-live=\"polite\" aria-atomic=\"true\"><\/p> <ul><\/ul><\/div>\n<form action=\"\/pl\/wp-json\/wp\/v2\/pages\/44732#wpcf7-f44740-o1\" method=\"post\" class=\"wpcf7-form init\" aria-label=\"Kontaktformular\" novalidate=\"novalidate\" data-status=\"init\">\n<fieldset class=\"hidden-fields-container\"><input type=\"hidden\" name=\"_wpcf7\" value=\"44740\" \/><input type=\"hidden\" name=\"_wpcf7_version\" value=\"6.1.5\" \/><input type=\"hidden\" name=\"_wpcf7_locale\" value=\"de_DE\" \/><input type=\"hidden\" name=\"_wpcf7_unit_tag\" value=\"wpcf7-f44740-o1\" \/><input type=\"hidden\" name=\"_wpcf7_container_post\" value=\"0\" \/><input type=\"hidden\" name=\"_wpcf7_posted_data_hash\" value=\"\" \/><input type=\"hidden\" name=\"_wpcf7dtx_version\" value=\"5.0.5\" \/>\n<\/fieldset>\n<div class=\"popup-spalte\">\n\t<p><b><\/b>\n\t<\/p>\n\t<h2 class=\"haendlerseite\">SEKTOR\n\t<\/h2>\n\t<p style=\"font-family:Helvetica; font-size:13px;\"><span class=\"wpcf7-form-control-wrap\" data-name=\"branche\"><span class=\"wpcf7-form-control wpcf7-checkbox\"><span class=\"wpcf7-list-item first\"><label><input type=\"checkbox\" name=\"branche[]\" value=\"Bran\u017ce zwi\u0105zane z budownictwem\" \/><span class=\"wpcf7-list-item-label\">Bran\u017ce zwi\u0105zane z budownictwem<\/span><\/label><\/span><span class=\"wpcf7-list-item\"><label><input type=\"checkbox\" name=\"branche[]\" value=\"Ogrodnictwo i architektura krajobrazu\" \/><span class=\"wpcf7-list-item-label\">Ogrodnictwo i architektura krajobrazu<\/span><\/label><\/span><span class=\"wpcf7-list-item\"><label><input type=\"checkbox\" name=\"branche[]\" value=\"In\u017cynieria budowlana \/ l\u0105dowa\" \/><span class=\"wpcf7-list-item-label\">In\u017cynieria budowlana \/ l\u0105dowa<\/span><\/label><\/span><span class=\"wpcf7-list-item\"><label><input type=\"checkbox\" name=\"branche[]\" value=\"Uslugi komunalne\" \/><span class=\"wpcf7-list-item-label\">Uslugi komunalne<\/span><\/label><\/span><span class=\"wpcf7-list-item last\"><label><input type=\"checkbox\" name=\"branche[]\" value=\"Inne\" \/><span class=\"wpcf7-list-item-label\">Inne<\/span><\/label><\/span><\/span><\/span>\n\t<\/p>\n<\/div>\n<div class=\"popup-spalte\">\n\t<p><b><\/b>\n\t<\/p>\n\t<h2 class=\"haendlerseite\">PRODUKT\n\t<\/h2>\n\t<p style=\"font-family:Helvetica; font-size:13px;\"><span class=\"wpcf7-form-control-wrap\" data-name=\"baumaschine\"><span class=\"wpcf7-form-control wpcf7-checkbox\"><span class=\"wpcf7-list-item first\"><label><input type=\"checkbox\" name=\"baumaschine[]\" value=\"Minikoparki, 1\u20136 t\" \/><span class=\"wpcf7-list-item-label\">Minikoparki, 1\u20136 t<\/span><\/label><\/span><span class=\"wpcf7-list-item\"><label><input type=\"checkbox\" name=\"baumaschine[]\" value=\"Koparki kompaktowe, 6-15 t\" \/><span class=\"wpcf7-list-item-label\">Koparki kompaktowe, 6-15 t<\/span><\/label><\/span><span class=\"wpcf7-list-item\"><label><input type=\"checkbox\" name=\"baumaschine[]\" value=\"Koparki g\u0105sienicowe\" \/><span class=\"wpcf7-list-item-label\">Koparki g\u0105sienicowe<\/span><\/label><\/span><span class=\"wpcf7-list-item\"><label><input type=\"checkbox\" name=\"baumaschine[]\" value=\"Koparki hybrydowe\" \/><span class=\"wpcf7-list-item-label\">Koparki hybrydowe<\/span><\/label><\/span><span class=\"wpcf7-list-item\"><label><input type=\"checkbox\" name=\"baumaschine[]\" value=\"Koparki z zerowym obrotem\" \/><span class=\"wpcf7-list-item-label\">Koparki z zerowym obrotem<\/span><\/label><\/span><span class=\"wpcf7-list-item\"><label><input type=\"checkbox\" name=\"baumaschine[]\" value=\"Dumpery\" \/><span class=\"wpcf7-list-item-label\">Dumpery<\/span><\/label><\/span><span class=\"wpcf7-list-item\"><label><input type=\"checkbox\" name=\"baumaschine[]\" value=\"\u0141adowarki g\u0105sienicowe\" \/><span class=\"wpcf7-list-item-label\">\u0141adowarki g\u0105sienicowe<\/span><\/label><\/span><span class=\"wpcf7-list-item last\"><label><input type=\"checkbox\" name=\"baumaschine[]\" value=\"Koparki ko\u0142owe\" \/><span class=\"wpcf7-list-item-label\">Koparki ko\u0142owe<\/span><\/label><\/span><\/span><\/span>\n\t<\/p>\n\t<div class=\"clearfix\">\n\t<\/div>\n<\/div>\n<div class=\"clearfix\">\n<\/div>\n<h2>DANE KONTAKTOWE\n<\/h2>\n<p>*= Pole obowi\u0105zkowe\n<\/p>\n<div class=\"form_fullwidth \">\n\t<p><label> Nazwa firmy*<br \/>\n<span class=\"wpcf7-form-control-wrap\" data-name=\"firma\"><input size=\"40\" maxlength=\"400\" class=\"wpcf7-form-control wpcf7-text wpcf7-validates-as-required\" aria-required=\"true\" aria-invalid=\"false\" value=\"\" type=\"text\" name=\"firma\" \/><\/span> <\/label>\n\t<\/p>\n<\/div>\n<div class=\"form_element_half first_form\">\n\t<p><label> Imi\u0119*<br \/>\n<span class=\"wpcf7-form-control-wrap\" data-name=\"vname\"><input size=\"40\" maxlength=\"400\" class=\"wpcf7-form-control wpcf7-text wpcf7-validates-as-required\" aria-required=\"true\" aria-invalid=\"false\" value=\"\" type=\"text\" name=\"vname\" \/><\/span> <\/label>\n\t<\/p>\n<\/div>\n<div class=\"form_element_half\">\n\t<p><label> Nazwisko*<br \/>\n<span class=\"wpcf7-form-control-wrap\" data-name=\"nname\"><input size=\"40\" maxlength=\"400\" class=\"wpcf7-form-control wpcf7-text wpcf7-validates-as-required\" aria-required=\"true\" aria-invalid=\"false\" value=\"\" type=\"text\" name=\"nname\" \/><\/span> <\/label>\n\t<\/p>\n<\/div>\n<div class=\"form_element_half first_form\">\n\t<p><label> Kod pocztowy*<br \/>\n<span class=\"wpcf7-form-control-wrap\" data-name=\"plz\"><input size=\"40\" maxlength=\"400\" class=\"wpcf7-form-control wpcf7-text wpcf7-validates-as-required\" aria-required=\"true\" aria-invalid=\"false\" value=\"\" type=\"text\" name=\"plz\" \/><\/span> <\/label>\n\t<\/p>\n<\/div>\n<div class=\"form_element_half\">\n\t<p><label> Adres e-mail*<br \/>\n<span class=\"wpcf7-form-control-wrap\" data-name=\"your-email\"><input size=\"40\" maxlength=\"400\" class=\"wpcf7-form-control wpcf7-email wpcf7-validates-as-required wpcf7-text wpcf7-validates-as-email\" aria-required=\"true\" aria-invalid=\"false\" value=\"\" type=\"email\" name=\"your-email\" \/><\/span> <\/label>\n\t<\/p>\n<\/div>\n<p><strong>Zgoda na przesy\u0142anie danych osobowych<\/strong><br \/>\nAby odpowiedzie\u0107 na zapytanie dotycz\u0105ce maszyn i cz\u0119\u015bci zamiennych, musimy przekaza\u0107, a tym samym przetworzy\u0107 dane osobowe, przekazane naszemu autoryzowanemu dealerowi w rejonie Twojego kodu pocztowego. Musimy zaanga\u017cowa\u0107 naszych autoryzowanych dealer\u00f3w, poniewa\u017c maj\u0105 za zadanie bezpo\u015brednio przetwarzanie tego typu konkretnego zapytania.\n<\/p>\n<p class=\"rechtliches\"><span class=\"wpcf7-form-control-wrap\" data-name=\"checkbox-vertragspartner\"><span class=\"wpcf7-form-control wpcf7-checkbox wpcf7-validates-as-required\"><span class=\"wpcf7-list-item first last\"><input type=\"checkbox\" name=\"checkbox-vertragspartner[]\" value=\"\" \/><span class=\"wpcf7-list-item-label\"><\/span><\/span><\/span><\/span><span class=\"text\"><strong>Tak,<\/strong> wyra\u017cam zgod\u0119 na przesy\u0142anie moich danych osobowych autoryzowanemu dealerowi w rejonie mojego kodu pocztowego w celu udzielenia odpowiedzi na moje zapytanie. W ka\u017cdej chwili mog\u0119 wycofa\u0107 zgod\u0119, powiadamiaj\u0105c o tym Wilhelm Sch\u00e4fer GmbH., Lise-Meitner-Stra\u00dfe 2 w 64646 Heppenheim, Niemcy, <a href=\"mailto:info@wschaefer.de\" style=\"color: #ad1123;\">info@wschaefer.de,<\/a> jako administratora danych. Wycofanie zgody nie b\u0119dzie mia\u0142o wp\u0142ywu na podstaw\u0119 prawn\u0105 przetwarzania zako\u0144czonego do momentu takiego wycofania. W takim przypadku administrator nie b\u0119dzie w stanie spe\u0142ni\u0107 Twojej pro\u015bby.<\/span>\n<\/p>\n<p class=\"rechtliches\"><span class=\"wpcf7-form-control-wrap\" data-name=\"checkbox-Wilhelm\"><span class=\"wpcf7-form-control wpcf7-checkbox\"><span class=\"wpcf7-list-item first last\"><input type=\"checkbox\" name=\"checkbox-Wilhelm[]\" value=\"\" \/><span class=\"wpcf7-list-item-label\"><\/span><\/span><\/span><\/span><span class=\"text\"><strong>Tak,<\/strong> wyra\u017cam zgod\u0119 na przetwarzanie przez Wilhelm Sch\u00e4fer GmbH z Heppenheim podanych przeze mnie danych osobowych w celu informowania mnie przez e-mail o ofertach, us\u0142ugach i nowych produktach. Prze\u015blemy Ci takie informacje zgodnie z naszymi <a href=\"https:\/\/www.wschaefer.de\/pl\/oswiadczenie-o-ochronie-danych\/\" target=\"_blank\" style=\"color: #ad1123;\">Zasadami ochrony danych<\/a> i b\u0119dziemy wykorzystywa\u0107 te informacje wy\u0142\u0105cznie do reklamowania naszych w\u0142asnych produkt\u00f3w i us\u0142ug. Nie b\u0119dziemy udost\u0119pnia\u0107 Twoich danych innym stronom trzecim.<\/span>\n<\/p>\n<p><input class=\"wpcf7-form-control wpcf7-submit has-spinner\" type=\"submit\" value=\"ZAPYTAJ TERAZ\" \/>\n<\/p><input type='hidden' class='wpcf7-pum' value='{\"closepopup\":false,\"closedelay\":0,\"openpopup\":false,\"openpopup_id\":0}' \/><div class=\"wpcf7-response-output\" aria-hidden=\"true\"><\/div>\n<\/form>\n<\/div>\n\n<\/div><\/section>\n<\/div><\/div><\/div><!-- close content main div --><\/div><\/div><div id='av_section_2'  class='avia-section av-av_section-f3892e610ee9633c68397830e8f2c661 main_color avia-section-default avia-no-border-styling  avia-builder-el-4  el_after_av_section  avia-builder-el-last  avia-bg-style-scroll container_wrap sidebar_right'  ><div class='container av-section-cont-open' ><div class='template-page content  av-content-small alpha units'><div class='post-entry post-entry-type-page post-entry-44732'><div class='entry-content-wrapper clearfix'>\n\n<style type=\"text\/css\" data-created_by=\"avia_inline_auto\" id=\"style-css-av-av_one_third-77f760dea2ff742afe80a6df7e11939e\">\n.flex_column.av-av_one_third-77f760dea2ff742afe80a6df7e11939e{\n-webkit-border-radius:0px 0px 0px 0px;\n-moz-border-radius:0px 0px 0px 0px;\nborder-radius:0px 0px 0px 0px;\npadding:0px 0px 0px 0px;\n}\n<\/style>\n<div class='flex_column av-av_one_third-77f760dea2ff742afe80a6df7e11939e av_one_third  avia-builder-el-5  el_before_av_one_third  avia-builder-el-first  ctaslider first flex_column_div av-zero-column-padding '     ><section  class='av_textblock_section av-av_textblock-2bd894dbf2e4bf2c4acf98ce4fbf94aa'  itemscope=\"itemscope\" itemtype=\"https:\/\/schema.org\/CreativeWork\" ><div class='avia_textblock'  itemprop=\"text\" ><h2>MERCHANDISING<\/h2>\n<\/div><\/section><br \/>\n\n<style type=\"text\/css\" data-created_by=\"avia_inline_auto\" id=\"style-css-av-av_image-1dbe9ebdb525a4cfa9cc6e6b0d4947a8\">\n.avia-image-container.av-av_image-1dbe9ebdb525a4cfa9cc6e6b0d4947a8 img.avia_image{\nbox-shadow:none;\n}\n.avia-image-container.av-av_image-1dbe9ebdb525a4cfa9cc6e6b0d4947a8 .av-image-caption-overlay-center{\ncolor:#ffffff;\n}\n<\/style>\n<div  class='avia-image-container av-av_image-1dbe9ebdb525a4cfa9cc6e6b0d4947a8 av-styling-no-styling avia-align-center  avia-builder-el-7  el_after_av_textblock  avia-builder-el-last '   itemprop=\"image\" itemscope=\"itemscope\" itemtype=\"https:\/\/schema.org\/ImageObject\" ><div class=\"avia-image-container-inner\"><div class=\"avia-image-overlay-wrap\"><a href=\"https:\/\/shop.wschaefer.de\/\" class='avia_image' target=\"_blank\" rel=\"noopener noreferrer\"><img decoding=\"async\" class='wp-image-99858 avia-img-lazy-loading-not-99858 avia_image ' src=\"https:\/\/www.wschaefer.de\/wp-content\/uploads\/2020\/07\/takeuchi-fanshop.jpg\" alt='' title='takeuchi-fanshop'  height=\"359\" width=\"500\"  itemprop=\"thumbnailUrl\" srcset=\"https:\/\/www.wschaefer.de\/wp-content\/uploads\/2020\/07\/takeuchi-fanshop.jpg 500w, https:\/\/www.wschaefer.de\/wp-content\/uploads\/2020\/07\/takeuchi-fanshop-300x215.jpg 300w, https:\/\/www.wschaefer.de\/wp-content\/uploads\/2020\/07\/takeuchi-fanshop-450x323.jpg 450w\" sizes=\"(max-width: 500px) 100vw, 500px\" \/><\/a><\/div><\/div><\/div><\/p><\/div>\n<style type=\"text\/css\" data-created_by=\"avia_inline_auto\" id=\"style-css-av-av_one_third-196d849ca2f32c9aadc80140e612a367\">\n.flex_column.av-av_one_third-196d849ca2f32c9aadc80140e612a367{\n-webkit-border-radius:0px 0px 0px 0px;\n-moz-border-radius:0px 0px 0px 0px;\nborder-radius:0px 0px 0px 0px;\npadding:0px 0px 0px 0px;\n}\n<\/style>\n<div class='flex_column av-av_one_third-196d849ca2f32c9aadc80140e612a367 av_one_third  avia-builder-el-8  el_after_av_one_third  el_before_av_one_third  ctaslider flex_column_div av-zero-column-padding '     ><section  class='av_textblock_section av-av_textblock-2bd894dbf2e4bf2c4acf98ce4fbf94aa'  itemscope=\"itemscope\" itemtype=\"https:\/\/schema.org\/CreativeWork\" ><div class='avia_textblock'  itemprop=\"text\" ><h2>Blog<\/h2>\n<\/div><\/section><br \/>\n\n<style type=\"text\/css\" data-created_by=\"avia_inline_auto\" id=\"style-css-av-av_image-748fec32ff1c87cfd899d4aa397f9a0f\">\n.avia-image-container.av-av_image-748fec32ff1c87cfd899d4aa397f9a0f img.avia_image{\nbox-shadow:none;\n}\n.avia-image-container.av-av_image-748fec32ff1c87cfd899d4aa397f9a0f .av-image-caption-overlay-center{\ncolor:#ffffff;\n}\n<\/style>\n<div  class='avia-image-container av-av_image-748fec32ff1c87cfd899d4aa397f9a0f av-styling-no-styling avia-align-center  avia-builder-el-10  el_after_av_textblock  avia-builder-el-last '   itemprop=\"image\" itemscope=\"itemscope\" itemtype=\"https:\/\/schema.org\/ImageObject\" ><div class=\"avia-image-container-inner\"><div class=\"avia-image-overlay-wrap\"><a href=\"https:\/\/www.takeuchi-blog.de\/\" class='avia_image' target=\"_blank\" rel=\"noopener noreferrer\"><img decoding=\"async\" class='wp-image-43899 avia-img-lazy-loading-not-43899 avia_image ' src=\"https:\/\/www.wschaefer.de\/wp-content\/uploads\/2020\/08\/wschaefer-blog.jpg\" alt='Wsch\u00e4fer \u2013 Blog' title='Wsch\u00e4fer \u2013 Blog'  height=\"298\" width=\"400\"  itemprop=\"thumbnailUrl\" srcset=\"https:\/\/www.wschaefer.de\/wp-content\/uploads\/2020\/08\/wschaefer-blog.jpg 400w, https:\/\/www.wschaefer.de\/wp-content\/uploads\/2020\/08\/wschaefer-blog-300x224.jpg 300w\" sizes=\"(max-width: 400px) 100vw, 400px\" \/><\/a><\/div><\/div><\/div><\/p><\/div>\n<style type=\"text\/css\" data-created_by=\"avia_inline_auto\" id=\"style-css-av-av_one_third-196d849ca2f32c9aadc80140e612a367\">\n.flex_column.av-av_one_third-196d849ca2f32c9aadc80140e612a367{\n-webkit-border-radius:0px 0px 0px 0px;\n-moz-border-radius:0px 0px 0px 0px;\nborder-radius:0px 0px 0px 0px;\npadding:0px 0px 0px 0px;\n}\n<\/style>\n<div class='flex_column av-av_one_third-196d849ca2f32c9aadc80140e612a367 av_one_third  avia-builder-el-11  el_after_av_one_third  avia-builder-el-last  ctaslider flex_column_div av-zero-column-padding '     ><section  class='av_textblock_section av-av_textblock-2bd894dbf2e4bf2c4acf98ce4fbf94aa'  itemscope=\"itemscope\" itemtype=\"https:\/\/schema.org\/CreativeWork\" ><div class='avia_textblock'  itemprop=\"text\" ><h2>PRODUKTY<\/h2>\n<\/div><\/section><br \/>\n\n<style type=\"text\/css\" data-created_by=\"avia_inline_auto\" id=\"style-css-av-av_image-5a125152331336f3d13c5623afd4eef1\">\n.avia-image-container.av-av_image-5a125152331336f3d13c5623afd4eef1 img.avia_image{\nbox-shadow:none;\n}\n.avia-image-container.av-av_image-5a125152331336f3d13c5623afd4eef1 .av-image-caption-overlay-center{\ncolor:#ffffff;\n}\n<\/style>\n<div  class='avia-image-container av-av_image-5a125152331336f3d13c5623afd4eef1 av-styling-no-styling avia-align-center  avia-builder-el-13  el_after_av_textblock  avia-builder-el-last '   itemprop=\"image\" itemscope=\"itemscope\" itemtype=\"https:\/\/schema.org\/ImageObject\" ><div class=\"avia-image-container-inner\"><div class=\"avia-image-overlay-wrap\"><a href=\"https:\/\/takeuchi.de\/pl\/\" class='avia_image' target=\"_blank\" rel=\"noopener noreferrer\"><img decoding=\"async\" class='wp-image-43898 avia-img-lazy-loading-not-43898 avia_image ' src=\"https:\/\/www.wschaefer.de\/wp-content\/uploads\/2020\/08\/wschaefer-baumaschinen.jpg\" alt='Wsch\u00e4fer \u2013 Baumaschinen' title='Wsch\u00e4fer \u2013 Baumaschinen'  height=\"359\" width=\"500\"  itemprop=\"thumbnailUrl\" srcset=\"https:\/\/www.wschaefer.de\/wp-content\/uploads\/2020\/08\/wschaefer-baumaschinen.jpg 500w, https:\/\/www.wschaefer.de\/wp-content\/uploads\/2020\/08\/wschaefer-baumaschinen-300x215.jpg 300w, https:\/\/www.wschaefer.de\/wp-content\/uploads\/2020\/08\/wschaefer-baumaschinen-450x323.jpg 450w\" sizes=\"(max-width: 500px) 100vw, 500px\" \/><\/a><\/div><\/div><\/div><\/p><\/div>\n<\/div><\/div><\/div><!-- close content main div --><\/div><\/div><div id='after_section_2'  class='main_color av_default_container_wrap container_wrap sidebar_right'  ><div class='container av-section-cont-open' ><div class='template-page content  av-content-small alpha units'><div class='post-entry post-entry-type-page post-entry-44732'><div class='entry-content-wrapper clearfix'><\/p>\n","protected":false},"excerpt":{"rendered":"","protected":false},"author":663,"featured_media":0,"parent":0,"menu_order":0,"comment_status":"closed","ping_status":"closed","template":"","meta":{"footnotes":""},"class_list":["post-44732","page","type-page","status-publish","hentry"],"yoast_head":"<!-- This site is optimized with the Yoast SEO plugin v27.2 - https:\/\/yoast.com\/product\/yoast-seo-wordpress\/ -->\n<title>Dealerzy Takeuchi - Wilhelm Sch\u00e4fer GmbH<\/title>\n<meta name=\"robots\" content=\"index, follow, max-snippet:-1, max-image-preview:large, max-video-preview:-1\" \/>\n<link rel=\"canonical\" href=\"https:\/\/www.wschaefer.de\/pl\/dealerzy-takeuchi\/\" \/>\n<meta property=\"og:locale\" content=\"pl_PL\" \/>\n<meta property=\"og:type\" content=\"article\" \/>\n<meta property=\"og:title\" content=\"Dealerzy Takeuchi - Wilhelm Sch\u00e4fer GmbH\" \/>\n<meta property=\"og:url\" content=\"https:\/\/www.wschaefer.de\/pl\/dealerzy-takeuchi\/\" \/>\n<meta property=\"og:site_name\" content=\"Wilhelm Sch\u00e4fer GmbH\" \/>\n<meta property=\"article:publisher\" content=\"https:\/\/www.facebook.com\/TakeuchiDeutschland\/\" \/>\n<meta property=\"article:modified_time\" content=\"2021-06-01T09:39:52+00:00\" \/>\n<meta name=\"twitter:card\" content=\"summary_large_image\" \/>\n<meta name=\"twitter:label1\" content=\"Szacowany czas czytania\" \/>\n\t<meta name=\"twitter:data1\" content=\"4 minuty\" \/>\n<script type=\"application\/ld+json\" class=\"yoast-schema-graph\">{\"@context\":\"https:\/\/schema.org\",\"@graph\":[{\"@type\":\"WebPage\",\"@id\":\"https:\/\/www.wschaefer.de\/pl\/dealerzy-takeuchi\/\",\"url\":\"https:\/\/www.wschaefer.de\/pl\/dealerzy-takeuchi\/\",\"name\":\"Dealerzy Takeuchi - Wilhelm Sch\u00e4fer GmbH\",\"isPartOf\":{\"@id\":\"https:\/\/www.wschaefer.de\/#website\"},\"datePublished\":\"2020-09-21T12:07:33+00:00\",\"dateModified\":\"2021-06-01T09:39:52+00:00\",\"breadcrumb\":{\"@id\":\"https:\/\/www.wschaefer.de\/pl\/dealerzy-takeuchi\/#breadcrumb\"},\"inLanguage\":\"pl-PL\",\"potentialAction\":[{\"@type\":\"ReadAction\",\"target\":[\"https:\/\/www.wschaefer.de\/pl\/dealerzy-takeuchi\/\"]}]},{\"@type\":\"BreadcrumbList\",\"@id\":\"https:\/\/www.wschaefer.de\/pl\/dealerzy-takeuchi\/#breadcrumb\",\"itemListElement\":[{\"@type\":\"ListItem\",\"position\":1,\"name\":\"Startseite\",\"item\":\"https:\/\/www.wschaefer.de\/pl\/\"},{\"@type\":\"ListItem\",\"position\":2,\"name\":\"Dealerzy Takeuchi\"}]},{\"@type\":\"WebSite\",\"@id\":\"https:\/\/www.wschaefer.de\/#website\",\"url\":\"https:\/\/www.wschaefer.de\/\",\"name\":\"Wilhelm Sch\u00e4fer GmbH\",\"description\":\"Baumaschinen von Takeuchi\",\"publisher\":{\"@id\":\"https:\/\/www.wschaefer.de\/#organization\"},\"potentialAction\":[{\"@type\":\"SearchAction\",\"target\":{\"@type\":\"EntryPoint\",\"urlTemplate\":\"https:\/\/www.wschaefer.de\/?s={search_term_string}\"},\"query-input\":{\"@type\":\"PropertyValueSpecification\",\"valueRequired\":true,\"valueName\":\"search_term_string\"}}],\"inLanguage\":\"pl-PL\"},{\"@type\":\"Organization\",\"@id\":\"https:\/\/www.wschaefer.de\/#organization\",\"name\":\"Wilhelm Sch\u00e4fer GmbH\",\"url\":\"https:\/\/www.wschaefer.de\/\",\"logo\":{\"@type\":\"ImageObject\",\"inLanguage\":\"pl-PL\",\"@id\":\"https:\/\/www.wschaefer.de\/#\/schema\/logo\/image\/\",\"url\":\"\",\"contentUrl\":\"\",\"caption\":\"Wilhelm Sch\u00e4fer GmbH\"},\"image\":{\"@id\":\"https:\/\/www.wschaefer.de\/#\/schema\/logo\/image\/\"},\"sameAs\":[\"https:\/\/www.facebook.com\/TakeuchiDeutschland\/\",\"https:\/\/www.youtube.com\/channel\/UCr2PIPiTyhAABg7xoTX3V2w\"]}]}<\/script>\n<!-- \/ Yoast SEO plugin. -->","yoast_head_json":{"title":"Dealerzy Takeuchi - Wilhelm Sch\u00e4fer GmbH","robots":{"index":"index","follow":"follow","max-snippet":"max-snippet:-1","max-image-preview":"max-image-preview:large","max-video-preview":"max-video-preview:-1"},"canonical":"https:\/\/www.wschaefer.de\/pl\/dealerzy-takeuchi\/","og_locale":"pl_PL","og_type":"article","og_title":"Dealerzy Takeuchi - Wilhelm Sch\u00e4fer GmbH","og_url":"https:\/\/www.wschaefer.de\/pl\/dealerzy-takeuchi\/","og_site_name":"Wilhelm Sch\u00e4fer GmbH","article_publisher":"https:\/\/www.facebook.com\/TakeuchiDeutschland\/","article_modified_time":"2021-06-01T09:39:52+00:00","twitter_card":"summary_large_image","twitter_misc":{"Szacowany czas czytania":"4 minuty"},"schema":{"@context":"https:\/\/schema.org","@graph":[{"@type":"WebPage","@id":"https:\/\/www.wschaefer.de\/pl\/dealerzy-takeuchi\/","url":"https:\/\/www.wschaefer.de\/pl\/dealerzy-takeuchi\/","name":"Dealerzy Takeuchi - Wilhelm Sch\u00e4fer GmbH","isPartOf":{"@id":"https:\/\/www.wschaefer.de\/#website"},"datePublished":"2020-09-21T12:07:33+00:00","dateModified":"2021-06-01T09:39:52+00:00","breadcrumb":{"@id":"https:\/\/www.wschaefer.de\/pl\/dealerzy-takeuchi\/#breadcrumb"},"inLanguage":"pl-PL","potentialAction":[{"@type":"ReadAction","target":["https:\/\/www.wschaefer.de\/pl\/dealerzy-takeuchi\/"]}]},{"@type":"BreadcrumbList","@id":"https:\/\/www.wschaefer.de\/pl\/dealerzy-takeuchi\/#breadcrumb","itemListElement":[{"@type":"ListItem","position":1,"name":"Startseite","item":"https:\/\/www.wschaefer.de\/pl\/"},{"@type":"ListItem","position":2,"name":"Dealerzy Takeuchi"}]},{"@type":"WebSite","@id":"https:\/\/www.wschaefer.de\/#website","url":"https:\/\/www.wschaefer.de\/","name":"Wilhelm Sch\u00e4fer GmbH","description":"Baumaschinen von Takeuchi","publisher":{"@id":"https:\/\/www.wschaefer.de\/#organization"},"potentialAction":[{"@type":"SearchAction","target":{"@type":"EntryPoint","urlTemplate":"https:\/\/www.wschaefer.de\/?s={search_term_string}"},"query-input":{"@type":"PropertyValueSpecification","valueRequired":true,"valueName":"search_term_string"}}],"inLanguage":"pl-PL"},{"@type":"Organization","@id":"https:\/\/www.wschaefer.de\/#organization","name":"Wilhelm Sch\u00e4fer GmbH","url":"https:\/\/www.wschaefer.de\/","logo":{"@type":"ImageObject","inLanguage":"pl-PL","@id":"https:\/\/www.wschaefer.de\/#\/schema\/logo\/image\/","url":"","contentUrl":"","caption":"Wilhelm Sch\u00e4fer GmbH"},"image":{"@id":"https:\/\/www.wschaefer.de\/#\/schema\/logo\/image\/"},"sameAs":["https:\/\/www.facebook.com\/TakeuchiDeutschland\/","https:\/\/www.youtube.com\/channel\/UCr2PIPiTyhAABg7xoTX3V2w"]}]}},"_links":{"self":[{"href":"https:\/\/www.wschaefer.de\/pl\/wp-json\/wp\/v2\/pages\/44732","targetHints":{"allow":["GET"]}}],"collection":[{"href":"https:\/\/www.wschaefer.de\/pl\/wp-json\/wp\/v2\/pages"}],"about":[{"href":"https:\/\/www.wschaefer.de\/pl\/wp-json\/wp\/v2\/types\/page"}],"author":[{"embeddable":true,"href":"https:\/\/www.wschaefer.de\/pl\/wp-json\/wp\/v2\/users\/663"}],"replies":[{"embeddable":true,"href":"https:\/\/www.wschaefer.de\/pl\/wp-json\/wp\/v2\/comments?post=44732"}],"version-history":[{"count":0,"href":"https:\/\/www.wschaefer.de\/pl\/wp-json\/wp\/v2\/pages\/44732\/revisions"}],"wp:attachment":[{"href":"https:\/\/www.wschaefer.de\/pl\/wp-json\/wp\/v2\/media?parent=44732"}],"curies":[{"name":"wp","href":"https:\/\/api.w.org\/{rel}","templated":true}]}}