{"id":4425,"date":"2015-08-01T15:20:54","date_gmt":"2015-08-01T13:20:54","guid":{"rendered":"https:\/\/www.wschaefer.de\/pl\/firmie\/karriere\/"},"modified":"2022-11-15T13:25:21","modified_gmt":"2022-11-15T12:25:21","slug":"kariera","status":"publish","type":"page","link":"https:\/\/www.wschaefer.de\/pl\/firmie\/kariera\/","title":{"rendered":"Kariera"},"content":{"rendered":"<div class='flex_column av-u4og5l-455477d0e45109bd566a5cfe29351c24 av_one_full  avia-builder-el-0  el_before_av_two_third  avia-builder-el-first  first flex_column_div '     ><style type=\"text\/css\" data-created_by=\"avia_inline_auto\" id=\"style-css-av-sb9c7d-8d3aa03bbe8722bdc6abedee38ceed7d\">\n#top .av-special-heading.av-sb9c7d-8d3aa03bbe8722bdc6abedee38ceed7d{\npadding-bottom:5px;\n}\nbody .av-special-heading.av-sb9c7d-8d3aa03bbe8722bdc6abedee38ceed7d .av-special-heading-tag .heading-char{\nfont-size:25px;\n}\n.av-special-heading.av-sb9c7d-8d3aa03bbe8722bdc6abedee38ceed7d .av-subheading{\nfont-size:15px;\n}\n<\/style>\n<div  class='av-special-heading av-sb9c7d-8d3aa03bbe8722bdc6abedee38ceed7d av-special-heading-h2  avia-builder-el-1  avia-builder-el-no-sibling '><h2 class='av-special-heading-tag'  itemprop=\"headline\"  >CIESZYMY SI\u0118 Z TWOJEGO ZAINTERESOWANIA FIRM\u0104 WILHELM SCH\u00c4FER GMBH<\/h2><div class=\"special-heading-border\"><div class=\"special-heading-inner-border\"><\/div><\/div><\/div><\/div>\n<div class='flex_column av-av_two_third-516b7eac7a9c6cd1b746245801c7486c av_two_third  avia-builder-el-2  el_after_av_one_full  el_before_av_one_third  first flex_column_div column-top-margin'     ><p>\n<style type=\"text\/css\" data-created_by=\"avia_inline_auto\" id=\"style-css-av-lai6owcd-dd0a6939ca8c5e65f445b289de3ad4ab\">\n#top .av-special-heading.av-lai6owcd-dd0a6939ca8c5e65f445b289de3ad4ab{\npadding-bottom:5px;\n}\nbody .av-special-heading.av-lai6owcd-dd0a6939ca8c5e65f445b289de3ad4ab .av-special-heading-tag .heading-char{\nfont-size:25px;\n}\n.av-special-heading.av-lai6owcd-dd0a6939ca8c5e65f445b289de3ad4ab .av-subheading{\nfont-size:15px;\n}\n<\/style>\n<div  class='av-special-heading av-lai6owcd-dd0a6939ca8c5e65f445b289de3ad4ab av-special-heading-h3  avia-builder-el-3  el_before_av_textblock  avia-builder-el-first '><h3 class='av-special-heading-tag'  itemprop=\"headline\"  >Obecnie nie mamy wolnych stanowisk pracy do obsadzenia<\/h3><div class=\"special-heading-border\"><div class=\"special-heading-inner-border\"><\/div><\/div><\/div><br \/>\n<section  class='av_textblock_section av-av_textblock-7a1af7d8f9790576b1769c0a9f0449ed'  itemscope=\"itemscope\" itemtype=\"https:\/\/schema.org\/CreativeWork\" ><div class='avia_textblock'  itemprop=\"text\" ><p>Mimo, \u017ce obecnie nie mamy wolnych stanowisk pracy do obsadzenia, zawsze jeste\u015bmy zainteresowani poznaniem nowych, entuzjastycztnych ludzi, potencjalnych cz\u0142onk\u00f3w naszego zespo\u0142u.<\/p>\n<p>Nie wahaj si\u0119 wi\u0119c wys\u0142a\u0107 nam swojego podania o prac\u0119 \u2013 ch\u0119tnie na nie odpowiemy.<\/p>\n<p><a href=\"mailto:bewerbung@wschaefer.de\"><span class=\"s2\">bewerbung@wschaefer.de<\/span><\/a><\/p>\n<\/div><\/section><\/p><\/div>\n<div class='flex_column av-av_one_third-f1c518e9ff58e869f80c8f093487abc9 av_one_third  avia-builder-el-5  el_after_av_two_third  avia-builder-el-last  flex_column_div column-top-margin'     ><p>\n<style type=\"text\/css\" data-created_by=\"avia_inline_auto\" id=\"style-css-av-lai6py0o-fcf85dc10d4c6be070ddbd92eccd53a3\">\n.avia-image-container.av-lai6py0o-fcf85dc10d4c6be070ddbd92eccd53a3 img.avia_image{\nbox-shadow:none;\n}\n.avia-image-container.av-lai6py0o-fcf85dc10d4c6be070ddbd92eccd53a3 .av-image-caption-overlay-center{\ncolor:#ffffff;\n}\n<\/style>\n<div  class='avia-image-container av-lai6py0o-fcf85dc10d4c6be070ddbd92eccd53a3 av-styling- avia-align-center  avia-builder-el-6  el_before_av_button  avia-builder-el-first '   itemprop=\"image\" itemscope=\"itemscope\" itemtype=\"https:\/\/schema.org\/ImageObject\" ><div class=\"avia-image-container-inner\"><div class=\"avia-image-overlay-wrap\"><img decoding=\"async\" class='wp-image-73177 avia-img-lazy-loading-not-73177 avia_image ' src=\"https:\/\/www.wschaefer.de\/wp-content\/uploads\/2022\/04\/Karriere-Annette-Bopp-1.jpg\" alt='Annette Bopp' title='Karriere-Annette-Bopp-1'  height=\"424\" width=\"600\"  itemprop=\"thumbnailUrl\" srcset=\"https:\/\/www.wschaefer.de\/wp-content\/uploads\/2022\/04\/Karriere-Annette-Bopp-1.jpg 600w, https:\/\/www.wschaefer.de\/wp-content\/uploads\/2022\/04\/Karriere-Annette-Bopp-1-300x212.jpg 300w, https:\/\/www.wschaefer.de\/wp-content\/uploads\/2022\/04\/Karriere-Annette-Bopp-1-260x185.jpg 260w, https:\/\/www.wschaefer.de\/wp-content\/uploads\/2022\/04\/Karriere-Annette-Bopp-1-450x318.jpg 450w\" sizes=\"(max-width: 600px) 100vw, 600px\" \/><\/div><\/div><\/div><br \/>\n<div  class='avia-button-wrap av-lai6rea7-32a30ce6589eae98f85408216cf5e158-wrap avia-button-center  avia-builder-el-7  el_after_av_image  el_before_av_hr '><a href='mailto:bewerbung@wschaefer.de'  class='avia-button av-lai6rea7-32a30ce6589eae98f85408216cf5e158 avia-icon_select-yes-left-icon avia-size-small avia-position-center av-icon-on-hover avia-color-theme-color'  ><span class='avia_button_icon avia_button_icon_left' aria-hidden='true' data-av_icon='\ue805' data-av_iconfont='entypo-fontello'><\/span><span class='avia_iconbox_title' >Kontakt<\/span><\/a><\/div><br \/>\n\n<style type=\"text\/css\" data-created_by=\"avia_inline_auto\" id=\"style-css-av-lai6rr00-c996fe438fa1f2cae388fc64e2d2f2a6\">\n#top .hr.hr-invisible.av-lai6rr00-c996fe438fa1f2cae388fc64e2d2f2a6{\nheight:50px;\n}\n<\/style>\n<div  class='hr av-lai6rr00-c996fe438fa1f2cae388fc64e2d2f2a6 hr-invisible  avia-builder-el-8  el_after_av_button  el_before_av_textblock '><span class='hr-inner '><span class=\"hr-inner-style\"><\/span><\/span><\/div><br \/>\n<section  class='av_textblock_section av-lai6p4wm-86dea9dbd150b204f7cfe094ce373fbe'  itemscope=\"itemscope\" itemtype=\"https:\/\/schema.org\/CreativeWork\" ><div class='avia_textblock'  itemprop=\"text\" ><p style=\"text-align: center;\">Wilhelm Sch\u00e4fer GmbH<br \/>\nFrau Annette Bopp<br \/>\nLise-Meitner-Stra\u00dfe 2<br \/>\nD-64646 Heppenheim<\/p>\n<p style=\"text-align: center;\"><strong>Telefon<\/strong>: +49 (0) 6 252 93 81-121<br \/>\n<strong>Fax<\/strong>: +49 (0) 6 252 93 81-139<\/p>\n<\/div><\/section><\/p><\/div>\n","protected":false},"excerpt":{"rendered":"","protected":false},"author":663,"featured_media":0,"parent":3911,"menu_order":0,"comment_status":"open","ping_status":"open","template":"","meta":{"footnotes":""},"class_list":["post-4425","page","type-page","status-publish","hentry"],"yoast_head":"<!-- This site is optimized with the Yoast SEO plugin v27.2 - https:\/\/yoast.com\/product\/yoast-seo-wordpress\/ -->\n<title>Kariera - Wilhelm Sch\u00e4fer GmbH<\/title>\n<meta name=\"robots\" content=\"index, follow, max-snippet:-1, max-image-preview:large, max-video-preview:-1\" \/>\n<link rel=\"canonical\" href=\"https:\/\/www.wschaefer.de\/pl\/firmie\/kariera\/\" \/>\n<meta property=\"og:locale\" content=\"pl_PL\" \/>\n<meta property=\"og:type\" content=\"article\" \/>\n<meta property=\"og:title\" content=\"Kariera - Wilhelm Sch\u00e4fer GmbH\" \/>\n<meta property=\"og:url\" content=\"https:\/\/www.wschaefer.de\/pl\/firmie\/kariera\/\" \/>\n<meta property=\"og:site_name\" content=\"Wilhelm Sch\u00e4fer GmbH\" \/>\n<meta property=\"article:publisher\" content=\"https:\/\/www.facebook.com\/TakeuchiDeutschland\/\" \/>\n<meta property=\"article:modified_time\" content=\"2022-11-15T12:25:21+00:00\" \/>\n<meta name=\"twitter:card\" content=\"summary_large_image\" \/>\n<meta name=\"twitter:label1\" content=\"Szacowany czas czytania\" \/>\n\t<meta name=\"twitter:data1\" content=\"4 minuty\" \/>\n<script type=\"application\/ld+json\" class=\"yoast-schema-graph\">{\"@context\":\"https:\/\/schema.org\",\"@graph\":[{\"@type\":\"WebPage\",\"@id\":\"https:\/\/www.wschaefer.de\/pl\/firmie\/kariera\/\",\"url\":\"https:\/\/www.wschaefer.de\/pl\/firmie\/kariera\/\",\"name\":\"Kariera - Wilhelm Sch\u00e4fer GmbH\",\"isPartOf\":{\"@id\":\"https:\/\/www.wschaefer.de\/#website\"},\"datePublished\":\"2015-08-01T13:20:54+00:00\",\"dateModified\":\"2022-11-15T12:25:21+00:00\",\"breadcrumb\":{\"@id\":\"https:\/\/www.wschaefer.de\/pl\/firmie\/kariera\/#breadcrumb\"},\"inLanguage\":\"pl-PL\",\"potentialAction\":[{\"@type\":\"ReadAction\",\"target\":[\"https:\/\/www.wschaefer.de\/pl\/firmie\/kariera\/\"]}]},{\"@type\":\"BreadcrumbList\",\"@id\":\"https:\/\/www.wschaefer.de\/pl\/firmie\/kariera\/#breadcrumb\",\"itemListElement\":[{\"@type\":\"ListItem\",\"position\":1,\"name\":\"Startseite\",\"item\":\"https:\/\/www.wschaefer.de\/pl\/\"},{\"@type\":\"ListItem\",\"position\":2,\"name\":\"Firmie\",\"item\":\"https:\/\/www.wschaefer.de\/pl\/firmie\/\"},{\"@type\":\"ListItem\",\"position\":3,\"name\":\"Kariera\"}]},{\"@type\":\"WebSite\",\"@id\":\"https:\/\/www.wschaefer.de\/#website\",\"url\":\"https:\/\/www.wschaefer.de\/\",\"name\":\"Wilhelm Sch\u00e4fer GmbH\",\"description\":\"Baumaschinen von Takeuchi\",\"publisher\":{\"@id\":\"https:\/\/www.wschaefer.de\/#organization\"},\"potentialAction\":[{\"@type\":\"SearchAction\",\"target\":{\"@type\":\"EntryPoint\",\"urlTemplate\":\"https:\/\/www.wschaefer.de\/?s={search_term_string}\"},\"query-input\":{\"@type\":\"PropertyValueSpecification\",\"valueRequired\":true,\"valueName\":\"search_term_string\"}}],\"inLanguage\":\"pl-PL\"},{\"@type\":\"Organization\",\"@id\":\"https:\/\/www.wschaefer.de\/#organization\",\"name\":\"Wilhelm Sch\u00e4fer GmbH\",\"url\":\"https:\/\/www.wschaefer.de\/\",\"logo\":{\"@type\":\"ImageObject\",\"inLanguage\":\"pl-PL\",\"@id\":\"https:\/\/www.wschaefer.de\/#\/schema\/logo\/image\/\",\"url\":\"\",\"contentUrl\":\"\",\"caption\":\"Wilhelm Sch\u00e4fer GmbH\"},\"image\":{\"@id\":\"https:\/\/www.wschaefer.de\/#\/schema\/logo\/image\/\"},\"sameAs\":[\"https:\/\/www.facebook.com\/TakeuchiDeutschland\/\",\"https:\/\/www.youtube.com\/channel\/UCr2PIPiTyhAABg7xoTX3V2w\"]}]}<\/script>\n<!-- \/ Yoast SEO plugin. -->","yoast_head_json":{"title":"Kariera - Wilhelm Sch\u00e4fer GmbH","robots":{"index":"index","follow":"follow","max-snippet":"max-snippet:-1","max-image-preview":"max-image-preview:large","max-video-preview":"max-video-preview:-1"},"canonical":"https:\/\/www.wschaefer.de\/pl\/firmie\/kariera\/","og_locale":"pl_PL","og_type":"article","og_title":"Kariera - Wilhelm Sch\u00e4fer GmbH","og_url":"https:\/\/www.wschaefer.de\/pl\/firmie\/kariera\/","og_site_name":"Wilhelm Sch\u00e4fer GmbH","article_publisher":"https:\/\/www.facebook.com\/TakeuchiDeutschland\/","article_modified_time":"2022-11-15T12:25:21+00:00","twitter_card":"summary_large_image","twitter_misc":{"Szacowany czas czytania":"4 minuty"},"schema":{"@context":"https:\/\/schema.org","@graph":[{"@type":"WebPage","@id":"https:\/\/www.wschaefer.de\/pl\/firmie\/kariera\/","url":"https:\/\/www.wschaefer.de\/pl\/firmie\/kariera\/","name":"Kariera - Wilhelm Sch\u00e4fer GmbH","isPartOf":{"@id":"https:\/\/www.wschaefer.de\/#website"},"datePublished":"2015-08-01T13:20:54+00:00","dateModified":"2022-11-15T12:25:21+00:00","breadcrumb":{"@id":"https:\/\/www.wschaefer.de\/pl\/firmie\/kariera\/#breadcrumb"},"inLanguage":"pl-PL","potentialAction":[{"@type":"ReadAction","target":["https:\/\/www.wschaefer.de\/pl\/firmie\/kariera\/"]}]},{"@type":"BreadcrumbList","@id":"https:\/\/www.wschaefer.de\/pl\/firmie\/kariera\/#breadcrumb","itemListElement":[{"@type":"ListItem","position":1,"name":"Startseite","item":"https:\/\/www.wschaefer.de\/pl\/"},{"@type":"ListItem","position":2,"name":"Firmie","item":"https:\/\/www.wschaefer.de\/pl\/firmie\/"},{"@type":"ListItem","position":3,"name":"Kariera"}]},{"@type":"WebSite","@id":"https:\/\/www.wschaefer.de\/#website","url":"https:\/\/www.wschaefer.de\/","name":"Wilhelm Sch\u00e4fer GmbH","description":"Baumaschinen von Takeuchi","publisher":{"@id":"https:\/\/www.wschaefer.de\/#organization"},"potentialAction":[{"@type":"SearchAction","target":{"@type":"EntryPoint","urlTemplate":"https:\/\/www.wschaefer.de\/?s={search_term_string}"},"query-input":{"@type":"PropertyValueSpecification","valueRequired":true,"valueName":"search_term_string"}}],"inLanguage":"pl-PL"},{"@type":"Organization","@id":"https:\/\/www.wschaefer.de\/#organization","name":"Wilhelm Sch\u00e4fer GmbH","url":"https:\/\/www.wschaefer.de\/","logo":{"@type":"ImageObject","inLanguage":"pl-PL","@id":"https:\/\/www.wschaefer.de\/#\/schema\/logo\/image\/","url":"","contentUrl":"","caption":"Wilhelm Sch\u00e4fer GmbH"},"image":{"@id":"https:\/\/www.wschaefer.de\/#\/schema\/logo\/image\/"},"sameAs":["https:\/\/www.facebook.com\/TakeuchiDeutschland\/","https:\/\/www.youtube.com\/channel\/UCr2PIPiTyhAABg7xoTX3V2w"]}]}},"_links":{"self":[{"href":"https:\/\/www.wschaefer.de\/pl\/wp-json\/wp\/v2\/pages\/4425","targetHints":{"allow":["GET"]}}],"collection":[{"href":"https:\/\/www.wschaefer.de\/pl\/wp-json\/wp\/v2\/pages"}],"about":[{"href":"https:\/\/www.wschaefer.de\/pl\/wp-json\/wp\/v2\/types\/page"}],"author":[{"embeddable":true,"href":"https:\/\/www.wschaefer.de\/pl\/wp-json\/wp\/v2\/users\/663"}],"replies":[{"embeddable":true,"href":"https:\/\/www.wschaefer.de\/pl\/wp-json\/wp\/v2\/comments?post=4425"}],"version-history":[{"count":4,"href":"https:\/\/www.wschaefer.de\/pl\/wp-json\/wp\/v2\/pages\/4425\/revisions"}],"predecessor-version":[{"id":85737,"href":"https:\/\/www.wschaefer.de\/pl\/wp-json\/wp\/v2\/pages\/4425\/revisions\/85737"}],"up":[{"embeddable":true,"href":"https:\/\/www.wschaefer.de\/pl\/wp-json\/wp\/v2\/pages\/3911"}],"wp:attachment":[{"href":"https:\/\/www.wschaefer.de\/pl\/wp-json\/wp\/v2\/media?parent=4425"}],"curies":[{"name":"wp","href":"https:\/\/api.w.org\/{rel}","templated":true}]}}