{"id":42228,"date":"2017-03-03T11:43:02","date_gmt":"2017-03-03T10:43:02","guid":{"rendered":"https:\/\/www.wschaefer.de\/firmie\/mediathek\/"},"modified":"2020-05-27T11:13:53","modified_gmt":"2020-05-27T09:13:53","slug":"mediateka","status":"publish","type":"page","link":"https:\/\/www.wschaefer.de\/pl\/firmie\/mediateka\/","title":{"rendered":"Mediateka"},"content":{"rendered":"<div class='flex_column av-av_one_full-2a9015ff38129c418a3f2eafba3e9512 av_one_full  avia-builder-el-0  el_before_av_section  avia-builder-el-no-sibling  first flex_column_div '     ><style type=\"text\/css\" data-created_by=\"avia_inline_auto\" id=\"style-css-av-av_heading-73f3420536be8b1937dd447a5428678c\">\n#top .av-special-heading.av-av_heading-73f3420536be8b1937dd447a5428678c{\npadding-bottom:10px;\n}\nbody .av-special-heading.av-av_heading-73f3420536be8b1937dd447a5428678c .av-special-heading-tag .heading-char{\nfont-size:25px;\n}\n.av-special-heading.av-av_heading-73f3420536be8b1937dd447a5428678c .av-subheading{\nfont-size:15px;\n}\n<\/style>\n<div  class='av-special-heading av-av_heading-73f3420536be8b1937dd447a5428678c av-special-heading-h1 blockquote modern-quote  avia-builder-el-1  avia-builder-el-no-sibling '><h1 class='av-special-heading-tag'  itemprop=\"headline\"  >Mediateka<\/h1><div class=\"special-heading-border\"><div class=\"special-heading-inner-border\"><\/div><\/div><\/div><\/div><\/div><\/div><\/div><!-- close content main div --><\/div><\/div>\n<style type=\"text\/css\" data-created_by=\"avia_inline_auto\" id=\"style-css-av-av_section-e072aa034e164d234efc3c942f470f33\">\n.avia-section.av-av_section-e072aa034e164d234efc3c942f470f33{\nbackground-color:#f8f8f8;\nbackground-image:unset;\n}\n<\/style>\n<div id='av_section_1'  class='avia-section av-av_section-e072aa034e164d234efc3c942f470f33 main_color avia-section-default avia-no-shadow  avia-builder-el-2  el_after_av_one_full  avia-builder-el-last  avia-bg-style-scroll container_wrap sidebar_right'  ><div class='container av-section-cont-open' ><div class='template-page content  av-content-small alpha units'><div class='post-entry post-entry-type-page post-entry-42228'><div class='entry-content-wrapper clearfix'>\n<section  class='av_textblock_section av-av_textblock-2de302bf1aa3cf4c9157dbe6f50ac7eb'  itemscope=\"itemscope\" itemtype=\"https:\/\/schema.org\/CreativeWork\" ><div class='avia_textblock'  itemprop=\"text\" ><p>Tutaj znajdziecie Pa\u0144stwo wszystkie filmy z kana\u0142u YouTube Wilhelm Sch\u00e4fer GmbH<\/p>\n<\/div><\/section>\n<div class='flex_column av-av_one_half-2a9015ff38129c418a3f2eafba3e9512 av_one_half  avia-builder-el-4  el_after_av_textblock  el_before_av_one_half  first flex_column_div column-top-margin'     ><section  class='av_textblock_section av-av_textblock-2de302bf1aa3cf4c9157dbe6f50ac7eb'  itemscope=\"itemscope\" itemtype=\"https:\/\/schema.org\/CreativeWork\" ><div class='avia_textblock'  itemprop=\"text\" ><h3 class=\"p1\">MINIKOPARKA \u2013 TB 225<\/h3>\n<\/div><\/section><br \/>\n<div  class='avia-video av-av_video-bc6405e635cf73ce19174630caf76a3a avia-video-16-9 av-no-preview-image avia-video-load-always av-lazyload-immediate av-lazyload-video-embed'  itemprop=\"video\" itemtype=\"https:\/\/schema.org\/VideoObject\"  data-original_url='https:\/\/www.youtube.com\/watch?v=Yz8bnaPsPJY'><script type='text\/html' class='av-video-tmpl'><div class='avia-iframe-wrap'><iframe loading=\"lazy\" title=\"TB225A PL\" width=\"1500\" height=\"844\" src=\"https:\/\/www.youtube.com\/embed\/Yz8bnaPsPJY?feature=oembed&enablejsapi=1&origin=https:\/\/www.wschaefer.de&autoplay=0&loop=0&controls=1&mute=0\" frameborder=\"0\" allow=\"accelerometer; autoplay; encrypted-media; gyroscope; picture-in-picture\" allowfullscreen><\/iframe><\/div><\/script><div class='av-click-to-play-overlay'><div class=\"avia_playpause_icon\"><\/div><\/div><\/div><\/p><\/div><div class='flex_column av-av_one_half-f78fb3c186c5ceb3cf0bf54353219056 av_one_half  avia-builder-el-7  el_after_av_one_half  avia-builder-el-last  flex_column_div column-top-margin'     ><section  class='av_textblock_section av-av_textblock-2de302bf1aa3cf4c9157dbe6f50ac7eb'  itemscope=\"itemscope\" itemtype=\"https:\/\/schema.org\/CreativeWork\" ><div class='avia_textblock'  itemprop=\"text\" ><h3 class=\"p1\">POWERTILT<\/h3>\n<\/div><\/section><br \/>\n<div  class='avia-video av-av_video-cd0b92f250a0af8ebf520e7723c20893 avia-video-16-9 av-no-preview-image avia-video-load-always av-lazyload-immediate av-lazyload-video-embed'  itemprop=\"video\" itemtype=\"https:\/\/schema.org\/VideoObject\"  data-original_url='https:\/\/www.youtube.com\/watch?v=jTx5Y6NDA1Q'><script type='text\/html' class='av-video-tmpl'><div class='avia-iframe-wrap'><iframe loading=\"lazy\" title=\"Powertilt PL\" width=\"1500\" height=\"844\" src=\"https:\/\/www.youtube.com\/embed\/jTx5Y6NDA1Q?feature=oembed&enablejsapi=1&origin=https:\/\/www.wschaefer.de&autoplay=0&loop=0&controls=1&mute=0\" frameborder=\"0\" allow=\"accelerometer; autoplay; encrypted-media; gyroscope; picture-in-picture\" allowfullscreen><\/iframe><\/div><\/script><div class='av-click-to-play-overlay'><div class=\"avia_playpause_icon\"><\/div><\/div><\/div><\/p><\/div><\/div><\/div><\/div><!-- close content main div --><\/div><\/div><div id='after_section_1'  class='main_color av_default_container_wrap container_wrap sidebar_right'  ><div class='container av-section-cont-open' ><div class='template-page content  av-content-small alpha units'><div class='post-entry post-entry-type-page post-entry-42228'><div class='entry-content-wrapper clearfix'><\/p>\n","protected":false},"excerpt":{"rendered":"","protected":false},"author":4,"featured_media":0,"parent":3911,"menu_order":0,"comment_status":"closed","ping_status":"closed","template":"","meta":{"footnotes":""},"class_list":["post-42228","page","type-page","status-publish","hentry"],"yoast_head":"<!-- This site is optimized with the Yoast SEO plugin v27.2 - https:\/\/yoast.com\/product\/yoast-seo-wordpress\/ -->\n<title>Mediateka - Wilhelm Sch\u00e4fer GmbH<\/title>\n<meta name=\"robots\" content=\"index, follow, max-snippet:-1, max-image-preview:large, max-video-preview:-1\" \/>\n<link rel=\"canonical\" href=\"https:\/\/www.wschaefer.de\/pl\/firmie\/mediateka\/\" \/>\n<meta property=\"og:locale\" content=\"pl_PL\" \/>\n<meta property=\"og:type\" content=\"article\" \/>\n<meta property=\"og:title\" content=\"Mediateka - Wilhelm Sch\u00e4fer GmbH\" \/>\n<meta property=\"og:url\" content=\"https:\/\/www.wschaefer.de\/pl\/firmie\/mediateka\/\" \/>\n<meta property=\"og:site_name\" content=\"Wilhelm Sch\u00e4fer GmbH\" \/>\n<meta property=\"article:publisher\" content=\"https:\/\/www.facebook.com\/TakeuchiDeutschland\/\" \/>\n<meta property=\"article:modified_time\" content=\"2020-05-27T09:13:53+00:00\" \/>\n<meta name=\"twitter:card\" content=\"summary_large_image\" \/>\n<meta name=\"twitter:label1\" content=\"Szacowany czas czytania\" \/>\n\t<meta name=\"twitter:data1\" content=\"1 minuta\" \/>\n<script type=\"application\/ld+json\" class=\"yoast-schema-graph\">{\"@context\":\"https:\/\/schema.org\",\"@graph\":[{\"@type\":\"WebPage\",\"@id\":\"https:\/\/www.wschaefer.de\/pl\/firmie\/mediateka\/\",\"url\":\"https:\/\/www.wschaefer.de\/pl\/firmie\/mediateka\/\",\"name\":\"Mediateka - Wilhelm Sch\u00e4fer GmbH\",\"isPartOf\":{\"@id\":\"https:\/\/www.wschaefer.de\/#website\"},\"datePublished\":\"2017-03-03T10:43:02+00:00\",\"dateModified\":\"2020-05-27T09:13:53+00:00\",\"breadcrumb\":{\"@id\":\"https:\/\/www.wschaefer.de\/pl\/firmie\/mediateka\/#breadcrumb\"},\"inLanguage\":\"pl-PL\",\"potentialAction\":[{\"@type\":\"ReadAction\",\"target\":[\"https:\/\/www.wschaefer.de\/pl\/firmie\/mediateka\/\"]}]},{\"@type\":\"BreadcrumbList\",\"@id\":\"https:\/\/www.wschaefer.de\/pl\/firmie\/mediateka\/#breadcrumb\",\"itemListElement\":[{\"@type\":\"ListItem\",\"position\":1,\"name\":\"Startseite\",\"item\":\"https:\/\/www.wschaefer.de\/pl\/\"},{\"@type\":\"ListItem\",\"position\":2,\"name\":\"Firmie\",\"item\":\"https:\/\/www.wschaefer.de\/pl\/firmie\/\"},{\"@type\":\"ListItem\",\"position\":3,\"name\":\"Mediateka\"}]},{\"@type\":\"WebSite\",\"@id\":\"https:\/\/www.wschaefer.de\/#website\",\"url\":\"https:\/\/www.wschaefer.de\/\",\"name\":\"Wilhelm Sch\u00e4fer GmbH\",\"description\":\"Baumaschinen von Takeuchi\",\"publisher\":{\"@id\":\"https:\/\/www.wschaefer.de\/#organization\"},\"potentialAction\":[{\"@type\":\"SearchAction\",\"target\":{\"@type\":\"EntryPoint\",\"urlTemplate\":\"https:\/\/www.wschaefer.de\/?s={search_term_string}\"},\"query-input\":{\"@type\":\"PropertyValueSpecification\",\"valueRequired\":true,\"valueName\":\"search_term_string\"}}],\"inLanguage\":\"pl-PL\"},{\"@type\":\"Organization\",\"@id\":\"https:\/\/www.wschaefer.de\/#organization\",\"name\":\"Wilhelm Sch\u00e4fer GmbH\",\"url\":\"https:\/\/www.wschaefer.de\/\",\"logo\":{\"@type\":\"ImageObject\",\"inLanguage\":\"pl-PL\",\"@id\":\"https:\/\/www.wschaefer.de\/#\/schema\/logo\/image\/\",\"url\":\"\",\"contentUrl\":\"\",\"caption\":\"Wilhelm Sch\u00e4fer GmbH\"},\"image\":{\"@id\":\"https:\/\/www.wschaefer.de\/#\/schema\/logo\/image\/\"},\"sameAs\":[\"https:\/\/www.facebook.com\/TakeuchiDeutschland\/\",\"https:\/\/www.youtube.com\/channel\/UCr2PIPiTyhAABg7xoTX3V2w\"]}]}<\/script>\n<!-- \/ Yoast SEO plugin. -->","yoast_head_json":{"title":"Mediateka - Wilhelm Sch\u00e4fer GmbH","robots":{"index":"index","follow":"follow","max-snippet":"max-snippet:-1","max-image-preview":"max-image-preview:large","max-video-preview":"max-video-preview:-1"},"canonical":"https:\/\/www.wschaefer.de\/pl\/firmie\/mediateka\/","og_locale":"pl_PL","og_type":"article","og_title":"Mediateka - Wilhelm Sch\u00e4fer GmbH","og_url":"https:\/\/www.wschaefer.de\/pl\/firmie\/mediateka\/","og_site_name":"Wilhelm Sch\u00e4fer GmbH","article_publisher":"https:\/\/www.facebook.com\/TakeuchiDeutschland\/","article_modified_time":"2020-05-27T09:13:53+00:00","twitter_card":"summary_large_image","twitter_misc":{"Szacowany czas czytania":"1 minuta"},"schema":{"@context":"https:\/\/schema.org","@graph":[{"@type":"WebPage","@id":"https:\/\/www.wschaefer.de\/pl\/firmie\/mediateka\/","url":"https:\/\/www.wschaefer.de\/pl\/firmie\/mediateka\/","name":"Mediateka - Wilhelm Sch\u00e4fer GmbH","isPartOf":{"@id":"https:\/\/www.wschaefer.de\/#website"},"datePublished":"2017-03-03T10:43:02+00:00","dateModified":"2020-05-27T09:13:53+00:00","breadcrumb":{"@id":"https:\/\/www.wschaefer.de\/pl\/firmie\/mediateka\/#breadcrumb"},"inLanguage":"pl-PL","potentialAction":[{"@type":"ReadAction","target":["https:\/\/www.wschaefer.de\/pl\/firmie\/mediateka\/"]}]},{"@type":"BreadcrumbList","@id":"https:\/\/www.wschaefer.de\/pl\/firmie\/mediateka\/#breadcrumb","itemListElement":[{"@type":"ListItem","position":1,"name":"Startseite","item":"https:\/\/www.wschaefer.de\/pl\/"},{"@type":"ListItem","position":2,"name":"Firmie","item":"https:\/\/www.wschaefer.de\/pl\/firmie\/"},{"@type":"ListItem","position":3,"name":"Mediateka"}]},{"@type":"WebSite","@id":"https:\/\/www.wschaefer.de\/#website","url":"https:\/\/www.wschaefer.de\/","name":"Wilhelm Sch\u00e4fer GmbH","description":"Baumaschinen von Takeuchi","publisher":{"@id":"https:\/\/www.wschaefer.de\/#organization"},"potentialAction":[{"@type":"SearchAction","target":{"@type":"EntryPoint","urlTemplate":"https:\/\/www.wschaefer.de\/?s={search_term_string}"},"query-input":{"@type":"PropertyValueSpecification","valueRequired":true,"valueName":"search_term_string"}}],"inLanguage":"pl-PL"},{"@type":"Organization","@id":"https:\/\/www.wschaefer.de\/#organization","name":"Wilhelm Sch\u00e4fer GmbH","url":"https:\/\/www.wschaefer.de\/","logo":{"@type":"ImageObject","inLanguage":"pl-PL","@id":"https:\/\/www.wschaefer.de\/#\/schema\/logo\/image\/","url":"","contentUrl":"","caption":"Wilhelm Sch\u00e4fer GmbH"},"image":{"@id":"https:\/\/www.wschaefer.de\/#\/schema\/logo\/image\/"},"sameAs":["https:\/\/www.facebook.com\/TakeuchiDeutschland\/","https:\/\/www.youtube.com\/channel\/UCr2PIPiTyhAABg7xoTX3V2w"]}]}},"_links":{"self":[{"href":"https:\/\/www.wschaefer.de\/pl\/wp-json\/wp\/v2\/pages\/42228","targetHints":{"allow":["GET"]}}],"collection":[{"href":"https:\/\/www.wschaefer.de\/pl\/wp-json\/wp\/v2\/pages"}],"about":[{"href":"https:\/\/www.wschaefer.de\/pl\/wp-json\/wp\/v2\/types\/page"}],"author":[{"embeddable":true,"href":"https:\/\/www.wschaefer.de\/pl\/wp-json\/wp\/v2\/users\/4"}],"replies":[{"embeddable":true,"href":"https:\/\/www.wschaefer.de\/pl\/wp-json\/wp\/v2\/comments?post=42228"}],"version-history":[{"count":0,"href":"https:\/\/www.wschaefer.de\/pl\/wp-json\/wp\/v2\/pages\/42228\/revisions"}],"up":[{"embeddable":true,"href":"https:\/\/www.wschaefer.de\/pl\/wp-json\/wp\/v2\/pages\/3911"}],"wp:attachment":[{"href":"https:\/\/www.wschaefer.de\/pl\/wp-json\/wp\/v2\/media?parent=42228"}],"curies":[{"name":"wp","href":"https:\/\/api.w.org\/{rel}","templated":true}]}}