{"id":4008,"date":"2015-10-09T13:32:50","date_gmt":"2015-10-09T11:32:50","guid":{"rendered":"https:\/\/www.wschaefer.de\/pl\/kontakt\/"},"modified":"2023-10-11T10:26:04","modified_gmt":"2023-10-11T08:26:04","slug":"kontakt-pl","status":"publish","type":"page","link":"https:\/\/www.wschaefer.de\/pl\/kontakt-pl\/","title":{"rendered":"Kontakt"},"content":{"rendered":"<div class='flex_column av-bu65wo-29c2702924675d455081bb2d5185e627 av_one_full  avia-builder-el-0  el_before_av_hr  avia-builder-el-first  first flex_column_div '     ><style type=\"text\/css\" data-created_by=\"avia_inline_auto\" id=\"style-css-av-bjk7wo-1d4ef8b35c414e3af267f554987bf637\">\n#top .av-special-heading.av-bjk7wo-1d4ef8b35c414e3af267f554987bf637{\npadding-bottom:10px;\n}\nbody .av-special-heading.av-bjk7wo-1d4ef8b35c414e3af267f554987bf637 .av-special-heading-tag .heading-char{\nfont-size:25px;\n}\n.av-special-heading.av-bjk7wo-1d4ef8b35c414e3af267f554987bf637 .av-subheading{\nfont-size:15px;\n}\n<\/style>\n<div  class='av-special-heading av-bjk7wo-1d4ef8b35c414e3af267f554987bf637 av-special-heading-h1 blockquote modern-quote  avia-builder-el-1  avia-builder-el-no-sibling '><h1 class='av-special-heading-tag'  itemprop=\"headline\"  >Kontakt<\/h1><div class='av-subheading av-subheading_below'><p>Chcemy by\u0107 dla Ciebie<\/p>\n<\/div><div class=\"special-heading-border\"><div class=\"special-heading-inner-border\"><\/div><\/div><\/div><\/div>\n\n<style type=\"text\/css\" data-created_by=\"avia_inline_auto\" id=\"style-css-av-8gxvpk-8c80201a3c08c06d3bada810cb55bfc4\">\n#top .hr.hr-invisible.av-8gxvpk-8c80201a3c08c06d3bada810cb55bfc4{\nheight:50px;\n}\n<\/style>\n<div  class='hr av-8gxvpk-8c80201a3c08c06d3bada810cb55bfc4 hr-invisible  avia-builder-el-2  el_after_av_one_full  el_before_av_one_fourth '><span class='hr-inner '><span class=\"hr-inner-style\"><\/span><\/span><\/div>\n<div class='flex_column av-8948tk-78c60a4570342a017c7adbc3bc9e7073 av_one_fourth  avia-builder-el-3  el_after_av_hr  el_before_av_three_fourth  first flex_column_div '     ><section  class='av_textblock_section av-5ndbwo-333f4af8142f1b7e26eaa33f34795fd1'  itemscope=\"itemscope\" itemtype=\"https:\/\/schema.org\/CreativeWork\" ><div class='avia_textblock'  itemprop=\"text\" ><h3>Adres<\/h3>\n<p>Wilhelm Sch\u00e4fer GmbH<br \/>\nLise-Meitner-Stra\u00dfe 2<br \/>\nD-64646 Heppenheim<\/p>\n<p><a title=\"E-Mail\">info@wschaefer.de<\/a><br \/>\nTelefon: +49 (0) 6 252 93 81-0<br \/>\nFaks: +49 (0) 6 252 93 81-19<\/p>\n<\/div><\/section><\/div>\n\n<style type=\"text\/css\" data-created_by=\"avia_inline_auto\" id=\"style-css-av-3zzzgo-7d8ee1a97ad21ab9fda3f7de0d0d1c67\">\n.flex_column.av-3zzzgo-7d8ee1a97ad21ab9fda3f7de0d0d1c67{\n-webkit-border-radius:0px 0px 0px 0px;\n-moz-border-radius:0px 0px 0px 0px;\nborder-radius:0px 0px 0px 0px;\npadding:0px 0px 0px 0px;\n}\n<\/style>\n<div class='flex_column av-3zzzgo-7d8ee1a97ad21ab9fda3f7de0d0d1c67 av_three_fourth  avia-builder-el-5  el_after_av_one_fourth  avia-builder-el-last  flex_column_div av-zero-column-padding '     ><section  class='av_textblock_section av-24ixh4-66473456b5cce417db9eefb1ee24d339'  itemscope=\"itemscope\" itemtype=\"https:\/\/schema.org\/CreativeWork\" ><div class='avia_textblock'  itemprop=\"text\" >\n<div class=\"wpcf7 no-js\" id=\"wpcf7-f41584-o1\" lang=\"de-DE\" dir=\"ltr\" data-wpcf7-id=\"41584\">\n<div class=\"screen-reader-response\"><p role=\"status\" aria-live=\"polite\" aria-atomic=\"true\"><\/p> <ul><\/ul><\/div>\n<form action=\"\/pl\/wp-json\/wp\/v2\/pages\/4008#wpcf7-f41584-o1\" method=\"post\" class=\"wpcf7-form init wpcf7-acceptance-as-validation\" aria-label=\"Kontaktformular\" novalidate=\"novalidate\" data-status=\"init\">\n<fieldset class=\"hidden-fields-container\"><input type=\"hidden\" name=\"_wpcf7\" value=\"41584\" \/><input type=\"hidden\" name=\"_wpcf7_version\" value=\"6.1.5\" \/><input type=\"hidden\" name=\"_wpcf7_locale\" value=\"de_DE\" \/><input type=\"hidden\" name=\"_wpcf7_unit_tag\" value=\"wpcf7-f41584-o1\" \/><input type=\"hidden\" name=\"_wpcf7_container_post\" value=\"0\" \/><input type=\"hidden\" name=\"_wpcf7_posted_data_hash\" value=\"\" \/><input type=\"hidden\" name=\"_wpcf7dtx_version\" value=\"5.0.5\" \/>\n<\/fieldset>\n<h3>PA\u0143STWA ZAPYTANIE\n<\/h3>\n<p>Nazwisko*<span class=\"wpcf7-form-control-wrap\" data-name=\"your-name\"><input size=\"40\" maxlength=\"400\" class=\"wpcf7-form-control wpcf7-text wpcf7-validates-as-required\" aria-required=\"true\" aria-invalid=\"false\" value=\"\" type=\"text\" name=\"your-name\" \/><\/span>\n<\/p>\n<p>Adres e-mail*<span class=\"wpcf7-form-control-wrap\" data-name=\"your-email\"><input size=\"40\" maxlength=\"400\" class=\"wpcf7-form-control wpcf7-email wpcf7-validates-as-required wpcf7-text wpcf7-validates-as-email\" aria-required=\"true\" aria-invalid=\"false\" value=\"\" type=\"email\" name=\"your-email\" \/><\/span>\n<\/p>\n<p>Kod pocztowy*<span class=\"wpcf7-form-control-wrap\" data-name=\"your-plz\"><input size=\"40\" maxlength=\"400\" class=\"wpcf7-form-control wpcf7-text wpcf7-validates-as-required\" aria-required=\"true\" aria-invalid=\"false\" value=\"\" type=\"text\" name=\"your-plz\" \/><\/span>\n<\/p>\n<p>Miejscowo\u015b\u0107*<span class=\"wpcf7-form-control-wrap\" data-name=\"your-ort\"><input size=\"40\" maxlength=\"400\" class=\"wpcf7-form-control wpcf7-text wpcf7-validates-as-required\" aria-required=\"true\" aria-invalid=\"false\" value=\"\" type=\"text\" name=\"your-ort\" \/><\/span>\n<\/p>\n<p>Temat<span class=\"wpcf7-form-control-wrap\" data-name=\"your-betreff\"><input size=\"40\" maxlength=\"400\" class=\"wpcf7-form-control wpcf7-text\" aria-invalid=\"false\" value=\"\" type=\"text\" name=\"your-betreff\" \/><\/span>\n<\/p>\n<p>Wiadomo\u015b\u0107 \/ Tre\u015b\u0107<span class=\"wpcf7-form-control-wrap\" data-name=\"textarea\"><textarea cols=\"40\" rows=\"10\" maxlength=\"2000\" class=\"wpcf7-form-control wpcf7-textarea\" aria-invalid=\"false\" name=\"textarea\"><\/textarea><\/span>\n<\/p>\n<p><strong>Zgoda na przesy\u0142anie danych osobowych<\/strong><br \/>\nAby m\u00f3c odpowiedzie\u0107 na Pa\u0144stwa zapytanie dotycz\u0105ce maszyn i cz\u0119\u015bci zamiennych, konieczne jest przes\u0142anie i przetwarzanie podanych przez Pa\u0144stwo danych osobowych do naszego kontrahenta odpowiedzialnego za obszar kodu pocztowego. Nasi kontrahenci maj\u0105 bezpo\u015brednio przetwarza\u0107 okre\u015blone zapytania.\n<\/p>\n<p><span class=\"wpcf7-form-control-wrap\" data-name=\"Zustimmung-Vertragspartner\"><span class=\"wpcf7-form-control wpcf7-acceptance\"><span class=\"wpcf7-list-item\"><label><input type=\"checkbox\" name=\"Zustimmung-Vertragspartner\" value=\"1\" aria-invalid=\"false\" \/><span class=\"wpcf7-list-item-label\">Tak,<\/span><\/label><\/span><\/span><\/span> wyra\u017cam zgod\u0119 na przetwarzanie moich danych osobowych w celu realizacji wniosku i przekazanie ich do kontrahenta odpowiedzialnego za obszar mojego kodu pocztowego. W ka\u017cdej chwili mog\u0119 odwo\u0142a\u0107 moj\u0105 zgod\u0119 wobec Wilhelm Sch\u00e4fer GmbH, Lise-Meitner-Stra\u00dfe 2 in 64646 Heppenheim, <a href=\"mailto:info@wschaefer.de\" style=\"color: #ad1123;\">info@wschaefer.de<\/a>. Posiadam prawo do cofni\u0119cia zgody w dowolnym momencie, bez wp\u0142ywu na zgodno\u015b\u0107 z prawem przetwarzania. W takim przypadku odpowiedzialna strona nie mo\u017ce spe\u0142ni\u0107 mojego \u017c\u0105dania.\n<\/p>\n<p><span class=\"wpcf7-form-control-wrap\" data-name=\"Zustimmung-Wilhelm\"><span class=\"wpcf7-form-control wpcf7-acceptance optional\"><span class=\"wpcf7-list-item\"><label><input type=\"checkbox\" name=\"Zustimmung-Wilhelm\" value=\"1\" aria-invalid=\"false\" \/><span class=\"wpcf7-list-item-label\">Tak,<\/span><\/label><\/span><\/span><\/span> zgadzam si\u0119, \u017ce Wilhelm Sch\u00e4fer GmbH\/Heppenheim przetwarza podane przeze mnie dane osobowe, w celu informowania mnie o ofertach, us\u0142ugach i innowacjach za po\u015brednictwem poczty elektronicznej. Dane zostan\u0105 przes\u0142ane zgodnie z nasz\u0105 <a href=\"https:\/\/www.wschaefer.de\/pl\/oswiadczenie-o-ochronie-danych\/\" target=\"_blank\" style=\"color: #ad1123;\">deklaracj\u0105 o ochronie danych osobowych<\/a> i wy\u0142\u0105cznie w celu promowania w\u0142asnych produkt\u00f3w i us\u0142ug. Dane nie b\u0119d\u0105 przekazywane stronom trzecim.\n<\/p>\n<p><input class=\"wpcf7-form-control wpcf7-submit has-spinner\" type=\"submit\" value=\"Wys\u0142a\u0107\" \/>\n<\/p><input type='hidden' class='wpcf7-pum' value='{\"closepopup\":false,\"closedelay\":0,\"openpopup\":false,\"openpopup_id\":0}' \/><div class=\"wpcf7-response-output\" aria-hidden=\"true\"><\/div>\n<\/form>\n<\/div>\n\n<\/div><\/section><\/div>\n","protected":false},"excerpt":{"rendered":"","protected":false},"author":663,"featured_media":0,"parent":0,"menu_order":0,"comment_status":"closed","ping_status":"closed","template":"","meta":{"footnotes":""},"class_list":["post-4008","page","type-page","status-publish","hentry"],"yoast_head":"<!-- This site is optimized with the Yoast SEO plugin v27.2 - https:\/\/yoast.com\/product\/yoast-seo-wordpress\/ -->\n<title>Kontakt - Wilhelm Sch\u00e4fer GmbH<\/title>\n<meta name=\"robots\" content=\"index, follow, max-snippet:-1, max-image-preview:large, max-video-preview:-1\" \/>\n<link rel=\"canonical\" href=\"https:\/\/www.wschaefer.de\/pl\/kontakt-pl\/\" \/>\n<meta property=\"og:locale\" content=\"pl_PL\" \/>\n<meta property=\"og:type\" content=\"article\" \/>\n<meta property=\"og:title\" content=\"Kontakt - Wilhelm Sch\u00e4fer GmbH\" \/>\n<meta property=\"og:url\" content=\"https:\/\/www.wschaefer.de\/pl\/kontakt-pl\/\" \/>\n<meta property=\"og:site_name\" content=\"Wilhelm Sch\u00e4fer GmbH\" \/>\n<meta property=\"article:publisher\" content=\"https:\/\/www.facebook.com\/TakeuchiDeutschland\/\" \/>\n<meta property=\"article:modified_time\" content=\"2023-10-11T08:26:04+00:00\" \/>\n<meta name=\"twitter:card\" content=\"summary_large_image\" \/>\n<meta name=\"twitter:label1\" content=\"Szacowany czas czytania\" \/>\n\t<meta name=\"twitter:data1\" content=\"1 minuta\" \/>\n<script type=\"application\/ld+json\" class=\"yoast-schema-graph\">{\"@context\":\"https:\/\/schema.org\",\"@graph\":[{\"@type\":\"WebPage\",\"@id\":\"https:\/\/www.wschaefer.de\/pl\/kontakt-pl\/\",\"url\":\"https:\/\/www.wschaefer.de\/pl\/kontakt-pl\/\",\"name\":\"Kontakt - Wilhelm Sch\u00e4fer GmbH\",\"isPartOf\":{\"@id\":\"https:\/\/www.wschaefer.de\/#website\"},\"datePublished\":\"2015-10-09T11:32:50+00:00\",\"dateModified\":\"2023-10-11T08:26:04+00:00\",\"breadcrumb\":{\"@id\":\"https:\/\/www.wschaefer.de\/pl\/kontakt-pl\/#breadcrumb\"},\"inLanguage\":\"pl-PL\",\"potentialAction\":[{\"@type\":\"ReadAction\",\"target\":[\"https:\/\/www.wschaefer.de\/pl\/kontakt-pl\/\"]}]},{\"@type\":\"BreadcrumbList\",\"@id\":\"https:\/\/www.wschaefer.de\/pl\/kontakt-pl\/#breadcrumb\",\"itemListElement\":[{\"@type\":\"ListItem\",\"position\":1,\"name\":\"Startseite\",\"item\":\"https:\/\/www.wschaefer.de\/pl\/\"},{\"@type\":\"ListItem\",\"position\":2,\"name\":\"Kontakt\"}]},{\"@type\":\"WebSite\",\"@id\":\"https:\/\/www.wschaefer.de\/#website\",\"url\":\"https:\/\/www.wschaefer.de\/\",\"name\":\"Wilhelm Sch\u00e4fer GmbH\",\"description\":\"Baumaschinen von Takeuchi\",\"publisher\":{\"@id\":\"https:\/\/www.wschaefer.de\/#organization\"},\"potentialAction\":[{\"@type\":\"SearchAction\",\"target\":{\"@type\":\"EntryPoint\",\"urlTemplate\":\"https:\/\/www.wschaefer.de\/?s={search_term_string}\"},\"query-input\":{\"@type\":\"PropertyValueSpecification\",\"valueRequired\":true,\"valueName\":\"search_term_string\"}}],\"inLanguage\":\"pl-PL\"},{\"@type\":\"Organization\",\"@id\":\"https:\/\/www.wschaefer.de\/#organization\",\"name\":\"Wilhelm Sch\u00e4fer GmbH\",\"url\":\"https:\/\/www.wschaefer.de\/\",\"logo\":{\"@type\":\"ImageObject\",\"inLanguage\":\"pl-PL\",\"@id\":\"https:\/\/www.wschaefer.de\/#\/schema\/logo\/image\/\",\"url\":\"\",\"contentUrl\":\"\",\"caption\":\"Wilhelm Sch\u00e4fer GmbH\"},\"image\":{\"@id\":\"https:\/\/www.wschaefer.de\/#\/schema\/logo\/image\/\"},\"sameAs\":[\"https:\/\/www.facebook.com\/TakeuchiDeutschland\/\",\"https:\/\/www.youtube.com\/channel\/UCr2PIPiTyhAABg7xoTX3V2w\"]}]}<\/script>\n<!-- \/ Yoast SEO plugin. -->","yoast_head_json":{"title":"Kontakt - Wilhelm Sch\u00e4fer GmbH","robots":{"index":"index","follow":"follow","max-snippet":"max-snippet:-1","max-image-preview":"max-image-preview:large","max-video-preview":"max-video-preview:-1"},"canonical":"https:\/\/www.wschaefer.de\/pl\/kontakt-pl\/","og_locale":"pl_PL","og_type":"article","og_title":"Kontakt - Wilhelm Sch\u00e4fer GmbH","og_url":"https:\/\/www.wschaefer.de\/pl\/kontakt-pl\/","og_site_name":"Wilhelm Sch\u00e4fer GmbH","article_publisher":"https:\/\/www.facebook.com\/TakeuchiDeutschland\/","article_modified_time":"2023-10-11T08:26:04+00:00","twitter_card":"summary_large_image","twitter_misc":{"Szacowany czas czytania":"1 minuta"},"schema":{"@context":"https:\/\/schema.org","@graph":[{"@type":"WebPage","@id":"https:\/\/www.wschaefer.de\/pl\/kontakt-pl\/","url":"https:\/\/www.wschaefer.de\/pl\/kontakt-pl\/","name":"Kontakt - Wilhelm Sch\u00e4fer GmbH","isPartOf":{"@id":"https:\/\/www.wschaefer.de\/#website"},"datePublished":"2015-10-09T11:32:50+00:00","dateModified":"2023-10-11T08:26:04+00:00","breadcrumb":{"@id":"https:\/\/www.wschaefer.de\/pl\/kontakt-pl\/#breadcrumb"},"inLanguage":"pl-PL","potentialAction":[{"@type":"ReadAction","target":["https:\/\/www.wschaefer.de\/pl\/kontakt-pl\/"]}]},{"@type":"BreadcrumbList","@id":"https:\/\/www.wschaefer.de\/pl\/kontakt-pl\/#breadcrumb","itemListElement":[{"@type":"ListItem","position":1,"name":"Startseite","item":"https:\/\/www.wschaefer.de\/pl\/"},{"@type":"ListItem","position":2,"name":"Kontakt"}]},{"@type":"WebSite","@id":"https:\/\/www.wschaefer.de\/#website","url":"https:\/\/www.wschaefer.de\/","name":"Wilhelm Sch\u00e4fer GmbH","description":"Baumaschinen von Takeuchi","publisher":{"@id":"https:\/\/www.wschaefer.de\/#organization"},"potentialAction":[{"@type":"SearchAction","target":{"@type":"EntryPoint","urlTemplate":"https:\/\/www.wschaefer.de\/?s={search_term_string}"},"query-input":{"@type":"PropertyValueSpecification","valueRequired":true,"valueName":"search_term_string"}}],"inLanguage":"pl-PL"},{"@type":"Organization","@id":"https:\/\/www.wschaefer.de\/#organization","name":"Wilhelm Sch\u00e4fer GmbH","url":"https:\/\/www.wschaefer.de\/","logo":{"@type":"ImageObject","inLanguage":"pl-PL","@id":"https:\/\/www.wschaefer.de\/#\/schema\/logo\/image\/","url":"","contentUrl":"","caption":"Wilhelm Sch\u00e4fer GmbH"},"image":{"@id":"https:\/\/www.wschaefer.de\/#\/schema\/logo\/image\/"},"sameAs":["https:\/\/www.facebook.com\/TakeuchiDeutschland\/","https:\/\/www.youtube.com\/channel\/UCr2PIPiTyhAABg7xoTX3V2w"]}]}},"_links":{"self":[{"href":"https:\/\/www.wschaefer.de\/pl\/wp-json\/wp\/v2\/pages\/4008","targetHints":{"allow":["GET"]}}],"collection":[{"href":"https:\/\/www.wschaefer.de\/pl\/wp-json\/wp\/v2\/pages"}],"about":[{"href":"https:\/\/www.wschaefer.de\/pl\/wp-json\/wp\/v2\/types\/page"}],"author":[{"embeddable":true,"href":"https:\/\/www.wschaefer.de\/pl\/wp-json\/wp\/v2\/users\/663"}],"replies":[{"embeddable":true,"href":"https:\/\/www.wschaefer.de\/pl\/wp-json\/wp\/v2\/comments?post=4008"}],"version-history":[{"count":3,"href":"https:\/\/www.wschaefer.de\/pl\/wp-json\/wp\/v2\/pages\/4008\/revisions"}],"predecessor-version":[{"id":107869,"href":"https:\/\/www.wschaefer.de\/pl\/wp-json\/wp\/v2\/pages\/4008\/revisions\/107869"}],"wp:attachment":[{"href":"https:\/\/www.wschaefer.de\/pl\/wp-json\/wp\/v2\/media?parent=4008"}],"curies":[{"name":"wp","href":"https:\/\/api.w.org\/{rel}","templated":true}]}}