{"id":3911,"date":"2015-11-13T12:06:13","date_gmt":"2015-11-13T11:06:13","guid":{"rendered":"https:\/\/www.wschaefer.de\/pl\/?page_id=3911"},"modified":"2023-06-23T06:24:32","modified_gmt":"2023-06-23T04:24:32","slug":"firmie","status":"publish","type":"page","link":"https:\/\/www.wschaefer.de\/pl\/firmie\/","title":{"rendered":"Firmie"},"content":{"rendered":"<div class='flex_column av-lvmmwn-a86e6ea3699982fca253cc0a93ea630f av_one_full  avia-builder-el-0  el_before_av_heading  avia-builder-el-first  first flex_column_div '     ><style type=\"text\/css\" data-created_by=\"avia_inline_auto\" id=\"style-css-av-kln453-7b25c489318cbaca49fb08c138849d05\">\n#top .av-special-heading.av-kln453-7b25c489318cbaca49fb08c138849d05{\npadding-bottom:10px;\n}\nbody .av-special-heading.av-kln453-7b25c489318cbaca49fb08c138849d05 .av-special-heading-tag .heading-char{\nfont-size:25px;\n}\n.av-special-heading.av-kln453-7b25c489318cbaca49fb08c138849d05 .av-subheading{\nfont-size:15px;\n}\n<\/style>\n<div  class='av-special-heading av-kln453-7b25c489318cbaca49fb08c138849d05 av-special-heading-h1 blockquote modern-quote modern-centered  avia-builder-el-1  avia-builder-el-no-sibling  av-thin-font'><h1 class='av-special-heading-tag'  itemprop=\"headline\"  ><strong>Ponad 50 lat:<\/strong> jako\u015b\u0107 Sch\u00e4fer<\/h1><div class=\"special-heading-border\"><div class=\"special-heading-inner-border\"><\/div><\/div><\/div><\/div>\n\n<style type=\"text\/css\" data-created_by=\"avia_inline_auto\" id=\"style-css-av-jk7t1z-a090c8b271de6663a0aab06ccddd54a4\">\n#top .av-special-heading.av-jk7t1z-a090c8b271de6663a0aab06ccddd54a4{\npadding-bottom:10px;\n}\nbody .av-special-heading.av-jk7t1z-a090c8b271de6663a0aab06ccddd54a4 .av-special-heading-tag .heading-char{\nfont-size:25px;\n}\n.av-special-heading.av-jk7t1z-a090c8b271de6663a0aab06ccddd54a4 .av-subheading{\nfont-size:15px;\n}\n<\/style>\n<div  class='av-special-heading av-jk7t1z-a090c8b271de6663a0aab06ccddd54a4 av-special-heading-h3  avia-builder-el-2  el_after_av_one_full  el_before_av_textblock '><h3 class='av-special-heading-tag'  itemprop=\"headline\"  >Mocny team: Sch\u00e4fer oraz Takeuchi<\/h3><div class=\"special-heading-border\"><div class=\"special-heading-inner-border\"><\/div><\/div><\/div>\n<section  class='av_textblock_section av-hyr9gn-f758650480a215735912d080e31f316b'  itemscope=\"itemscope\" itemtype=\"https:\/\/schema.org\/CreativeWork\" ><div class='avia_textblock'  itemprop=\"text\" ><div class=\"entry-content\">\n<p>My z firmy Sch\u00e4fer jeste\u015bmy partenerem na kt\u00f3rym mo\u017cecie zawsze polega\u0107. Aby oferowa\u0107 Pa\u0144stwu zawsze jako\u015b\u0107 na wysokim poziomie wsp\u00f3\u0142pracujemy z Takeuchi. Nazwa, kt\u00f3ra stawia na \u015bwiecie standardy w segmencie koparek kompaktowych. Wieloletnia wsp\u00f3\u0142praca mi\u0119dzy Sch\u00e4fer i Takeuchi zapewnia Pa\u0144stwu wysoki \u201e Know how\u201c, wiele innowacji i wysok\u0105 jako\u015b\u0107. Oferujemy Pa\u0144stwu pasuj\u0105ce rozwi\u0105zanie!<\/p>\n<\/div>\n<\/div><\/section>\n\n<style type=\"text\/css\" data-created_by=\"avia_inline_auto\" id=\"style-css-av-fiue9z-cac64757f95223c0616e77238a5bb6f1\">\n#top .hr.hr-invisible.av-fiue9z-cac64757f95223c0616e77238a5bb6f1{\nheight:50px;\n}\n<\/style>\n<div  class='hr av-fiue9z-cac64757f95223c0616e77238a5bb6f1 hr-invisible  avia-builder-el-4  el_after_av_textblock  el_before_av_one_third '><span class='hr-inner '><span class=\"hr-inner-style\"><\/span><\/span><\/div>\n<div class='flex_column av-duv6sn-5d29bbdd6f765da4c019cd640def9caa av_one_third  avia-builder-el-5  el_after_av_hr  el_before_av_one_third  first flex_column_div '     ><article  class='iconbox iconbox_top av-cq2zuv-f345c7f74dd98ee5a9b2a69c6232156b  avia-builder-el-6  avia-builder-el-no-sibling  main_color'  itemscope=\"itemscope\" itemtype=\"https:\/\/schema.org\/CreativeWork\" ><div class=\"iconbox_content\"><header class=\"entry-content-header\"><div class=\"iconbox_icon heading-color\" aria-hidden='true' data-av_icon='\ue821' data-av_iconfont='entypo-fontello'><\/div><h3 class='iconbox_content_title '  itemprop=\"headline\" >O nas<\/h3><\/header><div class='iconbox_content_container '  itemprop=\"text\" ><p>Potrzebujesz produkt\u00f3w najwy\u017cszej jako\u015bci i\u00a0serwisu, na kt\u00f3rym zawsze mo\u017cesz polega\u0107? W takim razie firma Sch\u00e4fer jest dla Ciebie w\u0142a\u015bciwym miejscem. Zdecyduj si\u0119 na produkty skoncentrowane na potrzebach klienta, profesjonalne doradztwo i\u00a0zmotywowany zesp\u00f3\u0142. Dzi\u0119ki du\u017cej wiedzy zaoferujemy rozwi\u0105zanie pasuj\u0105ce do potrzeb i\u00a0w\u00a0ka\u017cdej chwili jeste\u015bmy do Twojej dyspozycji \u2013 tak\u017ce w\u00a0Polsce i\u00a0Bu\u0142garii posiadamy dystrybutor\u00f3w.<\/p>\n<\/div><\/div><footer class=\"entry-footer\"><\/footer><\/article><\/div>\n<div class='flex_column av-b99f2f-8f1d3e7c171c0696d9b8e71bf9ebe31b av_one_third  avia-builder-el-7  el_after_av_one_third  el_before_av_one_third  flex_column_div '     ><article  class='iconbox iconbox_top av-969fzr-2ce23aa24990fd5bda51e2494b97bf7a  avia-builder-el-8  avia-builder-el-no-sibling  main_color'  itemscope=\"itemscope\" itemtype=\"https:\/\/schema.org\/CreativeWork\" ><div class=\"iconbox_content\"><header class=\"entry-content-header\"><div class=\"iconbox_icon heading-color\" aria-hidden='true' data-av_icon='\ue841' data-av_iconfont='entypo-fontello'><\/div><h3 class='iconbox_content_title '  itemprop=\"headline\" >Innowacje<\/h3><\/header><div class='iconbox_content_container '  itemprop=\"text\" ><p>Zawsze na pulsie czasu i technicznie jeden krok dalej. Takeuchi skonstruowa\u0142 pierwsz\u0105 kopark\u0119 z obrotem o 360\u00b0 stopni \u2013 Sch\u00e4fer wprowadzi\u0142 na rynek Taklock i Powertilt. Innowacyjny team, kt\u00f3ry m\u00f3wi sam za siebie. Przy wszystkich ideach jeste\u015bcie Pa\u0144stwo jako nasz klient i wasze potrzeby na pierwszym miejscu. U nas decydujecie si\u0119 na trwa\u0142e, \u0142atwe w obs\u0142udze i bezpieczne produkty o najwy\u017cszej jako\u015bci.<\/p>\n<\/div><\/div><footer class=\"entry-footer\"><\/footer><\/article><\/div>\n<div class='flex_column av-rk0w7-4bc89d133a2a89a48245fd9b121b56f8 av_one_third  avia-builder-el-9  el_after_av_one_third  el_before_av_hr  flex_column_div '     ><article  class='iconbox iconbox_top av-5ggp7r-bf0f5c585ddf03185b48a85587374ef4  avia-builder-el-10  avia-builder-el-no-sibling  main_color'  itemscope=\"itemscope\" itemtype=\"https:\/\/schema.org\/CreativeWork\" ><div class=\"iconbox_content\"><header class=\"entry-content-header\"><div class=\"iconbox_icon heading-color\" aria-hidden='true' data-av_icon='\ue864' data-av_iconfont='entypo-fontello'><\/div><h3 class='iconbox_content_title '  itemprop=\"headline\" >Takeuchi<\/h3><\/header><div class='iconbox_content_container '  itemprop=\"text\" ><p>Niezawodne produkty, najlepszy serwis i zawsze innowacyjny: Takeuchi jest nie bez powodu jednym z lider\u00f3w rynkowych. Japo\u0144ski producent powsta\u0142 w roku 1963 z fabryk\u0105 w Nagano i skonstruowa\u0142 w 1971 pierwsz\u0105 na \u015bwiecie minikopark\u0119 z obrotem o 360\u00b0. W roku 1986 nast\u0105pi\u0142a konstrukcja pierwszej \u0142adowarki g\u0105sienicowej. Wa\u017cne, \u017ce przy wszystkich innowacjach potrzeby klienta s\u0105 na pierwszym miejscu. Przez ca\u0142o\u015bwiatow\u0105 sie\u0107 i du\u017cy magazyn cz\u0119\u015bci zamiennych jest Takeuchi zawsze gotowa do pracy.<\/p>\n<\/div><\/div><footer class=\"entry-footer\"><\/footer><\/article><\/div>\n\n<style type=\"text\/css\" data-created_by=\"avia_inline_auto\" id=\"style-css-av-3w8b4n-48461e264e196390a8e1d233a662cbde\">\n#top .hr.hr-invisible.av-3w8b4n-48461e264e196390a8e1d233a662cbde{\nheight:50px;\n}\n<\/style>\n<div  class='hr av-3w8b4n-48461e264e196390a8e1d233a662cbde hr-invisible  avia-builder-el-11  el_after_av_one_third  el_before_av_image '><span class='hr-inner '><span class=\"hr-inner-style\"><\/span><\/span><\/div>\n\n<style type=\"text\/css\" data-created_by=\"avia_inline_auto\" id=\"style-css-av-1u0mkn-fbacc215d32a767fbba34bf2a3c31332\">\n.avia-image-container.av-1u0mkn-fbacc215d32a767fbba34bf2a3c31332 img.avia_image{\nbox-shadow:none;\n}\n.avia-image-container.av-1u0mkn-fbacc215d32a767fbba34bf2a3c31332 .av-image-caption-overlay-center{\ncolor:#ffffff;\n}\n<\/style>\n<div  class='avia-image-container av-1u0mkn-fbacc215d32a767fbba34bf2a3c31332 av-styling- avia-align-  avia-builder-el-12  el_after_av_hr  avia-builder-el-last '   itemprop=\"image\" itemscope=\"itemscope\" itemtype=\"https:\/\/schema.org\/ImageObject\" ><div class=\"avia-image-container-inner\"><div class=\"avia-image-overlay-wrap\"><img decoding=\"async\" class='wp-image-8374 avia-img-lazy-loading-not-8374 avia_image ' src=\"https:\/\/www.wschaefer.de\/wp-content\/uploads\/2015\/12\/timeline_pl.jpg\" alt='Chronologia' title='Chronologia'  height=\"534\" width=\"1024\"  itemprop=\"thumbnailUrl\" srcset=\"https:\/\/www.wschaefer.de\/wp-content\/uploads\/2015\/12\/timeline_pl.jpg 1024w, https:\/\/www.wschaefer.de\/wp-content\/uploads\/2015\/12\/timeline_pl-300x156.jpg 300w, https:\/\/www.wschaefer.de\/wp-content\/uploads\/2015\/12\/timeline_pl-705x368.jpg 705w, https:\/\/www.wschaefer.de\/wp-content\/uploads\/2015\/12\/timeline_pl-450x235.jpg 450w\" sizes=\"(max-width: 1024px) 100vw, 1024px\" \/><\/div><\/div><\/div>\n","protected":false},"excerpt":{"rendered":"","protected":false},"author":1115,"featured_media":0,"parent":0,"menu_order":0,"comment_status":"closed","ping_status":"closed","template":"","meta":{"footnotes":""},"class_list":["post-3911","page","type-page","status-publish","hentry"],"yoast_head":"<!-- This site is optimized with the Yoast SEO plugin v27.2 - https:\/\/yoast.com\/product\/yoast-seo-wordpress\/ -->\n<title>Firmie - Wilhelm Sch\u00e4fer GmbH<\/title>\n<meta name=\"robots\" content=\"index, follow, max-snippet:-1, max-image-preview:large, max-video-preview:-1\" \/>\n<link rel=\"canonical\" href=\"https:\/\/www.wschaefer.de\/pl\/firmie\/\" \/>\n<meta property=\"og:locale\" content=\"pl_PL\" \/>\n<meta property=\"og:type\" content=\"article\" \/>\n<meta property=\"og:title\" content=\"Firmie - Wilhelm Sch\u00e4fer GmbH\" \/>\n<meta property=\"og:url\" content=\"https:\/\/www.wschaefer.de\/pl\/firmie\/\" \/>\n<meta property=\"og:site_name\" content=\"Wilhelm Sch\u00e4fer GmbH\" \/>\n<meta property=\"article:publisher\" content=\"https:\/\/www.facebook.com\/TakeuchiDeutschland\/\" \/>\n<meta property=\"article:modified_time\" content=\"2023-06-23T04:24:32+00:00\" \/>\n<meta name=\"twitter:card\" content=\"summary_large_image\" \/>\n<meta name=\"twitter:label1\" content=\"Szacowany czas czytania\" \/>\n\t<meta name=\"twitter:data1\" content=\"3 minuty\" \/>\n<script type=\"application\/ld+json\" class=\"yoast-schema-graph\">{\"@context\":\"https:\/\/schema.org\",\"@graph\":[{\"@type\":\"WebPage\",\"@id\":\"https:\/\/www.wschaefer.de\/pl\/firmie\/\",\"url\":\"https:\/\/www.wschaefer.de\/pl\/firmie\/\",\"name\":\"Firmie - Wilhelm Sch\u00e4fer GmbH\",\"isPartOf\":{\"@id\":\"https:\/\/www.wschaefer.de\/#website\"},\"datePublished\":\"2015-11-13T11:06:13+00:00\",\"dateModified\":\"2023-06-23T04:24:32+00:00\",\"breadcrumb\":{\"@id\":\"https:\/\/www.wschaefer.de\/pl\/firmie\/#breadcrumb\"},\"inLanguage\":\"pl-PL\",\"potentialAction\":[{\"@type\":\"ReadAction\",\"target\":[\"https:\/\/www.wschaefer.de\/pl\/firmie\/\"]}]},{\"@type\":\"BreadcrumbList\",\"@id\":\"https:\/\/www.wschaefer.de\/pl\/firmie\/#breadcrumb\",\"itemListElement\":[{\"@type\":\"ListItem\",\"position\":1,\"name\":\"Startseite\",\"item\":\"https:\/\/www.wschaefer.de\/pl\/\"},{\"@type\":\"ListItem\",\"position\":2,\"name\":\"Firmie\"}]},{\"@type\":\"WebSite\",\"@id\":\"https:\/\/www.wschaefer.de\/#website\",\"url\":\"https:\/\/www.wschaefer.de\/\",\"name\":\"Wilhelm Sch\u00e4fer GmbH\",\"description\":\"Baumaschinen von Takeuchi\",\"publisher\":{\"@id\":\"https:\/\/www.wschaefer.de\/#organization\"},\"potentialAction\":[{\"@type\":\"SearchAction\",\"target\":{\"@type\":\"EntryPoint\",\"urlTemplate\":\"https:\/\/www.wschaefer.de\/?s={search_term_string}\"},\"query-input\":{\"@type\":\"PropertyValueSpecification\",\"valueRequired\":true,\"valueName\":\"search_term_string\"}}],\"inLanguage\":\"pl-PL\"},{\"@type\":\"Organization\",\"@id\":\"https:\/\/www.wschaefer.de\/#organization\",\"name\":\"Wilhelm Sch\u00e4fer GmbH\",\"url\":\"https:\/\/www.wschaefer.de\/\",\"logo\":{\"@type\":\"ImageObject\",\"inLanguage\":\"pl-PL\",\"@id\":\"https:\/\/www.wschaefer.de\/#\/schema\/logo\/image\/\",\"url\":\"\",\"contentUrl\":\"\",\"caption\":\"Wilhelm Sch\u00e4fer GmbH\"},\"image\":{\"@id\":\"https:\/\/www.wschaefer.de\/#\/schema\/logo\/image\/\"},\"sameAs\":[\"https:\/\/www.facebook.com\/TakeuchiDeutschland\/\",\"https:\/\/www.youtube.com\/channel\/UCr2PIPiTyhAABg7xoTX3V2w\"]}]}<\/script>\n<!-- \/ Yoast SEO plugin. -->","yoast_head_json":{"title":"Firmie - Wilhelm Sch\u00e4fer GmbH","robots":{"index":"index","follow":"follow","max-snippet":"max-snippet:-1","max-image-preview":"max-image-preview:large","max-video-preview":"max-video-preview:-1"},"canonical":"https:\/\/www.wschaefer.de\/pl\/firmie\/","og_locale":"pl_PL","og_type":"article","og_title":"Firmie - Wilhelm Sch\u00e4fer GmbH","og_url":"https:\/\/www.wschaefer.de\/pl\/firmie\/","og_site_name":"Wilhelm Sch\u00e4fer GmbH","article_publisher":"https:\/\/www.facebook.com\/TakeuchiDeutschland\/","article_modified_time":"2023-06-23T04:24:32+00:00","twitter_card":"summary_large_image","twitter_misc":{"Szacowany czas czytania":"3 minuty"},"schema":{"@context":"https:\/\/schema.org","@graph":[{"@type":"WebPage","@id":"https:\/\/www.wschaefer.de\/pl\/firmie\/","url":"https:\/\/www.wschaefer.de\/pl\/firmie\/","name":"Firmie - Wilhelm Sch\u00e4fer GmbH","isPartOf":{"@id":"https:\/\/www.wschaefer.de\/#website"},"datePublished":"2015-11-13T11:06:13+00:00","dateModified":"2023-06-23T04:24:32+00:00","breadcrumb":{"@id":"https:\/\/www.wschaefer.de\/pl\/firmie\/#breadcrumb"},"inLanguage":"pl-PL","potentialAction":[{"@type":"ReadAction","target":["https:\/\/www.wschaefer.de\/pl\/firmie\/"]}]},{"@type":"BreadcrumbList","@id":"https:\/\/www.wschaefer.de\/pl\/firmie\/#breadcrumb","itemListElement":[{"@type":"ListItem","position":1,"name":"Startseite","item":"https:\/\/www.wschaefer.de\/pl\/"},{"@type":"ListItem","position":2,"name":"Firmie"}]},{"@type":"WebSite","@id":"https:\/\/www.wschaefer.de\/#website","url":"https:\/\/www.wschaefer.de\/","name":"Wilhelm Sch\u00e4fer GmbH","description":"Baumaschinen von Takeuchi","publisher":{"@id":"https:\/\/www.wschaefer.de\/#organization"},"potentialAction":[{"@type":"SearchAction","target":{"@type":"EntryPoint","urlTemplate":"https:\/\/www.wschaefer.de\/?s={search_term_string}"},"query-input":{"@type":"PropertyValueSpecification","valueRequired":true,"valueName":"search_term_string"}}],"inLanguage":"pl-PL"},{"@type":"Organization","@id":"https:\/\/www.wschaefer.de\/#organization","name":"Wilhelm Sch\u00e4fer GmbH","url":"https:\/\/www.wschaefer.de\/","logo":{"@type":"ImageObject","inLanguage":"pl-PL","@id":"https:\/\/www.wschaefer.de\/#\/schema\/logo\/image\/","url":"","contentUrl":"","caption":"Wilhelm Sch\u00e4fer GmbH"},"image":{"@id":"https:\/\/www.wschaefer.de\/#\/schema\/logo\/image\/"},"sameAs":["https:\/\/www.facebook.com\/TakeuchiDeutschland\/","https:\/\/www.youtube.com\/channel\/UCr2PIPiTyhAABg7xoTX3V2w"]}]}},"_links":{"self":[{"href":"https:\/\/www.wschaefer.de\/pl\/wp-json\/wp\/v2\/pages\/3911","targetHints":{"allow":["GET"]}}],"collection":[{"href":"https:\/\/www.wschaefer.de\/pl\/wp-json\/wp\/v2\/pages"}],"about":[{"href":"https:\/\/www.wschaefer.de\/pl\/wp-json\/wp\/v2\/types\/page"}],"author":[{"embeddable":true,"href":"https:\/\/www.wschaefer.de\/pl\/wp-json\/wp\/v2\/users\/1115"}],"replies":[{"embeddable":true,"href":"https:\/\/www.wschaefer.de\/pl\/wp-json\/wp\/v2\/comments?post=3911"}],"version-history":[{"count":2,"href":"https:\/\/www.wschaefer.de\/pl\/wp-json\/wp\/v2\/pages\/3911\/revisions"}],"predecessor-version":[{"id":99850,"href":"https:\/\/www.wschaefer.de\/pl\/wp-json\/wp\/v2\/pages\/3911\/revisions\/99850"}],"wp:attachment":[{"href":"https:\/\/www.wschaefer.de\/pl\/wp-json\/wp\/v2\/media?parent=3911"}],"curies":[{"name":"wp","href":"https:\/\/api.w.org\/{rel}","templated":true}]}}