{"id":3127,"date":"2015-10-14T11:49:29","date_gmt":"2015-10-14T09:49:29","guid":{"rendered":"https:\/\/www.wschaefer.de\/en\/impressum\/"},"modified":"2023-08-21T08:12:19","modified_gmt":"2023-08-21T06:12:19","slug":"publishers-details","status":"publish","type":"page","link":"https:\/\/www.wschaefer.de\/en\/publishers-details\/","title":{"rendered":"Publisher\u2019s details"},"content":{"rendered":"<p>Wilhelm Sch\u00e4fer GmbH<br \/>\nLise-Meitner-Stra\u00dfe 2<br \/>\nD-64646 Heppenheim, Germany<\/p>\n<p>Telefon: +49 (0) 6 252 93 81-0<br \/>\nFax: +49 (0) 6 252 93 81-19<\/p>\n<p>E-Mail: <a href=\"mailto:info@wschaefer.de\">info@wschaefer.de<\/a><\/p>\n<p>Managing Director: Franz Beckmann<br \/>\nRegister of Companies: Local court Darmstadt HRB 101544<br \/>\nVAT ID according to Art. 27a German Value-Added Tax Act DE 293031934<\/p>\n<p>Disclaimer:<br \/>\nDespite thoroughly checking the content of external links, we accept no responsibility for their content.<br \/>\nThe responsibility for the content of external links rests solely with the providers of the linked websites.<\/p>\n<h3>COMPLAINTS PROCEDURE ALTERNATIVE DISPUTE RESOLUTION ACCORDING TO ART. 14 (1) ODR REGULATION AND ART. 36 German Act on Alternative Dispute Resolution in Consumer Matters (VSBG):<\/h3>\n<p>The European Commission provides a platform for online dispute resolution (ODR), which can be found at: <a href=\"https:\/\/ec.europa.eu\/consumers\/odr\" target=\"_blank\" rel=\"noopener noreferrer\">https:\/\/ec.europa.eu\/consumers\/odr.<\/a> Wilhelm Sch\u00e4fer GmbH is under no obligation to participate in any dispute resolution in front of a consumer arbitration board and is not prepared to do so.<\/p>\n","protected":false},"excerpt":{"rendered":"<p>Wilhelm Sch\u00e4fer GmbH Lise-Meitner-Stra\u00dfe 2 D-64646 Heppenheim, Germany Telefon: +49 (0) 6 252 93 81-0 Fax: +49 (0) 6 252 93 81-19 E-Mail: info@wschaefer.de Managing Director: Franz Beckmann Register of Companies: Local court Darmstadt HRB 101544 VAT ID according to Art. 27a German Value-Added Tax Act DE 293031934 Disclaimer: Despite thoroughly checking the content of [&hellip;]<\/p>\n","protected":false},"author":4,"featured_media":0,"parent":0,"menu_order":0,"comment_status":"closed","ping_status":"closed","template":"","meta":{"footnotes":""},"class_list":["post-3127","page","type-page","status-publish","hentry"],"yoast_head":"<!-- This site is optimized with the Yoast SEO plugin v27.2 - https:\/\/yoast.com\/product\/yoast-seo-wordpress\/ -->\n<title>Publisher\u2019s details - Wilhelm Sch\u00e4fer GmbH<\/title>\n<meta name=\"robots\" content=\"index, follow, max-snippet:-1, max-image-preview:large, max-video-preview:-1\" \/>\n<link rel=\"canonical\" href=\"https:\/\/www.wschaefer.de\/en\/publishers-details\/\" \/>\n<meta property=\"og:locale\" content=\"en_US\" \/>\n<meta property=\"og:type\" content=\"article\" \/>\n<meta property=\"og:title\" content=\"Publisher\u2019s details - Wilhelm Sch\u00e4fer GmbH\" \/>\n<meta property=\"og:description\" content=\"Wilhelm Sch\u00e4fer GmbH Lise-Meitner-Stra\u00dfe 2 D-64646 Heppenheim, Germany Telefon: +49 (0) 6 252 93 81-0 Fax: +49 (0) 6 252 93 81-19 E-Mail: info@wschaefer.de Managing Director: Franz Beckmann Register of Companies: Local court Darmstadt HRB 101544 VAT ID according to Art. 27a German Value-Added Tax Act DE 293031934 Disclaimer: Despite thoroughly checking the content of [&hellip;]\" \/>\n<meta property=\"og:url\" content=\"https:\/\/www.wschaefer.de\/en\/publishers-details\/\" \/>\n<meta property=\"og:site_name\" content=\"Wilhelm Sch\u00e4fer GmbH\" \/>\n<meta property=\"article:publisher\" content=\"https:\/\/www.facebook.com\/TakeuchiDeutschland\/\" \/>\n<meta property=\"article:modified_time\" content=\"2023-08-21T06:12:19+00:00\" \/>\n<meta name=\"twitter:card\" content=\"summary_large_image\" \/>\n<meta name=\"twitter:label1\" content=\"Est. reading time\" \/>\n\t<meta name=\"twitter:data1\" content=\"1 minute\" \/>\n<script type=\"application\/ld+json\" class=\"yoast-schema-graph\">{\"@context\":\"https:\/\/schema.org\",\"@graph\":[{\"@type\":\"WebPage\",\"@id\":\"https:\/\/www.wschaefer.de\/en\/publishers-details\/\",\"url\":\"https:\/\/www.wschaefer.de\/en\/publishers-details\/\",\"name\":\"Publisher\u2019s details - Wilhelm Sch\u00e4fer GmbH\",\"isPartOf\":{\"@id\":\"https:\/\/www.wschaefer.de\/#website\"},\"datePublished\":\"2015-10-14T09:49:29+00:00\",\"dateModified\":\"2023-08-21T06:12:19+00:00\",\"breadcrumb\":{\"@id\":\"https:\/\/www.wschaefer.de\/en\/publishers-details\/#breadcrumb\"},\"inLanguage\":\"en-US\",\"potentialAction\":[{\"@type\":\"ReadAction\",\"target\":[\"https:\/\/www.wschaefer.de\/en\/publishers-details\/\"]}]},{\"@type\":\"BreadcrumbList\",\"@id\":\"https:\/\/www.wschaefer.de\/en\/publishers-details\/#breadcrumb\",\"itemListElement\":[{\"@type\":\"ListItem\",\"position\":1,\"name\":\"Startseite\",\"item\":\"https:\/\/www.wschaefer.de\/en\/\"},{\"@type\":\"ListItem\",\"position\":2,\"name\":\"Publisher\u2019s details\"}]},{\"@type\":\"WebSite\",\"@id\":\"https:\/\/www.wschaefer.de\/#website\",\"url\":\"https:\/\/www.wschaefer.de\/\",\"name\":\"Wilhelm Sch\u00e4fer GmbH\",\"description\":\"Baumaschinen von Takeuchi\",\"publisher\":{\"@id\":\"https:\/\/www.wschaefer.de\/#organization\"},\"potentialAction\":[{\"@type\":\"SearchAction\",\"target\":{\"@type\":\"EntryPoint\",\"urlTemplate\":\"https:\/\/www.wschaefer.de\/?s={search_term_string}\"},\"query-input\":{\"@type\":\"PropertyValueSpecification\",\"valueRequired\":true,\"valueName\":\"search_term_string\"}}],\"inLanguage\":\"en-US\"},{\"@type\":\"Organization\",\"@id\":\"https:\/\/www.wschaefer.de\/#organization\",\"name\":\"Wilhelm Sch\u00e4fer GmbH\",\"url\":\"https:\/\/www.wschaefer.de\/\",\"logo\":{\"@type\":\"ImageObject\",\"inLanguage\":\"en-US\",\"@id\":\"https:\/\/www.wschaefer.de\/#\/schema\/logo\/image\/\",\"url\":\"\",\"contentUrl\":\"\",\"caption\":\"Wilhelm Sch\u00e4fer GmbH\"},\"image\":{\"@id\":\"https:\/\/www.wschaefer.de\/#\/schema\/logo\/image\/\"},\"sameAs\":[\"https:\/\/www.facebook.com\/TakeuchiDeutschland\/\",\"https:\/\/www.youtube.com\/channel\/UCr2PIPiTyhAABg7xoTX3V2w\"]}]}<\/script>\n<!-- \/ Yoast SEO plugin. -->","yoast_head_json":{"title":"Publisher\u2019s details - Wilhelm Sch\u00e4fer GmbH","robots":{"index":"index","follow":"follow","max-snippet":"max-snippet:-1","max-image-preview":"max-image-preview:large","max-video-preview":"max-video-preview:-1"},"canonical":"https:\/\/www.wschaefer.de\/en\/publishers-details\/","og_locale":"en_US","og_type":"article","og_title":"Publisher\u2019s details - Wilhelm Sch\u00e4fer GmbH","og_description":"Wilhelm Sch\u00e4fer GmbH Lise-Meitner-Stra\u00dfe 2 D-64646 Heppenheim, Germany Telefon: +49 (0) 6 252 93 81-0 Fax: +49 (0) 6 252 93 81-19 E-Mail: info@wschaefer.de Managing Director: Franz Beckmann Register of Companies: Local court Darmstadt HRB 101544 VAT ID according to Art. 27a German Value-Added Tax Act DE 293031934 Disclaimer: Despite thoroughly checking the content of [&hellip;]","og_url":"https:\/\/www.wschaefer.de\/en\/publishers-details\/","og_site_name":"Wilhelm Sch\u00e4fer GmbH","article_publisher":"https:\/\/www.facebook.com\/TakeuchiDeutschland\/","article_modified_time":"2023-08-21T06:12:19+00:00","twitter_card":"summary_large_image","twitter_misc":{"Est. reading time":"1 minute"},"schema":{"@context":"https:\/\/schema.org","@graph":[{"@type":"WebPage","@id":"https:\/\/www.wschaefer.de\/en\/publishers-details\/","url":"https:\/\/www.wschaefer.de\/en\/publishers-details\/","name":"Publisher\u2019s details - Wilhelm Sch\u00e4fer GmbH","isPartOf":{"@id":"https:\/\/www.wschaefer.de\/#website"},"datePublished":"2015-10-14T09:49:29+00:00","dateModified":"2023-08-21T06:12:19+00:00","breadcrumb":{"@id":"https:\/\/www.wschaefer.de\/en\/publishers-details\/#breadcrumb"},"inLanguage":"en-US","potentialAction":[{"@type":"ReadAction","target":["https:\/\/www.wschaefer.de\/en\/publishers-details\/"]}]},{"@type":"BreadcrumbList","@id":"https:\/\/www.wschaefer.de\/en\/publishers-details\/#breadcrumb","itemListElement":[{"@type":"ListItem","position":1,"name":"Startseite","item":"https:\/\/www.wschaefer.de\/en\/"},{"@type":"ListItem","position":2,"name":"Publisher\u2019s details"}]},{"@type":"WebSite","@id":"https:\/\/www.wschaefer.de\/#website","url":"https:\/\/www.wschaefer.de\/","name":"Wilhelm Sch\u00e4fer GmbH","description":"Baumaschinen von Takeuchi","publisher":{"@id":"https:\/\/www.wschaefer.de\/#organization"},"potentialAction":[{"@type":"SearchAction","target":{"@type":"EntryPoint","urlTemplate":"https:\/\/www.wschaefer.de\/?s={search_term_string}"},"query-input":{"@type":"PropertyValueSpecification","valueRequired":true,"valueName":"search_term_string"}}],"inLanguage":"en-US"},{"@type":"Organization","@id":"https:\/\/www.wschaefer.de\/#organization","name":"Wilhelm Sch\u00e4fer GmbH","url":"https:\/\/www.wschaefer.de\/","logo":{"@type":"ImageObject","inLanguage":"en-US","@id":"https:\/\/www.wschaefer.de\/#\/schema\/logo\/image\/","url":"","contentUrl":"","caption":"Wilhelm Sch\u00e4fer GmbH"},"image":{"@id":"https:\/\/www.wschaefer.de\/#\/schema\/logo\/image\/"},"sameAs":["https:\/\/www.facebook.com\/TakeuchiDeutschland\/","https:\/\/www.youtube.com\/channel\/UCr2PIPiTyhAABg7xoTX3V2w"]}]}},"_links":{"self":[{"href":"https:\/\/www.wschaefer.de\/en\/wp-json\/wp\/v2\/pages\/3127","targetHints":{"allow":["GET"]}}],"collection":[{"href":"https:\/\/www.wschaefer.de\/en\/wp-json\/wp\/v2\/pages"}],"about":[{"href":"https:\/\/www.wschaefer.de\/en\/wp-json\/wp\/v2\/types\/page"}],"author":[{"embeddable":true,"href":"https:\/\/www.wschaefer.de\/en\/wp-json\/wp\/v2\/users\/4"}],"replies":[{"embeddable":true,"href":"https:\/\/www.wschaefer.de\/en\/wp-json\/wp\/v2\/comments?post=3127"}],"version-history":[{"count":5,"href":"https:\/\/www.wschaefer.de\/en\/wp-json\/wp\/v2\/pages\/3127\/revisions"}],"predecessor-version":[{"id":104042,"href":"https:\/\/www.wschaefer.de\/en\/wp-json\/wp\/v2\/pages\/3127\/revisions\/104042"}],"wp:attachment":[{"href":"https:\/\/www.wschaefer.de\/en\/wp-json\/wp\/v2\/media?parent=3127"}],"curies":[{"name":"wp","href":"https:\/\/api.w.org\/{rel}","templated":true}]}}